{"id":37479,"date":"2026-02-27T00:39:23","date_gmt":"2026-02-27T00:39:23","guid":{"rendered":"https:\/\/nordicmart.andreevmaster.com\/product\/feandrea-koiranpeti-70-cm-harmaa\/"},"modified":"2026-02-27T09:55:59","modified_gmt":"2026-02-27T09:55:59","slug":"feandrea-koiranpeti-70-cm-harmaa","status":"publish","type":"product","link":"https:\/\/nordicmart.andreevmaster.com\/fi\/tuote\/feandrea-koiranpeti-70-cm-harmaa\/","title":{"rendered":"Feandrea koiranpeti 70 cm harmaa"},"content":{"rendered":"<p>Aina vierell\u00e4si Miss\u00e4 lemmikkisi mieluiten nukkuvat, olohuoneessa vai makuuhuoneessa? Vai haluavatko ne vain rentoutua vierell\u00e4si? Aseta t\u00e4m\u00e4 uusi, k\u00e4ytt\u00e4m\u00e4tt\u00f6mill\u00e4 muistivaahtomuovihiukkasilla t\u00e4ytetty koiran tyyny ty\u00f6p\u00f6yd\u00e4n viereen, jotta lemmikkisi voi rentoutua mukavasti vieress\u00e4si, kun ty\u00f6skentelet. Laatu vai tyyli? T\u00e4m\u00e4 suloinen, donitsin muotoinen koiranpeti ei tee kompromisseja laadussa. Laadukas pehmolelu, uudet, k\u00e4ytt\u00e4m\u00e4tt\u00f6m\u00e4t muistivaahtomuovipalat, PP-pehmuste, luistamaton pohja, mukava ja kest\u00e4v\u00e4 \u2013 t\u00e4ll\u00e4 koiran sohvalla on monia etuja. Sen pohjassa on my\u00f6s vetoketju, joten voit helposti poistaa tyynyn pehmusteen keskelt\u00e4 ja puhdistaa loput osat.T\u00e4m\u00e4 s\u00e4nky sopii pienille ja keskikokoisille koirille tai kissoille ja on loistava lahja lemmikeillesi. Tuotetiedot: a- V\u00e4ri: Harmaa- Materiaali: Pehme\u00e4 kangas, PP-pehmuste, uudet, k\u00e4ytt\u00e4m\u00e4tt\u00f6m\u00e4t muistivaahtomuovipalat- Koko: 70 x 20 cm (\u00d8 x H) &#8211; Paino: 1,5 kg Toimitus sis\u00e4lt\u00e4\u00e4: &#8211; 1 x koiranpeti FEANDREA Huomautukset: &#8211; Ompelutuotteet voivat poiketa 2-3 cm ilmoittamistamme mitoista. Varmista ennen ostamista, ett\u00e4 tuotteen koko sopii lemmikillesi. &#8211; T\u00e4m\u00e4 tuote toimitetaan tyhji\u00f6pakkauksessa. Ravista sit\u00e4 avaamisen j\u00e4lkeen, jotta se saavuttaa t\u00e4yden koon. &#8211; Suosittelemme pesem\u00e4\u00e4n t\u00e4m\u00e4n tuotteen k\u00e4sin tai k\u00e4ytt\u00e4m\u00e4\u00e4n imuria ja kosteaa liinaa puhdistukseen. Ravista tuotetta puhdistuksen j\u00e4lkeen, jotta se palautuu alkuper\u00e4iseen tilaansa.<\/p>\n","protected":false},"excerpt":{"rendered":"<p>Feandrea koiranpeti, kissanpeti, pehme\u00e4 PV-samettipinta, 70 cm, harmaa PGW039G01<\/p>\n","protected":false},"featured_media":45359,"comment_status":"open","ping_status":"closed","template":"","meta":[],"product_brand":[],"product_cat":[32],"product_tag":[],"class_list":{"0":"post-37479","1":"product","2":"type-product","3":"status-publish","4":"has-post-thumbnail","6":"product_cat-uncategorized-fi","8":"first","9":"instock","10":"shipping-taxable","11":"purchasable","12":"product-type-simple"},"_links":{"self":[{"href":"https:\/\/nordicmart.andreevmaster.com\/fi\/wp-json\/wp\/v2\/product\/37479","targetHints":{"allow":["GET"]}}],"collection":[{"href":"https:\/\/nordicmart.andreevmaster.com\/fi\/wp-json\/wp\/v2\/product"}],"about":[{"href":"https:\/\/nordicmart.andreevmaster.com\/fi\/wp-json\/wp\/v2\/types\/product"}],"replies":[{"embeddable":true,"href":"https:\/\/nordicmart.andreevmaster.com\/fi\/wp-json\/wp\/v2\/comments?post=37479"}],"wp:featuredmedia":[{"embeddable":true,"href":"https:\/\/nordicmart.andreevmaster.com\/fi\/wp-json\/wp\/v2\/media\/45359"}],"wp:attachment":[{"href":"https:\/\/nordicmart.andreevmaster.com\/fi\/wp-json\/wp\/v2\/media?parent=37479"}],"wp:term":[{"taxonomy":"product_brand","embeddable":true,"href":"https:\/\/nordicmart.andreevmaster.com\/fi\/wp-json\/wp\/v2\/product_brand?post=37479"},{"taxonomy":"product_cat","embeddable":true,"href":"https:\/\/nordicmart.andreevmaster.com\/fi\/wp-json\/wp\/v2\/product_cat?post=37479"},{"taxonomy":"product_tag","embeddable":true,"href":"https:\/\/nordicmart.andreevmaster.com\/fi\/wp-json\/wp\/v2\/product_tag?post=37479"}],"curies":[{"name":"wp","href":"https:\/\/api.w.org\/{rel}","templated":true}]}}