{"id":37474,"date":"2026-02-27T00:39:22","date_gmt":"2026-02-27T00:39:22","guid":{"rendered":"https:\/\/nordicmart.andreevmaster.com\/product\/feandrea-koiranpeti-pehmea-pitka-plyysikangas-vaaleanpunainen\/"},"modified":"2026-02-27T09:55:58","modified_gmt":"2026-02-27T09:55:58","slug":"feandrea-koiranpeti-pehmea-pitka-plyysikangas-vaaleanpunainen","status":"publish","type":"product","link":"https:\/\/nordicmart.andreevmaster.com\/fi\/tuote\/feandrea-koiranpeti-pehmea-pitka-plyysikangas-vaaleanpunainen\/","title":{"rendered":"Feandrea koiranpeti, pehme\u00e4 pitk\u00e4 plyysikangas, vaaleanpunainen"},"content":{"rendered":"<p>Feandrea koiranpeti, kissanpeti, pehme\u00e4 muhkeaa kangasta, 60 cm, khaki PGW038S01<br \/>\nV\u00e4ri: vaaleanpunainen<br \/>\nMateriaali: pehmolelu, PP-t\u00e4yte<br \/>\nKoko: 60 x 20 cm (\u00d8 x K)<br \/>\nPaino: 1 kg<\/p>\n","protected":false},"excerpt":{"rendered":"<p>Feandrea koiranpeti, kissanpeti, pehme\u00e4 muhkeaa kangasta, 60 cm, khaki PGW038S01<\/p>\n","protected":false},"featured_media":45354,"comment_status":"open","ping_status":"closed","template":"","meta":[],"product_brand":[],"product_cat":[32],"product_tag":[],"class_list":{"0":"post-37474","1":"product","2":"type-product","3":"status-publish","4":"has-post-thumbnail","6":"product_cat-uncategorized-fi","8":"first","9":"instock","10":"shipping-taxable","11":"purchasable","12":"product-type-simple"},"_links":{"self":[{"href":"https:\/\/nordicmart.andreevmaster.com\/fi\/wp-json\/wp\/v2\/product\/37474","targetHints":{"allow":["GET"]}}],"collection":[{"href":"https:\/\/nordicmart.andreevmaster.com\/fi\/wp-json\/wp\/v2\/product"}],"about":[{"href":"https:\/\/nordicmart.andreevmaster.com\/fi\/wp-json\/wp\/v2\/types\/product"}],"replies":[{"embeddable":true,"href":"https:\/\/nordicmart.andreevmaster.com\/fi\/wp-json\/wp\/v2\/comments?post=37474"}],"wp:featuredmedia":[{"embeddable":true,"href":"https:\/\/nordicmart.andreevmaster.com\/fi\/wp-json\/wp\/v2\/media\/45354"}],"wp:attachment":[{"href":"https:\/\/nordicmart.andreevmaster.com\/fi\/wp-json\/wp\/v2\/media?parent=37474"}],"wp:term":[{"taxonomy":"product_brand","embeddable":true,"href":"https:\/\/nordicmart.andreevmaster.com\/fi\/wp-json\/wp\/v2\/product_brand?post=37474"},{"taxonomy":"product_cat","embeddable":true,"href":"https:\/\/nordicmart.andreevmaster.com\/fi\/wp-json\/wp\/v2\/product_cat?post=37474"},{"taxonomy":"product_tag","embeddable":true,"href":"https:\/\/nordicmart.andreevmaster.com\/fi\/wp-json\/wp\/v2\/product_tag?post=37474"}],"curies":[{"name":"wp","href":"https:\/\/api.w.org\/{rel}","templated":true}]}}