{"id":37472,"date":"2026-02-27T00:39:21","date_gmt":"2026-02-27T00:39:21","guid":{"rendered":"https:\/\/nordicmart.andreevmaster.com\/product\/feandrea-koiranpeti-pehmealla-paallysteella\/"},"modified":"2026-02-27T09:55:57","modified_gmt":"2026-02-27T09:55:57","slug":"feandrea-koiranpeti-pehmealla-paallysteella","status":"publish","type":"product","link":"https:\/\/nordicmart.andreevmaster.com\/fi\/tuote\/feandrea-koiranpeti-pehmealla-paallysteella\/","title":{"rendered":"Feandrea koiranpeti pehme\u00e4ll\u00e4 p\u00e4\u00e4llysteell\u00e4"},"content":{"rendered":"<p>Aina vierell\u00e4si Miss\u00e4 lemmikkisi mieluiten nukkuvat, olohuoneessa vai makuuhuoneessa? Vai haluavatko ne vain rentoutua vierell\u00e4si? Aseta t\u00e4m\u00e4 uusilla, k\u00e4ytt\u00e4m\u00e4tt\u00f6mill\u00e4 muistivaahtomuovihiukkasilla t\u00e4ytetty koiran tyyny ty\u00f6p\u00f6yd\u00e4n viereen, jotta lemmikkisi voi mukavasti loikoilla vierell\u00e4si, kun ty\u00f6skentelet. Laatu vai tyyli? T\u00e4m\u00e4 suloinen, donitsinmuotoinen koiranpeti ei tingi laadusta. Korkealaatuinen pehmuste, uudet, k\u00e4ytt\u00e4m\u00e4tt\u00f6m\u00e4t muistivaahtomuovipalat, PP-pehmuste, luistamaton pohja, mukava ja kest\u00e4v\u00e4 \u2013 t\u00e4ll\u00e4 koiranpetill\u00e4 on monia etuja. Sen pohjassa on vetoketju, joten voit helposti poistaa tyynyn pehmusteen keskelt\u00e4 ja puhdistaa loput osat. T\u00e4m\u00e4 s\u00e4nky sopii pienille ja keskikokoisille koirille tai kissoille ja on loistava lahja lemmikillesi. Tuotetiedot: &#8211; V\u00e4ri: harmaa &#8211; Materiaali: pehmustettu, PP-pehmuste, uudet, k\u00e4ytt\u00e4m\u00e4tt\u00f6m\u00e4t muistivaahtomuovihiukkaset &#8211; Koko: 60 x 20 cm (\u00d8 x H) &#8211; Paino: 1 kg Toimitus sis\u00e4lt\u00e4\u00e4: &#8211; 1 x koiranpeti FEANDREA Huomautukset: &#8211; Ompelutuotteiden mitat voivat poiketa 2-3 cm ilmoittamistamme mitoista. Varmista ennen ostamista, ett\u00e4 tuotteen koko sopii lemmikillesi. &#8211; T\u00e4m\u00e4 tuote toimitetaan tyhji\u00f6pakkauksessa. Ravista sit\u00e4 avaamisen j\u00e4lkeen, jotta se saavuttaa t\u00e4yden koon. &#8211; Suosittelemme pesem\u00e4\u00e4n t\u00e4m\u00e4n tuotteen k\u00e4sin tai k\u00e4ytt\u00e4m\u00e4\u00e4n imuria ja kosteaa liinaa puhdistukseen. Ravista tuotetta puhdistuksen j\u00e4lkeen, jotta se palautuu alkuper\u00e4iseen tilaansa.<\/p>\n","protected":false},"excerpt":{"rendered":"<p>Feandrea koiranpeti, kissanpeti, pehme\u00e4 muhkeaa kangasta, 60 cm, khaki PGW038S01<\/p>\n","protected":false},"featured_media":45352,"comment_status":"open","ping_status":"closed","template":"","meta":[],"product_brand":[],"product_cat":[32],"product_tag":[],"class_list":{"0":"post-37472","1":"product","2":"type-product","3":"status-publish","4":"has-post-thumbnail","6":"product_cat-uncategorized-fi","8":"first","9":"instock","10":"shipping-taxable","11":"purchasable","12":"product-type-simple"},"_links":{"self":[{"href":"https:\/\/nordicmart.andreevmaster.com\/fi\/wp-json\/wp\/v2\/product\/37472","targetHints":{"allow":["GET"]}}],"collection":[{"href":"https:\/\/nordicmart.andreevmaster.com\/fi\/wp-json\/wp\/v2\/product"}],"about":[{"href":"https:\/\/nordicmart.andreevmaster.com\/fi\/wp-json\/wp\/v2\/types\/product"}],"replies":[{"embeddable":true,"href":"https:\/\/nordicmart.andreevmaster.com\/fi\/wp-json\/wp\/v2\/comments?post=37472"}],"wp:featuredmedia":[{"embeddable":true,"href":"https:\/\/nordicmart.andreevmaster.com\/fi\/wp-json\/wp\/v2\/media\/45352"}],"wp:attachment":[{"href":"https:\/\/nordicmart.andreevmaster.com\/fi\/wp-json\/wp\/v2\/media?parent=37472"}],"wp:term":[{"taxonomy":"product_brand","embeddable":true,"href":"https:\/\/nordicmart.andreevmaster.com\/fi\/wp-json\/wp\/v2\/product_brand?post=37472"},{"taxonomy":"product_cat","embeddable":true,"href":"https:\/\/nordicmart.andreevmaster.com\/fi\/wp-json\/wp\/v2\/product_cat?post=37472"},{"taxonomy":"product_tag","embeddable":true,"href":"https:\/\/nordicmart.andreevmaster.com\/fi\/wp-json\/wp\/v2\/product_tag?post=37472"}],"curies":[{"name":"wp","href":"https:\/\/api.w.org\/{rel}","templated":true}]}}