{"id":37463,"date":"2026-02-27T00:39:18","date_gmt":"2026-02-27T00:39:18","guid":{"rendered":"https:\/\/nordicmart.andreevmaster.com\/product\/feandrea-koiranpeti-korkealla-reunalla-92-x-72-x-28-cm\/"},"modified":"2026-02-27T09:55:55","modified_gmt":"2026-02-27T09:55:55","slug":"feandrea-koiranpeti-korkealla-reunalla-92-x-72-x-28-cm","status":"publish","type":"product","link":"https:\/\/nordicmart.andreevmaster.com\/fi\/tuote\/feandrea-koiranpeti-korkealla-reunalla-92-x-72-x-28-cm\/","title":{"rendered":"Feandrea koiranpeti korkealla reunalla 92 x 72 x 28 cm"},"content":{"rendered":"<p>Hush, hush, koriin! T\u00e4m\u00e4 py\u00f6re\u00e4 koiranpeti tarjoaa nelijalkaisellesi kodikkaan paikan, jossa se voi lev\u00e4t\u00e4 ja nukkua. 92 x 72 x 28 cm kokoinen kori sopii erityisesti keskikokoisille ja suurille koiraroduille, kuten kultaisille noutajille, labradoreille tai bobtaileille. K\u00e4\u00e4nn\u00e4 ymp\u00e4ri, kiitos! Koiranpetiss\u00e4 on muutama pieni herkku: tyyny on irrotettava ja k\u00e4\u00e4nnett\u00e4v\u00e4, jotta koirasi voi k\u00e4perty\u00e4 joko keinokangasta tai pehmolelua vasten. Pehme\u00e4n tyynyn p\u00e4\u00e4llinen on my\u00f6s irrotettava, joten voit pest\u00e4 sen helposti pesukoneessa. Lis\u00e4ksi koiranpetiss\u00e4 on korkea reuna, joka ymp\u00e4r\u00f6i nelijalkaista turvallisesti. Tuotetiedot: &#8211; V\u00e4ri: ruskea &#8211; Materiaali: keinolinja, pehmolelu, PP-t\u00e4yte (polypropeeni) &#8211; Koko: 92 x 72 x 28 cm (P x L x K) &#8211; Paino: 1,7 kg Toimitus sis\u00e4lt\u00e4\u00e4: &#8211; 1 x koiranpeti<\/p>\n","protected":false},"excerpt":{"rendered":"<p>Feandrea koiranpeti, koiran kori, k\u00e4\u00e4nnett\u00e4v\u00e4 tyyny, 92 x 72 x 28 cm, ruskea PGW033K01<\/p>\n","protected":false},"featured_media":45343,"comment_status":"open","ping_status":"closed","template":"","meta":[],"product_brand":[],"product_cat":[32],"product_tag":[],"class_list":{"0":"post-37463","1":"product","2":"type-product","3":"status-publish","4":"has-post-thumbnail","6":"product_cat-uncategorized-fi","8":"first","9":"instock","10":"shipping-taxable","11":"purchasable","12":"product-type-simple"},"_links":{"self":[{"href":"https:\/\/nordicmart.andreevmaster.com\/fi\/wp-json\/wp\/v2\/product\/37463","targetHints":{"allow":["GET"]}}],"collection":[{"href":"https:\/\/nordicmart.andreevmaster.com\/fi\/wp-json\/wp\/v2\/product"}],"about":[{"href":"https:\/\/nordicmart.andreevmaster.com\/fi\/wp-json\/wp\/v2\/types\/product"}],"replies":[{"embeddable":true,"href":"https:\/\/nordicmart.andreevmaster.com\/fi\/wp-json\/wp\/v2\/comments?post=37463"}],"wp:featuredmedia":[{"embeddable":true,"href":"https:\/\/nordicmart.andreevmaster.com\/fi\/wp-json\/wp\/v2\/media\/45343"}],"wp:attachment":[{"href":"https:\/\/nordicmart.andreevmaster.com\/fi\/wp-json\/wp\/v2\/media?parent=37463"}],"wp:term":[{"taxonomy":"product_brand","embeddable":true,"href":"https:\/\/nordicmart.andreevmaster.com\/fi\/wp-json\/wp\/v2\/product_brand?post=37463"},{"taxonomy":"product_cat","embeddable":true,"href":"https:\/\/nordicmart.andreevmaster.com\/fi\/wp-json\/wp\/v2\/product_cat?post=37463"},{"taxonomy":"product_tag","embeddable":true,"href":"https:\/\/nordicmart.andreevmaster.com\/fi\/wp-json\/wp\/v2\/product_tag?post=37463"}],"curies":[{"name":"wp","href":"https:\/\/api.w.org\/{rel}","templated":true}]}}