{"id":37459,"date":"2026-02-27T00:39:17","date_gmt":"2026-02-27T00:39:17","guid":{"rendered":"https:\/\/nordicmart.andreevmaster.com\/product\/feandrea-koiranpeti-korotetuilla-reunoilla-120-x-90-x-30-cm-tummanharmaa\/"},"modified":"2026-02-27T09:55:54","modified_gmt":"2026-02-27T09:55:54","slug":"feandrea-koiranpeti-korotetuilla-reunoilla-120-x-90-x-30-cm-tummanharmaa","status":"publish","type":"product","link":"https:\/\/nordicmart.andreevmaster.com\/fi\/tuote\/feandrea-koiranpeti-korotetuilla-reunoilla-120-x-90-x-30-cm-tummanharmaa\/","title":{"rendered":"Feandrea koiranpeti korotetuilla reunoilla 120 x 90 x 30 cm tummanharmaa"},"content":{"rendered":"<p>Feandrea koiranpeti, koiran tyyny, koiran kori, irrotettava ja pest\u00e4v\u00e4 p\u00e4\u00e4llinen, suurille koirille, 110 x 75 x 27 cm, tummanharmaa PGW012G01<br \/>\nV\u00e4ri: tummanharmaa<br \/>\nMateriaali: keinolinja, pehmolelu, PP-pehmuste, liukumaton kangas<br \/>\nKoko: 120 x 90 x 30 cm (P x L x K)<br \/>\nPaino: 4,2 kg<\/p>\n","protected":false},"excerpt":{"rendered":"<p>Feandrea koiranpeti, koiran tyyny, koiran kori, irrotettava ja pest\u00e4v\u00e4 p\u00e4\u00e4llinen, suurille koirille, 110 x 75 x 27 cm, tummanharmaa PGW012G01<\/p>\n","protected":false},"featured_media":45339,"comment_status":"open","ping_status":"closed","template":"","meta":[],"product_brand":[],"product_cat":[32],"product_tag":[],"class_list":{"0":"post-37459","1":"product","2":"type-product","3":"status-publish","4":"has-post-thumbnail","6":"product_cat-uncategorized-fi","8":"first","9":"instock","10":"shipping-taxable","11":"purchasable","12":"product-type-simple"},"_links":{"self":[{"href":"https:\/\/nordicmart.andreevmaster.com\/fi\/wp-json\/wp\/v2\/product\/37459","targetHints":{"allow":["GET"]}}],"collection":[{"href":"https:\/\/nordicmart.andreevmaster.com\/fi\/wp-json\/wp\/v2\/product"}],"about":[{"href":"https:\/\/nordicmart.andreevmaster.com\/fi\/wp-json\/wp\/v2\/types\/product"}],"replies":[{"embeddable":true,"href":"https:\/\/nordicmart.andreevmaster.com\/fi\/wp-json\/wp\/v2\/comments?post=37459"}],"wp:featuredmedia":[{"embeddable":true,"href":"https:\/\/nordicmart.andreevmaster.com\/fi\/wp-json\/wp\/v2\/media\/45339"}],"wp:attachment":[{"href":"https:\/\/nordicmart.andreevmaster.com\/fi\/wp-json\/wp\/v2\/media?parent=37459"}],"wp:term":[{"taxonomy":"product_brand","embeddable":true,"href":"https:\/\/nordicmart.andreevmaster.com\/fi\/wp-json\/wp\/v2\/product_brand?post=37459"},{"taxonomy":"product_cat","embeddable":true,"href":"https:\/\/nordicmart.andreevmaster.com\/fi\/wp-json\/wp\/v2\/product_cat?post=37459"},{"taxonomy":"product_tag","embeddable":true,"href":"https:\/\/nordicmart.andreevmaster.com\/fi\/wp-json\/wp\/v2\/product_tag?post=37459"}],"curies":[{"name":"wp","href":"https:\/\/api.w.org\/{rel}","templated":true}]}}