{"id":37452,"date":"2026-02-27T00:39:14","date_gmt":"2026-02-27T00:39:14","guid":{"rendered":"https:\/\/nordicmart.andreevmaster.com\/product\/feandrea-koiranpeti-irrotettavalla-ja-pestavalla-paallisella-tummanharmaa\/"},"modified":"2026-02-27T09:55:52","modified_gmt":"2026-02-27T09:55:52","slug":"feandrea-koiranpeti-irrotettavalla-ja-pestavalla-paallisella-tummanharmaa","status":"publish","type":"product","link":"https:\/\/nordicmart.andreevmaster.com\/fi\/tuote\/feandrea-koiranpeti-irrotettavalla-ja-pestavalla-paallisella-tummanharmaa\/","title":{"rendered":"Feandrea-koiranpeti irrotettavalla ja pest\u00e4v\u00e4ll\u00e4 p\u00e4\u00e4llisell\u00e4, tummanharmaa"},"content":{"rendered":"<p>Feandrea koiranpeti, irrotettava p\u00e4\u00e4llinen, 70 x 55 x 21 cm, tummanharmaa PGW010G01<br \/>\nV\u00e4ri: tummanharmaa<br \/>\nMateriaali: keinolinja, pehmolelu, PP-pehmuste, liukumaton kangas<br \/>\nKoko: 60 x 50 x 21 cm (P x L x K)<br \/>\nPaino: 1,3 kg<\/p>\n","protected":false},"excerpt":{"rendered":"<p>Feandrea koiranpeti, irrotettava p\u00e4\u00e4llinen, 70 x 55 x 21 cm, tummanharmaa PGW010G01<\/p>\n","protected":false},"featured_media":45332,"comment_status":"open","ping_status":"closed","template":"","meta":[],"product_brand":[],"product_cat":[32],"product_tag":[],"class_list":{"0":"post-37452","1":"product","2":"type-product","3":"status-publish","4":"has-post-thumbnail","6":"product_cat-uncategorized-fi","8":"first","9":"instock","10":"shipping-taxable","11":"purchasable","12":"product-type-simple"},"_links":{"self":[{"href":"https:\/\/nordicmart.andreevmaster.com\/fi\/wp-json\/wp\/v2\/product\/37452","targetHints":{"allow":["GET"]}}],"collection":[{"href":"https:\/\/nordicmart.andreevmaster.com\/fi\/wp-json\/wp\/v2\/product"}],"about":[{"href":"https:\/\/nordicmart.andreevmaster.com\/fi\/wp-json\/wp\/v2\/types\/product"}],"replies":[{"embeddable":true,"href":"https:\/\/nordicmart.andreevmaster.com\/fi\/wp-json\/wp\/v2\/comments?post=37452"}],"wp:featuredmedia":[{"embeddable":true,"href":"https:\/\/nordicmart.andreevmaster.com\/fi\/wp-json\/wp\/v2\/media\/45332"}],"wp:attachment":[{"href":"https:\/\/nordicmart.andreevmaster.com\/fi\/wp-json\/wp\/v2\/media?parent=37452"}],"wp:term":[{"taxonomy":"product_brand","embeddable":true,"href":"https:\/\/nordicmart.andreevmaster.com\/fi\/wp-json\/wp\/v2\/product_brand?post=37452"},{"taxonomy":"product_cat","embeddable":true,"href":"https:\/\/nordicmart.andreevmaster.com\/fi\/wp-json\/wp\/v2\/product_cat?post=37452"},{"taxonomy":"product_tag","embeddable":true,"href":"https:\/\/nordicmart.andreevmaster.com\/fi\/wp-json\/wp\/v2\/product_tag?post=37452"}],"curies":[{"name":"wp","href":"https:\/\/api.w.org\/{rel}","templated":true}]}}