{"id":37447,"date":"2026-02-27T00:39:12","date_gmt":"2026-02-27T00:39:12","guid":{"rendered":"https:\/\/nordicmart.andreevmaster.com\/product\/feandrea-koiranhakki-enintaan-32-kg-2-ovea\/"},"modified":"2026-02-27T09:55:51","modified_gmt":"2026-02-27T09:55:51","slug":"feandrea-koiranhakki-enintaan-32-kg-2-ovea","status":"publish","type":"product","link":"https:\/\/nordicmart.andreevmaster.com\/fi\/tuote\/feandrea-koiranhakki-enintaan-32-kg-2-ovea\/","title":{"rendered":"Feandrea koiranh\u00e4kki enint\u00e4\u00e4n 32 kg, 2 ovea"},"content":{"rendered":"<p>Feandrea koirankoppi, sivup\u00f6yt\u00e4, koirankoppi, moderni koirankoppi sis\u00e4tiloihin koirille, joiden paino on enint\u00e4\u00e4n 32 kg, eritt\u00e4in kest\u00e4v\u00e4, suljettu pohja, koirankoppi 2 ovea<br \/>\nV\u00e4ri: harmaa-beige<br \/>\nMateriaali: lastulevy, ter\u00e4s<br \/>\nKokonaismitat: 98 x 65 x 69 cm (P x L x K)<br \/>\nSis\u00e4mitat: 90 x 57 x 63 cm (P x L x K)<br \/>\nPaino: 26,7 kg<br \/>\nPinnan maks. staattinen kantavuus: 100 kg<\/p>\n","protected":false},"excerpt":{"rendered":"<p>Feandrea koirankoppi, sivup\u00f6yt\u00e4, koirankoppi, moderni koirankoppi sis\u00e4tiloihin koirille, joiden paino on enint\u00e4\u00e4n 32 kg, eritt\u00e4in kest\u00e4v\u00e4, suljettu pohja, koirankoppi 2 ovea<\/p>\n","protected":false},"featured_media":45327,"comment_status":"open","ping_status":"closed","template":"","meta":[],"product_brand":[],"product_cat":[32],"product_tag":[],"class_list":{"0":"post-37447","1":"product","2":"type-product","3":"status-publish","4":"has-post-thumbnail","6":"product_cat-uncategorized-fi","8":"first","9":"instock","10":"shipping-taxable","11":"purchasable","12":"product-type-simple"},"_links":{"self":[{"href":"https:\/\/nordicmart.andreevmaster.com\/fi\/wp-json\/wp\/v2\/product\/37447","targetHints":{"allow":["GET"]}}],"collection":[{"href":"https:\/\/nordicmart.andreevmaster.com\/fi\/wp-json\/wp\/v2\/product"}],"about":[{"href":"https:\/\/nordicmart.andreevmaster.com\/fi\/wp-json\/wp\/v2\/types\/product"}],"replies":[{"embeddable":true,"href":"https:\/\/nordicmart.andreevmaster.com\/fi\/wp-json\/wp\/v2\/comments?post=37447"}],"wp:featuredmedia":[{"embeddable":true,"href":"https:\/\/nordicmart.andreevmaster.com\/fi\/wp-json\/wp\/v2\/media\/45327"}],"wp:attachment":[{"href":"https:\/\/nordicmart.andreevmaster.com\/fi\/wp-json\/wp\/v2\/media?parent=37447"}],"wp:term":[{"taxonomy":"product_brand","embeddable":true,"href":"https:\/\/nordicmart.andreevmaster.com\/fi\/wp-json\/wp\/v2\/product_brand?post=37447"},{"taxonomy":"product_cat","embeddable":true,"href":"https:\/\/nordicmart.andreevmaster.com\/fi\/wp-json\/wp\/v2\/product_cat?post=37447"},{"taxonomy":"product_tag","embeddable":true,"href":"https:\/\/nordicmart.andreevmaster.com\/fi\/wp-json\/wp\/v2\/product_tag?post=37447"}],"curies":[{"name":"wp","href":"https:\/\/api.w.org\/{rel}","templated":true}]}}