{"id":37441,"date":"2026-02-27T00:39:10","date_gmt":"2026-02-27T00:39:10","guid":{"rendered":"https:\/\/nordicmart.andreevmaster.com\/product\/feandrea-koirankoppi-irrotettavalla-tarjottimella-erittain-kestava\/"},"modified":"2026-02-27T09:55:49","modified_gmt":"2026-02-27T09:55:49","slug":"feandrea-koirankoppi-irrotettavalla-tarjottimella-erittain-kestava","status":"publish","type":"product","link":"https:\/\/nordicmart.andreevmaster.com\/fi\/tuote\/feandrea-koirankoppi-irrotettavalla-tarjottimella-erittain-kestava\/","title":{"rendered":"Feandrea koirankoppi irrotettavalla tarjottimella, eritt\u00e4in kest\u00e4v\u00e4"},"content":{"rendered":"<p>Feandrea koirankoppi, sivup\u00f6yt\u00e4, koirankoppi, moderni koirankoppi sis\u00e4tiloihin koirille, joiden paino on enint\u00e4\u00e4n 42 kg, eritt\u00e4in kest\u00e4v\u00e4, koirankoppi kotiin, irrotettava tarjotin, 2 ovea, vintage-ruskea PFC003X01<br \/>\nV\u00e4ri: greige<br \/>\nMateriaali: lastulevy, ter\u00e4s<br \/>\nKokonaismitat: 82,5 x 56 x 64 cm (P x L x K)<br \/>\nSis\u00e4mitat: 76 x 47 x 54 cm (P x L x K)<br \/>\nPaino: 18,5 kg<br \/>\nPinnan maks. staattinen kantavuus: 70 kg<\/p>\n","protected":false},"excerpt":{"rendered":"<p>Feandrea koirankoppi, sivup\u00f6yt\u00e4, koirankoppi, moderni koirankoppi sis\u00e4tiloihin koirille, joiden paino on enint\u00e4\u00e4n 42 kg, eritt\u00e4in kest\u00e4v\u00e4, koirankoppi kotiin, irrotettava tarjotin, 2 ovea, vintage-ruskea PFC003X01<\/p>\n","protected":false},"featured_media":45321,"comment_status":"open","ping_status":"closed","template":"","meta":[],"product_brand":[],"product_cat":[32],"product_tag":[],"class_list":{"0":"post-37441","1":"product","2":"type-product","3":"status-publish","4":"has-post-thumbnail","6":"product_cat-uncategorized-fi","8":"first","9":"instock","10":"shipping-taxable","11":"purchasable","12":"product-type-simple"},"_links":{"self":[{"href":"https:\/\/nordicmart.andreevmaster.com\/fi\/wp-json\/wp\/v2\/product\/37441","targetHints":{"allow":["GET"]}}],"collection":[{"href":"https:\/\/nordicmart.andreevmaster.com\/fi\/wp-json\/wp\/v2\/product"}],"about":[{"href":"https:\/\/nordicmart.andreevmaster.com\/fi\/wp-json\/wp\/v2\/types\/product"}],"replies":[{"embeddable":true,"href":"https:\/\/nordicmart.andreevmaster.com\/fi\/wp-json\/wp\/v2\/comments?post=37441"}],"wp:featuredmedia":[{"embeddable":true,"href":"https:\/\/nordicmart.andreevmaster.com\/fi\/wp-json\/wp\/v2\/media\/45321"}],"wp:attachment":[{"href":"https:\/\/nordicmart.andreevmaster.com\/fi\/wp-json\/wp\/v2\/media?parent=37441"}],"wp:term":[{"taxonomy":"product_brand","embeddable":true,"href":"https:\/\/nordicmart.andreevmaster.com\/fi\/wp-json\/wp\/v2\/product_brand?post=37441"},{"taxonomy":"product_cat","embeddable":true,"href":"https:\/\/nordicmart.andreevmaster.com\/fi\/wp-json\/wp\/v2\/product_cat?post=37441"},{"taxonomy":"product_tag","embeddable":true,"href":"https:\/\/nordicmart.andreevmaster.com\/fi\/wp-json\/wp\/v2\/product_tag?post=37441"}],"curies":[{"name":"wp","href":"https:\/\/api.w.org\/{rel}","templated":true}]}}