{"id":37437,"date":"2026-02-27T00:39:09","date_gmt":"2026-02-27T00:39:09","guid":{"rendered":"https:\/\/nordicmart.andreevmaster.com\/product\/feandrea-koiranpeite-takapenkille\/"},"modified":"2026-02-27T09:55:48","modified_gmt":"2026-02-27T09:55:48","slug":"feandrea-koiranpeite-takapenkille","status":"publish","type":"product","link":"https:\/\/nordicmart.andreevmaster.com\/fi\/tuote\/feandrea-koiranpeite-takapenkille\/","title":{"rendered":"Feandrea koiranpeite takapenkille"},"content":{"rendered":"<p>Likaiset tassut? \u00c4l\u00e4 huoli: haluaisit vied\u00e4 koirasi puistoon, mutta hylk\u00e4\u00e4t ajatuksen, koska se j\u00e4tt\u00e4\u00e4 yleens\u00e4 takapenkille koirankarvoja, likaisia tassunj\u00e4lki\u00e4 ja naarmuja? T\u00e4m\u00e4 koiranpeite suojaa takapenkki\u00e4 naarmuilta ja lialta. Se tekee sek\u00e4 sinut ett\u00e4 koirasi eritt\u00e4in onnelliseksi! Helppo asentaa, helppo puhdistaa: Ensinn\u00e4kin kahvan kaltainen kiinnike ty\u00f6nnet\u00e4\u00e4n istuintyynyn ja selk\u00e4nojan v\u00e4liin peitteen vakauttamiseksi. Kiinnit\u00e4 sitten hihnat p\u00e4\u00e4ntukiin ja s\u00e4\u00e4d\u00e4 ne ihanteelliseen pituuteen. Peit\u00e4 istuin puoliksi alareunaan asti. Valmis! Nyt voit kutsua koirasi kyytiin. Puhdista pinta ajon j\u00e4lkeen vain kostealla liinalla. Tuotetiedot: V\u00e4ri: musta Materiaali: Ulkopuoli 600D Oxford-kangas PVC-pinnoitteella, 80 g\/m\u00b2 PP-t\u00e4yte, sis\u00e4puoli 210D Oxford-kangas Koko: 142 x 125 cm (P x L) Paino: 1,1 kg Toimitus sis\u00e4lt\u00e4\u00e4: 1 x koiran peite takapenkille FEANDREA Huomautukset: Ei konepest\u00e4v\u00e4! Puhdista lika kostealla liinalla.<\/p>\n","protected":false},"excerpt":{"rendered":"<p>Feandrea koiranpeite takapenkille, auton peite, musta PDS049B01<\/p>\n","protected":false},"featured_media":45317,"comment_status":"open","ping_status":"closed","template":"","meta":[],"product_brand":[],"product_cat":[32],"product_tag":[],"class_list":{"0":"post-37437","1":"product","2":"type-product","3":"status-publish","4":"has-post-thumbnail","6":"product_cat-uncategorized-fi","8":"first","9":"instock","10":"shipping-taxable","11":"purchasable","12":"product-type-simple"},"_links":{"self":[{"href":"https:\/\/nordicmart.andreevmaster.com\/fi\/wp-json\/wp\/v2\/product\/37437","targetHints":{"allow":["GET"]}}],"collection":[{"href":"https:\/\/nordicmart.andreevmaster.com\/fi\/wp-json\/wp\/v2\/product"}],"about":[{"href":"https:\/\/nordicmart.andreevmaster.com\/fi\/wp-json\/wp\/v2\/types\/product"}],"replies":[{"embeddable":true,"href":"https:\/\/nordicmart.andreevmaster.com\/fi\/wp-json\/wp\/v2\/comments?post=37437"}],"wp:featuredmedia":[{"embeddable":true,"href":"https:\/\/nordicmart.andreevmaster.com\/fi\/wp-json\/wp\/v2\/media\/45317"}],"wp:attachment":[{"href":"https:\/\/nordicmart.andreevmaster.com\/fi\/wp-json\/wp\/v2\/media?parent=37437"}],"wp:term":[{"taxonomy":"product_brand","embeddable":true,"href":"https:\/\/nordicmart.andreevmaster.com\/fi\/wp-json\/wp\/v2\/product_brand?post=37437"},{"taxonomy":"product_cat","embeddable":true,"href":"https:\/\/nordicmart.andreevmaster.com\/fi\/wp-json\/wp\/v2\/product_cat?post=37437"},{"taxonomy":"product_tag","embeddable":true,"href":"https:\/\/nordicmart.andreevmaster.com\/fi\/wp-json\/wp\/v2\/product_tag?post=37437"}],"curies":[{"name":"wp","href":"https:\/\/api.w.org\/{rel}","templated":true}]}}