{"id":37436,"date":"2026-02-27T00:39:09","date_gmt":"2026-02-27T00:39:09","guid":{"rendered":"https:\/\/nordicmart.andreevmaster.com\/product\/feandrea-tavaratilan-suojus-repaisyluja-ja-vedenpitava\/"},"modified":"2026-02-27T09:55:48","modified_gmt":"2026-02-27T09:55:48","slug":"feandrea-tavaratilan-suojus-repaisyluja-ja-vedenpitava","status":"publish","type":"product","link":"https:\/\/nordicmart.andreevmaster.com\/fi\/tuote\/feandrea-tavaratilan-suojus-repaisyluja-ja-vedenpitava\/","title":{"rendered":"Feandrea tavaratilan suojus, rep\u00e4isyluja ja vedenpit\u00e4v\u00e4"},"content":{"rendered":"<p>Koira kyydiss\u00e4 Rakastat tietysti nelijalkaista yst\u00e4v\u00e4\u00e4si, mutta \u00e4rsytt\u00e4v\u00e4tk\u00f6 karvat, lika ja pienet naarmut autossasi? T\u00e4m\u00e4 FEANDREA-koiranpeite suojaa sek\u00e4 koiraasi ett\u00e4 tavaratilaasi. Sopiiko t\u00e4m\u00e4 koiranpeite autooni? Koiranpeitteen koko on 185 x 105 cm. Kiinnityshihnat ja -k\u00f6ydet ovat pituussuunnassa s\u00e4\u00e4dett\u00e4viss\u00e4. Siksi t\u00e4m\u00e4 tuote sopii l\u00e4hes kaikkiin tavallisiin henkil\u00f6autoihin ja maastoautoihin. Suojaako t\u00e4m\u00e4 peite autoni kaikilta likaantumisilta? Peitteess\u00e4 on vedenpit\u00e4v\u00e4 TPU-kalvo ja ultra\u00e4\u00e4nisaumat, joissa ei ole neulankoloja. N\u00e4in autosi on optimaalisesti suojattu koiran m\u00e4rilt\u00e4 tassuilta, mutalta, syljelt\u00e4 tai virtsalta. Tuotetiedot:- V\u00e4ri: musta &#8211; Materiaali: 600D Oxford-kangas, PP-t\u00e4yte, TPU-kalvo, PVC-luistamaton verkkokangas &#8211; Koko: 185 x 105 cm (P x L x K) &#8211; Paino: 1,8 kg Toimitus sis\u00e4lt\u00e4\u00e4: &#8211; 1 x koiran peite tavaratilaan FEANDREA Huomautukset: &#8211; Ei sovellu konepesuun!<\/p>\n","protected":false},"excerpt":{"rendered":"<p>Feandrea tavaratilan suojus, rep\u00e4isyluja, vedenpit\u00e4v\u00e4 koiranpeite autoon PDS02BK<\/p>\n","protected":false},"featured_media":45316,"comment_status":"open","ping_status":"closed","template":"","meta":[],"product_brand":[],"product_cat":[32],"product_tag":[],"class_list":{"0":"post-37436","1":"product","2":"type-product","3":"status-publish","4":"has-post-thumbnail","6":"product_cat-uncategorized-fi","8":"first","9":"instock","10":"shipping-taxable","11":"purchasable","12":"product-type-simple"},"_links":{"self":[{"href":"https:\/\/nordicmart.andreevmaster.com\/fi\/wp-json\/wp\/v2\/product\/37436","targetHints":{"allow":["GET"]}}],"collection":[{"href":"https:\/\/nordicmart.andreevmaster.com\/fi\/wp-json\/wp\/v2\/product"}],"about":[{"href":"https:\/\/nordicmart.andreevmaster.com\/fi\/wp-json\/wp\/v2\/types\/product"}],"replies":[{"embeddable":true,"href":"https:\/\/nordicmart.andreevmaster.com\/fi\/wp-json\/wp\/v2\/comments?post=37436"}],"wp:featuredmedia":[{"embeddable":true,"href":"https:\/\/nordicmart.andreevmaster.com\/fi\/wp-json\/wp\/v2\/media\/45316"}],"wp:attachment":[{"href":"https:\/\/nordicmart.andreevmaster.com\/fi\/wp-json\/wp\/v2\/media?parent=37436"}],"wp:term":[{"taxonomy":"product_brand","embeddable":true,"href":"https:\/\/nordicmart.andreevmaster.com\/fi\/wp-json\/wp\/v2\/product_brand?post=37436"},{"taxonomy":"product_cat","embeddable":true,"href":"https:\/\/nordicmart.andreevmaster.com\/fi\/wp-json\/wp\/v2\/product_cat?post=37436"},{"taxonomy":"product_tag","embeddable":true,"href":"https:\/\/nordicmart.andreevmaster.com\/fi\/wp-json\/wp\/v2\/product_tag?post=37436"}],"curies":[{"name":"wp","href":"https:\/\/api.w.org\/{rel}","templated":true}]}}