{"id":37435,"date":"2026-02-27T00:39:09","date_gmt":"2026-02-27T00:39:09","guid":{"rendered":"https:\/\/nordicmart.andreevmaster.com\/product\/kokoontaitettava-koira-allas-160-x-30-cm-o-x-h-2\/"},"modified":"2026-02-27T09:55:48","modified_gmt":"2026-02-27T09:55:48","slug":"kokoontaitettava-koira-allas-160-x-30-cm-o-x-h-2","status":"publish","type":"product","link":"https:\/\/nordicmart.andreevmaster.com\/fi\/tuote\/kokoontaitettava-koira-allas-160-x-30-cm-o-x-h-2\/","title":{"rendered":"Kokoontaitettava koira-allas 160 x 30 cm (\u00d8 x H)"},"content":{"rendered":"<p>Tuotetiedot: &#8211; V\u00e4ri: Sininen: Materiaali: PVC, polyesteri &#8211; Koko: 120 x 30 cm (\u00f8 x K) &#8211; Paino: 2,3 kg Toimituksen sis\u00e4lt\u00f6: &#8211; 1 x koira-allas &#8211; 1 x tarvikepakkaus &#8211; 1 x k\u00e4ytt\u00f6ohjeet FEANDREA Huomautuksia:- Tuote saattaa tuoksua &#8221;uudelta&#8221;, kun purat sen pakkauksesta. T\u00e4ss\u00e4 tapauksessa voit sijoittaa sen hyvin ilmastoituun huoneeseen, jolloin haju h\u00e4vi\u00e4\u00e4 lyhyen ajan kuluttua.<\/p>\n","protected":false},"excerpt":{"rendered":"<p>Tuotetiedot: &#8211; V\u00e4ri: Sininen: Materiaali: PVC, polyesteri &#8211; Koko: 120 x 30 cm (\u00f8 x K) &#8211; Paino: 2,3 kg Toimituksen sis\u00e4lt\u00f6: &#8211; 1 x koira-allas &#8211; 1 x tarvikepakkaus &#8211; 1 x k\u00e4ytt\u00f6ohjeet FEANDREA Huomautuksia:- Tuote saattaa tuoksua &#8221;uudelta&#8221;, kun purat sen pakkauksesta. T\u00e4ss\u00e4 tapauksessa voit sijoittaa sen hyvin ilmastoituun huoneeseen, jolloin haju h\u00e4vi\u00e4\u00e4 [&hellip;]<\/p>\n","protected":false},"featured_media":0,"comment_status":"open","ping_status":"closed","template":"","meta":[],"product_brand":[],"product_cat":[32],"product_tag":[],"class_list":{"0":"post-37435","1":"product","2":"type-product","3":"status-publish","5":"product_cat-uncategorized-fi","7":"first","8":"instock","9":"shipping-taxable","10":"purchasable","11":"product-type-simple"},"_links":{"self":[{"href":"https:\/\/nordicmart.andreevmaster.com\/fi\/wp-json\/wp\/v2\/product\/37435","targetHints":{"allow":["GET"]}}],"collection":[{"href":"https:\/\/nordicmart.andreevmaster.com\/fi\/wp-json\/wp\/v2\/product"}],"about":[{"href":"https:\/\/nordicmart.andreevmaster.com\/fi\/wp-json\/wp\/v2\/types\/product"}],"replies":[{"embeddable":true,"href":"https:\/\/nordicmart.andreevmaster.com\/fi\/wp-json\/wp\/v2\/comments?post=37435"}],"wp:attachment":[{"href":"https:\/\/nordicmart.andreevmaster.com\/fi\/wp-json\/wp\/v2\/media?parent=37435"}],"wp:term":[{"taxonomy":"product_brand","embeddable":true,"href":"https:\/\/nordicmart.andreevmaster.com\/fi\/wp-json\/wp\/v2\/product_brand?post=37435"},{"taxonomy":"product_cat","embeddable":true,"href":"https:\/\/nordicmart.andreevmaster.com\/fi\/wp-json\/wp\/v2\/product_cat?post=37435"},{"taxonomy":"product_tag","embeddable":true,"href":"https:\/\/nordicmart.andreevmaster.com\/fi\/wp-json\/wp\/v2\/product_tag?post=37435"}],"curies":[{"name":"wp","href":"https:\/\/api.w.org\/{rel}","templated":true}]}}