{"id":37423,"date":"2026-02-27T00:39:05","date_gmt":"2026-02-27T00:39:05","guid":{"rendered":"https:\/\/nordicmart.andreevmaster.com\/product\/feandrea-taitettava-koiran-kantolaukku-oxford-kankaasta\/"},"modified":"2026-02-27T09:55:44","modified_gmt":"2026-02-27T09:55:44","slug":"feandrea-taitettava-koiran-kantolaukku-oxford-kankaasta","status":"publish","type":"product","link":"https:\/\/nordicmart.andreevmaster.com\/fi\/tuote\/feandrea-taitettava-koiran-kantolaukku-oxford-kankaasta\/","title":{"rendered":"Feandrea Taitettava koiran kantolaukku Oxford-kankaasta"},"content":{"rendered":"<p>Minne ikin\u00e4 menetkin Aiotko matkustaa junalla M\u00fcnchenist\u00e4 Berliiniin tapaamaan perhett\u00e4 tai yst\u00e4vi\u00e4? Vai haluatko l\u00e4hte\u00e4 lomalle merenrantaan? Koirasi tai kissasi haluaisivat varmasti tulla mukaan, eik\u00f6 niin? Laita lemmikkisi t\u00e4h\u00e4n FEANDREA-kuljetuslaukkuun, tartu kahvoihin ja matka voi alkaa! Kaikki k\u00e4yt\u00e4nn\u00f6llisen koirankuljetuslaukun edut yhdell\u00e4 silm\u00e4yksell\u00e4: &#8211; Metallirunko; takaa vakaan rakenteen &#8211; Valmistettu Oxford-kankaasta; kest\u00e4v\u00e4 ja kulutusta kest\u00e4v\u00e4 &#8211; Sis\u00e4ll\u00e4 pehme\u00e4, irrotettava matto ja pohjassa on vett\u00e4 hylkiv\u00e4 PVC-pinnoite &#8211; 2 ylim\u00e4\u00e4r\u00e4ist\u00e4 pient\u00e4 vetoketjutaskua lemmikkien tarvikkeiden s\u00e4ilytt\u00e4miseen &#8211; Voidaan koota tai purkaa muutamassa minuutissa &#8211; Voidaan taittaa kasaan, kun sit\u00e4 ei k\u00e4ytet\u00e4, ja s\u00e4ilytt\u00e4\u00e4 tilaa s\u00e4\u00e4st\u00e4en nurkassa &#8211; Verkkoikkuna ja tilava sis\u00e4tila, jotta lemmikkisi voi olla mukavasti Tuotetiedot:- V\u00e4ri: tummansininen &#8211; Materiaali: metallirunko, Oxford-kangas, PVC-pinnoite, fleece &#8211; Koko: 81 x 58 x 58 cm (P x L x K) &#8211; Paino: 4,1 kg Toimitus sis\u00e4lt\u00e4\u00e4: &#8211; 1 x koiran kantolaukku FEANDREA Huomautukset: &#8211; Lemmikit saavat olla kantolaukussa vain ilman kaulapantaa ja talutushihnaa.- Mittaa lemmikkisi ennen t\u00e4m\u00e4n tuotteen tilaamista varmistaaksesi, ett\u00e4 se mahtuu laukkuun.<\/p>\n","protected":false},"excerpt":{"rendered":"<p>Feandrea koiran kantolaukku, kuljetuslaukku, 81 x 58 x 58 cm, tummansininen PDC80Z<\/p>\n","protected":false},"featured_media":45306,"comment_status":"open","ping_status":"closed","template":"","meta":[],"product_brand":[],"product_cat":[32],"product_tag":[],"class_list":{"0":"post-37423","1":"product","2":"type-product","3":"status-publish","4":"has-post-thumbnail","6":"product_cat-uncategorized-fi","8":"first","9":"instock","10":"shipping-taxable","11":"purchasable","12":"product-type-simple"},"_links":{"self":[{"href":"https:\/\/nordicmart.andreevmaster.com\/fi\/wp-json\/wp\/v2\/product\/37423","targetHints":{"allow":["GET"]}}],"collection":[{"href":"https:\/\/nordicmart.andreevmaster.com\/fi\/wp-json\/wp\/v2\/product"}],"about":[{"href":"https:\/\/nordicmart.andreevmaster.com\/fi\/wp-json\/wp\/v2\/types\/product"}],"replies":[{"embeddable":true,"href":"https:\/\/nordicmart.andreevmaster.com\/fi\/wp-json\/wp\/v2\/comments?post=37423"}],"wp:featuredmedia":[{"embeddable":true,"href":"https:\/\/nordicmart.andreevmaster.com\/fi\/wp-json\/wp\/v2\/media\/45306"}],"wp:attachment":[{"href":"https:\/\/nordicmart.andreevmaster.com\/fi\/wp-json\/wp\/v2\/media?parent=37423"}],"wp:term":[{"taxonomy":"product_brand","embeddable":true,"href":"https:\/\/nordicmart.andreevmaster.com\/fi\/wp-json\/wp\/v2\/product_brand?post=37423"},{"taxonomy":"product_cat","embeddable":true,"href":"https:\/\/nordicmart.andreevmaster.com\/fi\/wp-json\/wp\/v2\/product_cat?post=37423"},{"taxonomy":"product_tag","embeddable":true,"href":"https:\/\/nordicmart.andreevmaster.com\/fi\/wp-json\/wp\/v2\/product_tag?post=37423"}],"curies":[{"name":"wp","href":"https:\/\/api.w.org\/{rel}","templated":true}]}}