{"id":37421,"date":"2026-02-27T00:39:04","date_gmt":"2026-02-27T00:39:04","guid":{"rendered":"https:\/\/nordicmart.andreevmaster.com\/product\/feandrea-koirankoppa-taitettava-81-x-58-x-58-cm\/"},"modified":"2026-02-27T09:55:44","modified_gmt":"2026-02-27T09:55:44","slug":"feandrea-koirankoppa-taitettava-81-x-58-x-58-cm","status":"publish","type":"product","link":"https:\/\/nordicmart.andreevmaster.com\/fi\/tuote\/feandrea-koirankoppa-taitettava-81-x-58-x-58-cm\/","title":{"rendered":"Feandrea koirankoppa, taitettava, 81 x 58 x 58 cm"},"content":{"rendered":"<p>Minne ikin\u00e4 menetkin: matkustatko junalla M\u00fcnchenist\u00e4 Berliiniin tapaamaan perhett\u00e4 tai yst\u00e4vi\u00e4? Tai viet\u00e4tk\u00f6 lomasi mieluummin meren rannalla? Koirasi tai kissasi haluaisivat varmasti tulla mukaan, eik\u00f6 niin? Laita lemmikkisi t\u00e4h\u00e4n FEANDREA-kuljetuslaatikkoon, tartu kahvoihin ja matka voi alkaa! Kaikki k\u00e4yt\u00e4nn\u00f6llisen koiran kuljetuslaukun edut yhdell\u00e4 silm\u00e4yksell\u00e4: Metallirunko; takaa vakaan rakenteen Valmistettu Oxford-kankaasta; kest\u00e4v\u00e4 ja kulutusta kest\u00e4v\u00e4 Sis\u00e4ll\u00e4 on pehme\u00e4 matto, joka on irrotettavissa ja vedenpit\u00e4v\u00e4 PVC-pinnoite pohjassa. 2 ylim\u00e4\u00e4r\u00e4ist\u00e4 pient\u00e4 vetoketjullista taskua lemmikkien tarvikkeiden s\u00e4ilytt\u00e4miseen. Voidaan koota tai purkaa muutamassa minuutissa. Voidaan taittaa kasaan, kun sit\u00e4 ei k\u00e4ytet\u00e4, ja s\u00e4ilytt\u00e4\u00e4 tilaa s\u00e4\u00e4st\u00e4en nurkassa. Verkkomateriaaliset ikkunat ja tilava sis\u00e4tila, jotta lemmikkisi voi olla t\u00e4ysin mukavasti. Tuotetiedot:V\u00e4ri: musta Materiaali: metallirunko, Oxford-kangas, PVC-pinnoite, fleece Koko: 81 x 58 x 58 cm (P x L x K)Kokoontaitettuna: 81 x 58 x 8 cm (P x L x K) Paino: 4,1 kg Suositellaan koirille, joiden paino on 16\u201323 kg Toimitus sis\u00e4lt\u00e4\u00e4: 1 x koirankoppi FEANDREA Huomautukset: Vinkki oikean koirankopin valintaan: Anna koirasi seist\u00e4 pystyss\u00e4 ja mittaa sen pituus h\u00e4nn\u00e4n tyvest\u00e4 nen\u00e4\u00e4n; anna koiran istua pystyss\u00e4 ja mittaa sen korkeus p\u00e4\u00e4laelta lattiaan. Lis\u00e4\u00e4 sitten 10 cm mitattuun pituuteen ja korkeuteen, jotta voit valita koirallesi sopivat mitat. Lemmikit saavat olla koirankopissa vain ilman kaulapantaa ja talutushihnaa. Mittaa lemmikkisi ennen t\u00e4m\u00e4n tuotteen tilaamista varmistaaksesi, ett\u00e4 se mahtuu koirankoppiin.<\/p>\n","protected":false},"excerpt":{"rendered":"<p>Feandrea koiran kantolaukku, kuljetuslaukku, 81 x 58 x 58 cm, tummansininen PDC80Z<\/p>\n","protected":false},"featured_media":45304,"comment_status":"open","ping_status":"closed","template":"","meta":[],"product_brand":[],"product_cat":[32],"product_tag":[],"class_list":{"0":"post-37421","1":"product","2":"type-product","3":"status-publish","4":"has-post-thumbnail","6":"product_cat-uncategorized-fi","8":"first","9":"instock","10":"shipping-taxable","11":"purchasable","12":"product-type-simple"},"_links":{"self":[{"href":"https:\/\/nordicmart.andreevmaster.com\/fi\/wp-json\/wp\/v2\/product\/37421","targetHints":{"allow":["GET"]}}],"collection":[{"href":"https:\/\/nordicmart.andreevmaster.com\/fi\/wp-json\/wp\/v2\/product"}],"about":[{"href":"https:\/\/nordicmart.andreevmaster.com\/fi\/wp-json\/wp\/v2\/types\/product"}],"replies":[{"embeddable":true,"href":"https:\/\/nordicmart.andreevmaster.com\/fi\/wp-json\/wp\/v2\/comments?post=37421"}],"wp:featuredmedia":[{"embeddable":true,"href":"https:\/\/nordicmart.andreevmaster.com\/fi\/wp-json\/wp\/v2\/media\/45304"}],"wp:attachment":[{"href":"https:\/\/nordicmart.andreevmaster.com\/fi\/wp-json\/wp\/v2\/media?parent=37421"}],"wp:term":[{"taxonomy":"product_brand","embeddable":true,"href":"https:\/\/nordicmart.andreevmaster.com\/fi\/wp-json\/wp\/v2\/product_brand?post=37421"},{"taxonomy":"product_cat","embeddable":true,"href":"https:\/\/nordicmart.andreevmaster.com\/fi\/wp-json\/wp\/v2\/product_cat?post=37421"},{"taxonomy":"product_tag","embeddable":true,"href":"https:\/\/nordicmart.andreevmaster.com\/fi\/wp-json\/wp\/v2\/product_tag?post=37421"}],"curies":[{"name":"wp","href":"https:\/\/api.w.org\/{rel}","templated":true}]}}