{"id":37419,"date":"2026-02-27T00:39:03","date_gmt":"2026-02-27T00:39:03","guid":{"rendered":"https:\/\/nordicmart.andreevmaster.com\/product\/feandrea-lemmikkien-kuljetuskassi-beige-l\/"},"modified":"2026-02-27T09:55:44","modified_gmt":"2026-02-27T09:55:44","slug":"feandrea-lemmikkien-kuljetuskassi-beige-l","status":"publish","type":"product","link":"https:\/\/nordicmart.andreevmaster.com\/fi\/tuote\/feandrea-lemmikkien-kuljetuskassi-beige-l\/","title":{"rendered":"Feandrea lemmikkien kuljetuskassi Beige L"},"content":{"rendered":"<p>Kuinka mitataan koiran koko? Mittaa ensin seisova lemmikkisi lattiasta korvien k\u00e4rkiin, koirankopion tulisi olla 3\u20135 cm t\u00e4t\u00e4 lukua korkeampi. Mittaa sitten nelijalkainen lemmikkisi nen\u00e4n k\u00e4rjest\u00e4 takap\u00e4\u00e4h\u00e4n, koirankopion tulisi olla 10\u201313 cm t\u00e4t\u00e4 lukua pidempi.N\u00e4in l\u00f6yd\u00e4t koiran kuljetuslaatikon optimaalisen koon, jossa koira voi seist\u00e4 pystyss\u00e4, makuulla mukavasti ja ihannetapauksessa k\u00e4\u00e4nty\u00e4 ymp\u00e4ri. Tarvittaessa voit valita my\u00f6s suuremman koiran kuljetuslaatikon.\u3001Tuotetiedot:- Materiaali p\u00e4\u00e4llinen: 600 D Oxford-kangas, jossa on vedenpit\u00e4v\u00e4 PVC-pinnoite- Mitat: 70 x 52 x 52 cm (L x K x S) &#8211; Ovi edess\u00e4: 50 x 34 cm &#8211; Ovi sivussa: 35 x 33 cm &#8211; Ovi yl\u00e4osassa: 24 x 42 cm &#8211; V\u00e4ri: beige T\u00e4rke\u00e4\u00e4 tietoa: Jos suljet koirasi h\u00e4kkiin pitk\u00e4ksi aikaa ennen kuin se on tottunut siihen, se voi aiheuttaa koiralle ahdistusta ja hermostuneisuutta. Vaikka FEANDREA-koiran kuljetuslaatikon p\u00e4\u00e4llinen on valmistettu eritt\u00e4in kest\u00e4v\u00e4st\u00e4 Oxford-kankaasta, se ei kest\u00e4 ikuisesti repeytymist\u00e4, puremista ja naarmuuntumista. T\u00e4rkeint\u00e4 on, ett\u00e4 seuraat ja koulutat koiraasi, jotta se tottuu olemaan yksin laatikossa ja tuntee olonsa kotoisaksi siin\u00e4. Huomautukset: &#8211; Poista kaulapanta ennen kuin suljet koiran kuljetuslaatikkoon. Muuten on tukehtumisvaara! &#8211; Mittaa ennen ostamista huolellisesti lemmikkisi koko, rinnan ymp\u00e4rysmitta ja vy\u00f6t\u00e4r\u00f6n ymp\u00e4rysmitta, jotta v\u00e4lt\u00e4t mahdollisen liian pienen koon. Toimitus sis\u00e4lt\u00e4\u00e4: &#8211; 1 x kuljetuslaatikko &#8211; 1 x ohjeet (saksa, englanti, ranska, italia, espanja)<\/p>\n","protected":false},"excerpt":{"rendered":"<p>Feandrea koirankoppa, kuljetuskoppa autoon, koirankuljetuskoppa, taitettava kissankoppa Oxford-kankaasta, L, 70 x 52 x 52 cm, tummansininen PDC70Z<\/p>\n","protected":false},"featured_media":45302,"comment_status":"open","ping_status":"closed","template":"","meta":[],"product_brand":[],"product_cat":[32],"product_tag":[],"class_list":{"0":"post-37419","1":"product","2":"type-product","3":"status-publish","4":"has-post-thumbnail","6":"product_cat-uncategorized-fi","8":"first","9":"instock","10":"shipping-taxable","11":"purchasable","12":"product-type-simple"},"_links":{"self":[{"href":"https:\/\/nordicmart.andreevmaster.com\/fi\/wp-json\/wp\/v2\/product\/37419","targetHints":{"allow":["GET"]}}],"collection":[{"href":"https:\/\/nordicmart.andreevmaster.com\/fi\/wp-json\/wp\/v2\/product"}],"about":[{"href":"https:\/\/nordicmart.andreevmaster.com\/fi\/wp-json\/wp\/v2\/types\/product"}],"replies":[{"embeddable":true,"href":"https:\/\/nordicmart.andreevmaster.com\/fi\/wp-json\/wp\/v2\/comments?post=37419"}],"wp:featuredmedia":[{"embeddable":true,"href":"https:\/\/nordicmart.andreevmaster.com\/fi\/wp-json\/wp\/v2\/media\/45302"}],"wp:attachment":[{"href":"https:\/\/nordicmart.andreevmaster.com\/fi\/wp-json\/wp\/v2\/media?parent=37419"}],"wp:term":[{"taxonomy":"product_brand","embeddable":true,"href":"https:\/\/nordicmart.andreevmaster.com\/fi\/wp-json\/wp\/v2\/product_brand?post=37419"},{"taxonomy":"product_cat","embeddable":true,"href":"https:\/\/nordicmart.andreevmaster.com\/fi\/wp-json\/wp\/v2\/product_cat?post=37419"},{"taxonomy":"product_tag","embeddable":true,"href":"https:\/\/nordicmart.andreevmaster.com\/fi\/wp-json\/wp\/v2\/product_tag?post=37419"}],"curies":[{"name":"wp","href":"https:\/\/api.w.org\/{rel}","templated":true}]}}