{"id":37417,"date":"2026-02-27T00:39:03","date_gmt":"2026-02-27T00:39:03","guid":{"rendered":"https:\/\/nordicmart.andreevmaster.com\/product\/feandrea-kuljetuslaatikko-lemmikeille-harmaa\/"},"modified":"2026-02-27T09:55:43","modified_gmt":"2026-02-27T09:55:43","slug":"feandrea-kuljetuslaatikko-lemmikeille-harmaa","status":"publish","type":"product","link":"https:\/\/nordicmart.andreevmaster.com\/fi\/tuote\/feandrea-kuljetuslaatikko-lemmikeille-harmaa\/","title":{"rendered":"Feandrea kuljetuslaatikko lemmikeille, harmaa"},"content":{"rendered":"<p>N\u00e4in varmistat, ett\u00e4 kuljetuslaatikko sopii koirallesi Mittaa ensin et\u00e4isyys koirasi p\u00e4\u00e4n ja etujalkojen v\u00e4lill\u00e4. Kuljetuslaukun tulisi olla 3\u20135 cm mittaamaasi arvoa pidempi. Mittaa sitten et\u00e4isyys koirasi nen\u00e4n k\u00e4rjest\u00e4 takap\u00e4\u00e4h\u00e4n. Kotelon tulisi olla 10\u201313 cm pidempi, jotta koirallasi on tarpeeksi tilaa k\u00e4\u00e4nty\u00e4 tai nousta seisomaan. Voit my\u00f6s tilata viel\u00e4 suuremman kotelon, jos haluat. Tuotetiedot:- V\u00e4ri: harmaa &#8211; Materiaali: 600D Oxford-kangas, ter\u00e4s &#8211; Koko: 70 x 52 x 52 cm (P x L x K) &#8211; Paino: 3,9 kg Toimitus sis\u00e4lt\u00e4\u00e4: &#8211; 1 x koiran kuljetuslaukku FEANDREA Huomautukset: &#8211; Mittaa lemmikkisi ennen t\u00e4m\u00e4n tuotteen tilaamista varmistaaksesi, ett\u00e4 se mahtuu laukkuun.<\/p>\n","protected":false},"excerpt":{"rendered":"<p>Feandrea koirankoppa, kuljetuskoppa autoon, koirankuljetuskoppa, taitettava kissankoppa Oxford-kankaasta, L, 70 x 52 x 52 cm, tummansininen PDC70Z<\/p>\n","protected":false},"featured_media":45300,"comment_status":"open","ping_status":"closed","template":"","meta":[],"product_brand":[],"product_cat":[32],"product_tag":[],"class_list":{"0":"post-37417","1":"product","2":"type-product","3":"status-publish","4":"has-post-thumbnail","6":"product_cat-uncategorized-fi","8":"first","9":"instock","10":"shipping-taxable","11":"purchasable","12":"product-type-simple"},"_links":{"self":[{"href":"https:\/\/nordicmart.andreevmaster.com\/fi\/wp-json\/wp\/v2\/product\/37417","targetHints":{"allow":["GET"]}}],"collection":[{"href":"https:\/\/nordicmart.andreevmaster.com\/fi\/wp-json\/wp\/v2\/product"}],"about":[{"href":"https:\/\/nordicmart.andreevmaster.com\/fi\/wp-json\/wp\/v2\/types\/product"}],"replies":[{"embeddable":true,"href":"https:\/\/nordicmart.andreevmaster.com\/fi\/wp-json\/wp\/v2\/comments?post=37417"}],"wp:featuredmedia":[{"embeddable":true,"href":"https:\/\/nordicmart.andreevmaster.com\/fi\/wp-json\/wp\/v2\/media\/45300"}],"wp:attachment":[{"href":"https:\/\/nordicmart.andreevmaster.com\/fi\/wp-json\/wp\/v2\/media?parent=37417"}],"wp:term":[{"taxonomy":"product_brand","embeddable":true,"href":"https:\/\/nordicmart.andreevmaster.com\/fi\/wp-json\/wp\/v2\/product_brand?post=37417"},{"taxonomy":"product_cat","embeddable":true,"href":"https:\/\/nordicmart.andreevmaster.com\/fi\/wp-json\/wp\/v2\/product_cat?post=37417"},{"taxonomy":"product_tag","embeddable":true,"href":"https:\/\/nordicmart.andreevmaster.com\/fi\/wp-json\/wp\/v2\/product_tag?post=37417"}],"curies":[{"name":"wp","href":"https:\/\/api.w.org\/{rel}","templated":true}]}}