{"id":37416,"date":"2026-02-27T00:39:02","date_gmt":"2026-02-27T00:39:02","guid":{"rendered":"https:\/\/nordicmart.andreevmaster.com\/product\/feandrea-lemmikkien-kuljetuskassi-sininen-m\/"},"modified":"2026-02-27T09:55:43","modified_gmt":"2026-02-27T09:55:43","slug":"feandrea-lemmikkien-kuljetuskassi-sininen-m","status":"publish","type":"product","link":"https:\/\/nordicmart.andreevmaster.com\/fi\/tuote\/feandrea-lemmikkien-kuljetuskassi-sininen-m\/","title":{"rendered":"Feandrea lemmikkien kuljetuskassi, sininen, M"},"content":{"rendered":"<p>Tuotetiedot: &#8211; Mitat: 60 x 40 x 40 cm &#8211; Ovi edess\u00e4: 44 x 29 cm &#8211; Ovi sivussa: 27 x 30 cm &#8211; Ovi yl\u00e4osassa: 35 x 22 cm &#8211; V\u00e4ri: beige Toimitus sis\u00e4lt\u00e4\u00e4: &#8211; 1 x kuljetuslaatikko &#8211; 1 x ohjeet (saksa, englanti, ranska, italia, espanja) Huomautukset:- Poista koiran kaulapanta ennen kuin annat sen k\u00e4ytt\u00e4\u00e4 kuljetuslaatikkoa. Tukehtumisvaara! &#8211; Mittaa lemmikkisi ennen ostamista varmistaaksesi, ett\u00e4 t\u00e4m\u00e4 koirankoppa sopii sille. &#8211; Totuta koirasi hitaasti koirankoppiin. \u00c4l\u00e4 sulje sit\u00e4 aluksi pitk\u00e4ksi aikaa koppiin. Muuten koirasi saattaa reagoida raapimalla tai puremalla.<\/p>\n","protected":false},"excerpt":{"rendered":"<p>Feandrea koirankoppa, kuljetuskoppa autoon, koirankuljetuskoppa, taitettava kissankoppa Oxford-kankaasta, 60 x 40 x 40 cm, koko M, sininen PDC60Z<\/p>\n","protected":false},"featured_media":45299,"comment_status":"open","ping_status":"closed","template":"","meta":[],"product_brand":[],"product_cat":[32],"product_tag":[],"class_list":{"0":"post-37416","1":"product","2":"type-product","3":"status-publish","4":"has-post-thumbnail","6":"product_cat-uncategorized-fi","8":"first","9":"instock","10":"shipping-taxable","11":"purchasable","12":"product-type-simple"},"_links":{"self":[{"href":"https:\/\/nordicmart.andreevmaster.com\/fi\/wp-json\/wp\/v2\/product\/37416","targetHints":{"allow":["GET"]}}],"collection":[{"href":"https:\/\/nordicmart.andreevmaster.com\/fi\/wp-json\/wp\/v2\/product"}],"about":[{"href":"https:\/\/nordicmart.andreevmaster.com\/fi\/wp-json\/wp\/v2\/types\/product"}],"replies":[{"embeddable":true,"href":"https:\/\/nordicmart.andreevmaster.com\/fi\/wp-json\/wp\/v2\/comments?post=37416"}],"wp:featuredmedia":[{"embeddable":true,"href":"https:\/\/nordicmart.andreevmaster.com\/fi\/wp-json\/wp\/v2\/media\/45299"}],"wp:attachment":[{"href":"https:\/\/nordicmart.andreevmaster.com\/fi\/wp-json\/wp\/v2\/media?parent=37416"}],"wp:term":[{"taxonomy":"product_brand","embeddable":true,"href":"https:\/\/nordicmart.andreevmaster.com\/fi\/wp-json\/wp\/v2\/product_brand?post=37416"},{"taxonomy":"product_cat","embeddable":true,"href":"https:\/\/nordicmart.andreevmaster.com\/fi\/wp-json\/wp\/v2\/product_cat?post=37416"},{"taxonomy":"product_tag","embeddable":true,"href":"https:\/\/nordicmart.andreevmaster.com\/fi\/wp-json\/wp\/v2\/product_tag?post=37416"}],"curies":[{"name":"wp","href":"https:\/\/api.w.org\/{rel}","templated":true}]}}