{"id":37412,"date":"2026-02-27T00:39:01","date_gmt":"2026-02-27T00:39:01","guid":{"rendered":"https:\/\/nordicmart.andreevmaster.com\/product\/feandrea-koirankoppa-taitettava-50-x-35-x-35-cm\/"},"modified":"2026-02-27T09:55:42","modified_gmt":"2026-02-27T09:55:42","slug":"feandrea-koirankoppa-taitettava-50-x-35-x-35-cm","status":"publish","type":"product","link":"https:\/\/nordicmart.andreevmaster.com\/fi\/tuote\/feandrea-koirankoppa-taitettava-50-x-35-x-35-cm\/","title":{"rendered":"Feandrea koirankoppa, taitettava, 50 x 35 x 35 cm"},"content":{"rendered":"<p>Minne ikin\u00e4 menetkin Ajatko junalla M\u00fcnchenist\u00e4 Berliiniin tapaamaan perhett\u00e4 tai yst\u00e4vi\u00e4? Tai matkustatko lomalla mielell\u00e4si meren rannalle? Koirasi tai kissasi haluaisivat varmasti tulla mukaan, eik\u00f6 niin? Laita lemmikkisi t\u00e4h\u00e4n FEANDREA-kuljetuslaatikkoon, tartu kahvoihin ja matka voi alkaa! Kaikki k\u00e4yt\u00e4nn\u00f6llisen koirankoppa-laukun edut yhdell\u00e4 silm\u00e4yksell\u00e4: &#8211; Metallirunko; takaa vakaan rakenteen &#8211; Valmistettu Oxford-kankaasta; kest\u00e4v\u00e4 ja kulutusta kest\u00e4v\u00e4 &#8211; Sis\u00e4ll\u00e4 irrotettava pehme\u00e4 matto ja pohjassa vett\u00e4 hylkiv\u00e4 PVC-pinnoite &#8211; 2 ylim\u00e4\u00e4r\u00e4ist\u00e4 pient\u00e4 vetoketjullista lokeroa lemmikkien tarvikkeiden s\u00e4ilytt\u00e4miseen &#8211; Voidaan koota tai purkaa muutamassa minuutissa &#8211; Voidaan taittaa kasaan, kun sit\u00e4 ei k\u00e4ytet\u00e4, ja s\u00e4ilytt\u00e4\u00e4 tilaa s\u00e4\u00e4st\u00e4en nurkassa &#8211; Verkkoikkuna ja tilava sis\u00e4tila, jotta lemmikkisi voi olla mukavasti Tuotetiedot: &#8211; V\u00e4ri: beige &#8211; Materiaali: metallirunko, Oxford-kangas, PVC-pinnoite, fleece &#8211; Koko: 50 x 35 x 35 cm (P x L x K) &#8211; Koko taitettuna: 50 x 35 x 8 cm (P x L x K) &#8211; Paino: 2,2 kg &#8211; Suositellaan koirille ja kissoille, joiden paino on enint\u00e4\u00e4n 7 kg. Toimitus sis\u00e4lt\u00e4\u00e4: &#8211; 1 x koirankoppi FEANDREA Huomautukset: &#8211; Vinkki oikean koirankopin valintaan: Anna koirasi seist\u00e4 pystyss\u00e4 ja mittaa sen pituus h\u00e4nn\u00e4n tyvest\u00e4 nen\u00e4\u00e4n; anna koirasi istua pystyss\u00e4 ja mittaa sen korkeus p\u00e4\u00e4laelta lattiaan. Lis\u00e4\u00e4 sitten 10 cm mitattuun pituuteen ja korkeuteen, jotta voit valita koirallesi sopivat mitat. &#8211; Lemmikit saavat olla koirankopissa vain ilman kaulapantaa ja talutushihnaa. &#8211; Mittaa lemmikkisi ennen t\u00e4m\u00e4n tuotteen tilaamista varmistaaksesi, ett\u00e4 se mahtuu koirankoppiin.<\/p>\n","protected":false},"excerpt":{"rendered":"<p>Feandrea koirankoppi, kuljetuskoppi autoon, koirankuljetuskoppi, taitettava kissankoppi Oxford-kankaasta, S, 50 x 35 x 35 cm, musta PDC50H<\/p>\n","protected":false},"featured_media":45295,"comment_status":"open","ping_status":"closed","template":"","meta":[],"product_brand":[],"product_cat":[32],"product_tag":[],"class_list":{"0":"post-37412","1":"product","2":"type-product","3":"status-publish","4":"has-post-thumbnail","6":"product_cat-uncategorized-fi","8":"first","9":"instock","10":"shipping-taxable","11":"purchasable","12":"product-type-simple"},"_links":{"self":[{"href":"https:\/\/nordicmart.andreevmaster.com\/fi\/wp-json\/wp\/v2\/product\/37412","targetHints":{"allow":["GET"]}}],"collection":[{"href":"https:\/\/nordicmart.andreevmaster.com\/fi\/wp-json\/wp\/v2\/product"}],"about":[{"href":"https:\/\/nordicmart.andreevmaster.com\/fi\/wp-json\/wp\/v2\/types\/product"}],"replies":[{"embeddable":true,"href":"https:\/\/nordicmart.andreevmaster.com\/fi\/wp-json\/wp\/v2\/comments?post=37412"}],"wp:featuredmedia":[{"embeddable":true,"href":"https:\/\/nordicmart.andreevmaster.com\/fi\/wp-json\/wp\/v2\/media\/45295"}],"wp:attachment":[{"href":"https:\/\/nordicmart.andreevmaster.com\/fi\/wp-json\/wp\/v2\/media?parent=37412"}],"wp:term":[{"taxonomy":"product_brand","embeddable":true,"href":"https:\/\/nordicmart.andreevmaster.com\/fi\/wp-json\/wp\/v2\/product_brand?post=37412"},{"taxonomy":"product_cat","embeddable":true,"href":"https:\/\/nordicmart.andreevmaster.com\/fi\/wp-json\/wp\/v2\/product_cat?post=37412"},{"taxonomy":"product_tag","embeddable":true,"href":"https:\/\/nordicmart.andreevmaster.com\/fi\/wp-json\/wp\/v2\/product_tag?post=37412"}],"curies":[{"name":"wp","href":"https:\/\/api.w.org\/{rel}","templated":true}]}}