{"id":37408,"date":"2026-02-27T00:39:00","date_gmt":"2026-02-27T00:39:00","guid":{"rendered":"https:\/\/nordicmart.andreevmaster.com\/product\/feandrea-koiran-kantolaukku-tummanharmaa\/"},"modified":"2026-02-27T09:55:41","modified_gmt":"2026-02-27T09:55:41","slug":"feandrea-koiran-kantolaukku-tummanharmaa","status":"publish","type":"product","link":"https:\/\/nordicmart.andreevmaster.com\/fi\/tuote\/feandrea-koiran-kantolaukku-tummanharmaa\/","title":{"rendered":"Feandrea koiran kantolaukku tummanharmaa"},"content":{"rendered":"<p>T\u00e4m\u00e4 tyylik\u00e4s tummanharmaa 44 x 25 x 28 cm:n kuljetuskassi sopii pienille koiraroduille, kuten chihuahuoille tai k\u00e4\u00e4pi\u00f6pinsereille. Voit my\u00f6s ottaa burman- tai siamilaiskissasi mukaan matkalle mukavassa kuljetuslaatikossa. Kest\u00e4v\u00e4 laatikko kest\u00e4\u00e4 helposti jopa 7 kg:n painoiset lemmikit. Kaikki k\u00e4yt\u00e4nn\u00f6llisen koirankuljetuslaukun edut yhdell\u00e4 silm\u00e4yksell\u00e4: &#8211; Runko tukevista lasikuitutangoista, jotka est\u00e4v\u00e4t laukun puristumisen &#8211; Kaksi sivussa olevaa aukkoa ja yksi yl\u00e4osassa oleva aukko helpottavat sis\u00e4\u00e4n- ja ulosk\u00e4ynti\u00e4 &#8211; Erityisen kevyt (vain 1,1 kg); helppo kuljettaa &#8211; Fleece-matto ja verkkokangasikkuna, jotta lemmikkisi voi olla t\u00e4ysin mukavasti &#8211; Lis\u00e4taskut lemmikkien tarvikkeiden s\u00e4ilytt\u00e4miseen &#8211; Valmistettu kest\u00e4v\u00e4st\u00e4 polyesterist\u00e4; pest\u00e4v\u00e4 Ota lemmikkisi mukaan matkalle Haluatko vierailla perheen luona ja matkustaa junalla M\u00fcnchenist\u00e4 Berliiniin? Vai haluatko vied\u00e4 lemmikkisi autolla el\u00e4inl\u00e4\u00e4k\u00e4riin? Laita lemmikkisi t\u00e4h\u00e4n tummanharmaaseen kuljetuslaukkuun, tartu kahvoista tai ripusta kantohihna olkap\u00e4\u00e4lle ja matka voi alkaa! Tuotetiedot: &#8211; V\u00e4ri: tummanharmaa &#8211; Materiaali: 600D polyesteri &#8211; Koko: 44 x 25 x 28 cm (P x L x K) &#8211; Paino: 1,1 kg &#8211; Maks. kantavuus: 7 kgToimitus sis\u00e4lt\u00e4\u00e4: &#8211; 1 x koiran kantolaukku<\/p>\n","protected":false},"excerpt":{"rendered":"<p>Feandrea koiran laukku, kuljetuslaukku lemmikeille, tummanharmaa PDC44GY<\/p>\n","protected":false},"featured_media":45291,"comment_status":"open","ping_status":"closed","template":"","meta":[],"product_brand":[],"product_cat":[32],"product_tag":[],"class_list":{"0":"post-37408","1":"product","2":"type-product","3":"status-publish","4":"has-post-thumbnail","6":"product_cat-uncategorized-fi","8":"first","9":"instock","10":"shipping-taxable","11":"purchasable","12":"product-type-simple"},"_links":{"self":[{"href":"https:\/\/nordicmart.andreevmaster.com\/fi\/wp-json\/wp\/v2\/product\/37408","targetHints":{"allow":["GET"]}}],"collection":[{"href":"https:\/\/nordicmart.andreevmaster.com\/fi\/wp-json\/wp\/v2\/product"}],"about":[{"href":"https:\/\/nordicmart.andreevmaster.com\/fi\/wp-json\/wp\/v2\/types\/product"}],"replies":[{"embeddable":true,"href":"https:\/\/nordicmart.andreevmaster.com\/fi\/wp-json\/wp\/v2\/comments?post=37408"}],"wp:featuredmedia":[{"embeddable":true,"href":"https:\/\/nordicmart.andreevmaster.com\/fi\/wp-json\/wp\/v2\/media\/45291"}],"wp:attachment":[{"href":"https:\/\/nordicmart.andreevmaster.com\/fi\/wp-json\/wp\/v2\/media?parent=37408"}],"wp:term":[{"taxonomy":"product_brand","embeddable":true,"href":"https:\/\/nordicmart.andreevmaster.com\/fi\/wp-json\/wp\/v2\/product_brand?post=37408"},{"taxonomy":"product_cat","embeddable":true,"href":"https:\/\/nordicmart.andreevmaster.com\/fi\/wp-json\/wp\/v2\/product_cat?post=37408"},{"taxonomy":"product_tag","embeddable":true,"href":"https:\/\/nordicmart.andreevmaster.com\/fi\/wp-json\/wp\/v2\/product_tag?post=37408"}],"curies":[{"name":"wp","href":"https:\/\/api.w.org\/{rel}","templated":true}]}}