{"id":37389,"date":"2026-02-27T00:38:53","date_gmt":"2026-02-27T00:38:53","guid":{"rendered":"https:\/\/nordicmart.andreevmaster.com\/product\/feandrea-koiranpentujen-ulkoiluteline-112-x-112-x-76-cm-sivutaskulla-kyyhkynharmaa-liuskekivi\/"},"modified":"2026-02-27T09:55:36","modified_gmt":"2026-02-27T09:55:36","slug":"feandrea-koiranpentujen-ulkoiluteline-112-x-112-x-76-cm-sivutaskulla-kyyhkynharmaa-liuskekivi","status":"publish","type":"product","link":"https:\/\/nordicmart.andreevmaster.com\/fi\/tuote\/feandrea-koiranpentujen-ulkoiluteline-112-x-112-x-76-cm-sivutaskulla-kyyhkynharmaa-liuskekivi\/","title":{"rendered":"Feandrea koiranpentujen ulkoiluteline 112 x 112 x 76 cm, sivutaskulla, kyyhkynharmaa-liuskekivi"},"content":{"rendered":"<p>Feandrea Pentujen ulkoilutush\u00e4kki Oxford-kangas, kahdeksankulmainen pentujen ulkoilutush\u00e4kki, koiranh\u00e4kki M, 72 x 72 x 43 cm, PVC-putkikehys, hengitt\u00e4v\u00e4 verkko, sivutaskulla, tummanharmaa-vaaleanharmaa PDC002G01<br \/>\nV\u00e4ri: kyyhkynharmaa-liuskekivi<br \/>\nMateriaali: PVC-putket, Oxford-kangas<br \/>\nKoko: 112 x 112 x 76 cm (P x L x K)<br \/>\nPaino: 3,8 kg<br \/>\nSuositellaan koirille, joiden paino on enint\u00e4\u00e4n 42 kg<\/p>\n","protected":false},"excerpt":{"rendered":"<p>Feandrea Pentujen ulkoilutush\u00e4kki Oxford-kangas, kahdeksankulmainen pentujen ulkoilutush\u00e4kki, koiranh\u00e4kki M, 72 x 72 x 43 cm, PVC-putkikehys, hengitt\u00e4v\u00e4 verkko, sivutaskulla, tummanharmaa-vaaleanharmaa PDC002G01<\/p>\n","protected":false},"featured_media":45272,"comment_status":"open","ping_status":"closed","template":"","meta":[],"product_brand":[],"product_cat":[32],"product_tag":[],"class_list":{"0":"post-37389","1":"product","2":"type-product","3":"status-publish","4":"has-post-thumbnail","6":"product_cat-uncategorized-fi","8":"first","9":"instock","10":"shipping-taxable","11":"purchasable","12":"product-type-simple"},"_links":{"self":[{"href":"https:\/\/nordicmart.andreevmaster.com\/fi\/wp-json\/wp\/v2\/product\/37389","targetHints":{"allow":["GET"]}}],"collection":[{"href":"https:\/\/nordicmart.andreevmaster.com\/fi\/wp-json\/wp\/v2\/product"}],"about":[{"href":"https:\/\/nordicmart.andreevmaster.com\/fi\/wp-json\/wp\/v2\/types\/product"}],"replies":[{"embeddable":true,"href":"https:\/\/nordicmart.andreevmaster.com\/fi\/wp-json\/wp\/v2\/comments?post=37389"}],"wp:featuredmedia":[{"embeddable":true,"href":"https:\/\/nordicmart.andreevmaster.com\/fi\/wp-json\/wp\/v2\/media\/45272"}],"wp:attachment":[{"href":"https:\/\/nordicmart.andreevmaster.com\/fi\/wp-json\/wp\/v2\/media?parent=37389"}],"wp:term":[{"taxonomy":"product_brand","embeddable":true,"href":"https:\/\/nordicmart.andreevmaster.com\/fi\/wp-json\/wp\/v2\/product_brand?post=37389"},{"taxonomy":"product_cat","embeddable":true,"href":"https:\/\/nordicmart.andreevmaster.com\/fi\/wp-json\/wp\/v2\/product_cat?post=37389"},{"taxonomy":"product_tag","embeddable":true,"href":"https:\/\/nordicmart.andreevmaster.com\/fi\/wp-json\/wp\/v2\/product_tag?post=37389"}],"curies":[{"name":"wp","href":"https:\/\/api.w.org\/{rel}","templated":true}]}}