{"id":37388,"date":"2026-02-27T00:38:53","date_gmt":"2026-02-27T00:38:53","guid":{"rendered":"https:\/\/nordicmart.andreevmaster.com\/product\/feandrea-koirankoppa-taitettava-koko-s-klassinen-musta\/"},"modified":"2026-02-27T09:55:36","modified_gmt":"2026-02-27T09:55:36","slug":"feandrea-koirankoppa-taitettava-koko-s-klassinen-musta","status":"publish","type":"product","link":"https:\/\/nordicmart.andreevmaster.com\/fi\/tuote\/feandrea-koirankoppa-taitettava-koko-s-klassinen-musta\/","title":{"rendered":"Feandrea koirankoppa taitettava koko S klassinen musta"},"content":{"rendered":"<p>Feandrea taitettava koirankoppa, kuljetuskoppa koiralle, koiran laukku, koko S, metallirunko, talutushihna, pieni tasku, kissoille ja pienille koirille, joiden paino on enint\u00e4\u00e4n 6 kg<br \/>\nV\u00e4ri: klassinen musta<br \/>\nMateriaali: metallirunko, 600D Oxford-kangas, PVC-pinnoite, fleece<br \/>\nKoko taitettuna: 43 x 30 x 30 cm (P x L x K)<br \/>\nKoko taitettuna: 43 x 30 x 10 cm (P x L x K)<br \/>\nPaino: 2 kg<br \/>\nSuositellaan el\u00e4imille, joiden paino on enint\u00e4\u00e4n 6 kg<\/p>\n","protected":false},"excerpt":{"rendered":"<p>Feandrea taitettava koirankoppa, kuljetuskoppa koiralle, koiran laukku, koko S, metallirunko, talutushihna, pieni tasku, kissoille ja pienille koirille, joiden paino on enint\u00e4\u00e4n 6 kg<\/p>\n","protected":false},"featured_media":45271,"comment_status":"open","ping_status":"closed","template":"","meta":[],"product_brand":[],"product_cat":[32],"product_tag":[],"class_list":{"0":"post-37388","1":"product","2":"type-product","3":"status-publish","4":"has-post-thumbnail","6":"product_cat-uncategorized-fi","8":"first","9":"instock","10":"shipping-taxable","11":"purchasable","12":"product-type-simple"},"_links":{"self":[{"href":"https:\/\/nordicmart.andreevmaster.com\/fi\/wp-json\/wp\/v2\/product\/37388","targetHints":{"allow":["GET"]}}],"collection":[{"href":"https:\/\/nordicmart.andreevmaster.com\/fi\/wp-json\/wp\/v2\/product"}],"about":[{"href":"https:\/\/nordicmart.andreevmaster.com\/fi\/wp-json\/wp\/v2\/types\/product"}],"replies":[{"embeddable":true,"href":"https:\/\/nordicmart.andreevmaster.com\/fi\/wp-json\/wp\/v2\/comments?post=37388"}],"wp:featuredmedia":[{"embeddable":true,"href":"https:\/\/nordicmart.andreevmaster.com\/fi\/wp-json\/wp\/v2\/media\/45271"}],"wp:attachment":[{"href":"https:\/\/nordicmart.andreevmaster.com\/fi\/wp-json\/wp\/v2\/media?parent=37388"}],"wp:term":[{"taxonomy":"product_brand","embeddable":true,"href":"https:\/\/nordicmart.andreevmaster.com\/fi\/wp-json\/wp\/v2\/product_brand?post=37388"},{"taxonomy":"product_cat","embeddable":true,"href":"https:\/\/nordicmart.andreevmaster.com\/fi\/wp-json\/wp\/v2\/product_cat?post=37388"},{"taxonomy":"product_tag","embeddable":true,"href":"https:\/\/nordicmart.andreevmaster.com\/fi\/wp-json\/wp\/v2\/product_tag?post=37388"}],"curies":[{"name":"wp","href":"https:\/\/api.w.org\/{rel}","templated":true}]}}