{"id":37385,"date":"2026-02-27T00:38:52","date_gmt":"2026-02-27T00:38:52","guid":{"rendered":"https:\/\/nordicmart.andreevmaster.com\/product\/feandrea-kahdeksankulmainen-pentuaita\/"},"modified":"2026-02-27T09:55:35","modified_gmt":"2026-02-27T09:55:35","slug":"feandrea-kahdeksankulmainen-pentuaita","status":"publish","type":"product","link":"https:\/\/nordicmart.andreevmaster.com\/fi\/tuote\/feandrea-kahdeksankulmainen-pentuaita\/","title":{"rendered":"Feandrea kahdeksankulmainen pentuaita"},"content":{"rendered":"<p>Feandrea Pentujen ulkoilutush\u00e4kki Oxford-kangas, kahdeksankulmainen pentujen ulkoilutush\u00e4kki, koiranh\u00e4kki M, 72 x 72 x 43 cm, PVC-putkikehys, hengitt\u00e4v\u00e4 verkko, sivutaskulla, tummanharmaa-vaaleanharmaa PDC002G01<br \/>\nV\u00e4ri: tummanharmaa-vaaleanharmaa<br \/>\nMateriaali: PVC-putket, Oxford-kangas<br \/>\nKoko: 72 x 72 x 43 cm (P x L x K)<br \/>\nPaino: 2,1 kg<br \/>\nSuositellaan koirille, joiden paino on enint\u00e4\u00e4n 11 kg<\/p>\n","protected":false},"excerpt":{"rendered":"<p>Feandrea Pentujen ulkoilutush\u00e4kki Oxford-kangas, kahdeksankulmainen pentujen ulkoilutush\u00e4kki, koiranh\u00e4kki M, 72 x 72 x 43 cm, PVC-putkikehys, hengitt\u00e4v\u00e4 verkko, sivutaskulla, tummanharmaa-vaaleanharmaa PDC002G01<\/p>\n","protected":false},"featured_media":45268,"comment_status":"open","ping_status":"closed","template":"","meta":[],"product_brand":[],"product_cat":[32],"product_tag":[],"class_list":{"0":"post-37385","1":"product","2":"type-product","3":"status-publish","4":"has-post-thumbnail","6":"product_cat-uncategorized-fi","8":"first","9":"instock","10":"shipping-taxable","11":"purchasable","12":"product-type-simple"},"_links":{"self":[{"href":"https:\/\/nordicmart.andreevmaster.com\/fi\/wp-json\/wp\/v2\/product\/37385","targetHints":{"allow":["GET"]}}],"collection":[{"href":"https:\/\/nordicmart.andreevmaster.com\/fi\/wp-json\/wp\/v2\/product"}],"about":[{"href":"https:\/\/nordicmart.andreevmaster.com\/fi\/wp-json\/wp\/v2\/types\/product"}],"replies":[{"embeddable":true,"href":"https:\/\/nordicmart.andreevmaster.com\/fi\/wp-json\/wp\/v2\/comments?post=37385"}],"wp:featuredmedia":[{"embeddable":true,"href":"https:\/\/nordicmart.andreevmaster.com\/fi\/wp-json\/wp\/v2\/media\/45268"}],"wp:attachment":[{"href":"https:\/\/nordicmart.andreevmaster.com\/fi\/wp-json\/wp\/v2\/media?parent=37385"}],"wp:term":[{"taxonomy":"product_brand","embeddable":true,"href":"https:\/\/nordicmart.andreevmaster.com\/fi\/wp-json\/wp\/v2\/product_brand?post=37385"},{"taxonomy":"product_cat","embeddable":true,"href":"https:\/\/nordicmart.andreevmaster.com\/fi\/wp-json\/wp\/v2\/product_cat?post=37385"},{"taxonomy":"product_tag","embeddable":true,"href":"https:\/\/nordicmart.andreevmaster.com\/fi\/wp-json\/wp\/v2\/product_tag?post=37385"}],"curies":[{"name":"wp","href":"https:\/\/api.w.org\/{rel}","templated":true}]}}