{"id":37384,"date":"2026-02-27T00:38:52","date_gmt":"2026-02-27T00:38:52","guid":{"rendered":"https:\/\/nordicmart.andreevmaster.com\/product\/paso-doble-sanky-60x120-snow-bliss\/"},"modified":"2026-02-27T09:55:35","modified_gmt":"2026-02-27T09:55:35","slug":"paso-doble-sanky-60x120-snow-bliss","status":"publish","type":"product","link":"https:\/\/nordicmart.andreevmaster.com\/fi\/tuote\/paso-doble-sanky-60x120-snow-bliss\/","title":{"rendered":"Paso Doble -s\u00e4nky 60&#215;120 snow bliss"},"content":{"rendered":"<p>Paso Doble on siisti yhdistelm\u00e4 lipastoa, kaappia ja hoitop\u00f6yt\u00e4\u00e4 sek\u00e4 vauvans\u00e4nky\u00e4. Sen ansiosta kaikki, mit\u00e4 tarvitset vauvasi hoitoon, on k\u00e4den ulottuvilla. Lipastossa on nelj\u00e4 laatikkoa, ja sen takana on kaappi, jossa on hylly ja tanko pienten vaatteiden ripustamista varten. Lis\u00e4ksi s\u00e4ngyn alla on tilava py\u00f6rill\u00e4 varustettu laatikko. <\/p>\n<p>T\u00e4rkeimm\u00e4t edut:<br \/>\n&#8211; 3 tasoa s\u00e4ngyn korkeuden s\u00e4\u00e4t\u00e4miseen,<br \/>\n&#8211; 3 irrotettavaa s\u00e4le\u00e4 pinnas\u00e4ngyn eturungossa,<br \/>\n&#8211; mahdollisuus purkaa sivurungon,<br \/>\n&#8211; mahdollisuus asentaa ylim\u00e4\u00e4r\u00e4inen pieni kaide sivurungon poistamisen j\u00e4lkeen (lis\u00e4varuste)<br \/>\n&#8211; py\u00f6rill\u00e4 varustettu laatikko,<br \/>\n&#8211; p\u00f6yt\u00e4levyyn rakennettu hoitop\u00f6yt\u00e4,<br \/>\n&#8211; yleisk\u00e4ytt\u00f6inen kokoonpano,<br \/>\n&#8211; mahdollisuus sijoittaa lipasto ja kaappi s\u00e4ngyn vasemmalle tai oikealle puolelle, <\/p>\n<p>S\u00e4nkyyn sopii patja, jonka mitat ovat 60&#215;120 [cm] <\/p>\n<p>Mitat (cm):<br \/>\npituus: 166,3 cm<br \/>\nleveys: 70,6 cm<br \/>\nkorkeus: 104 cm <\/p>\n<p>Materiaali ja viimeistely:<br \/>\n-Paso Doble on valmistettu lastulevyst\u00e4, lakatusta MDF-levyst\u00e4 ja massiivipuusta. Koko tuote on valkoinen. <\/p>\n<p>V\u00e4ri:<br \/>\n&#8211; valkoinen <\/p>\n<p>K\u00e4ytt\u00f6ohje:<br \/>\nHuonekalut tulee puhdistaa pehme\u00e4ll\u00e4, vedell\u00e4 tai huonekalujen hoitoaineella kostutetulla puuvillakankaalla.<\/p>\n","protected":false},"excerpt":{"rendered":"<p>Paso Doble on siisti yhdistelm\u00e4 lipastoa, kaappia ja hoitop\u00f6yt\u00e4\u00e4 sek\u00e4 vauvans\u00e4nky\u00e4. Sen ansiosta kaikki, mit\u00e4 tarvitset vauvasi hoitoon, on k\u00e4den ulottuvilla. Lipastossa on nelj\u00e4 laatikkoa, ja sen takana on kaappi, jossa on hylly ja tanko pienten vaatteiden ripustamista varten. Lis\u00e4ksi s\u00e4ngyn alla on tilava py\u00f6rill\u00e4 varustettu laatikko. T\u00e4rkeimm\u00e4t edut: &#8211; 3 tasoa s\u00e4ngyn korkeuden s\u00e4\u00e4t\u00e4miseen, [&hellip;]<\/p>\n","protected":false},"featured_media":0,"comment_status":"open","ping_status":"closed","template":"","meta":[],"product_brand":[],"product_cat":[32],"product_tag":[],"class_list":{"0":"post-37384","1":"product","2":"type-product","3":"status-publish","5":"product_cat-uncategorized-fi","7":"first","8":"instock","9":"shipping-taxable","10":"purchasable","11":"product-type-simple"},"_links":{"self":[{"href":"https:\/\/nordicmart.andreevmaster.com\/fi\/wp-json\/wp\/v2\/product\/37384","targetHints":{"allow":["GET"]}}],"collection":[{"href":"https:\/\/nordicmart.andreevmaster.com\/fi\/wp-json\/wp\/v2\/product"}],"about":[{"href":"https:\/\/nordicmart.andreevmaster.com\/fi\/wp-json\/wp\/v2\/types\/product"}],"replies":[{"embeddable":true,"href":"https:\/\/nordicmart.andreevmaster.com\/fi\/wp-json\/wp\/v2\/comments?post=37384"}],"wp:attachment":[{"href":"https:\/\/nordicmart.andreevmaster.com\/fi\/wp-json\/wp\/v2\/media?parent=37384"}],"wp:term":[{"taxonomy":"product_brand","embeddable":true,"href":"https:\/\/nordicmart.andreevmaster.com\/fi\/wp-json\/wp\/v2\/product_brand?post=37384"},{"taxonomy":"product_cat","embeddable":true,"href":"https:\/\/nordicmart.andreevmaster.com\/fi\/wp-json\/wp\/v2\/product_cat?post=37384"},{"taxonomy":"product_tag","embeddable":true,"href":"https:\/\/nordicmart.andreevmaster.com\/fi\/wp-json\/wp\/v2\/product_tag?post=37384"}],"curies":[{"name":"wp","href":"https:\/\/api.w.org\/{rel}","templated":true}]}}