{"id":37383,"date":"2026-02-27T00:38:52","date_gmt":"2026-02-27T00:38:52","guid":{"rendered":"https:\/\/nordicmart.andreevmaster.com\/product\/feandrea-tavaratilan-valiseina-koirille\/"},"modified":"2026-02-27T09:55:35","modified_gmt":"2026-02-27T09:55:35","slug":"feandrea-tavaratilan-valiseina-koirille","status":"publish","type":"product","link":"https:\/\/nordicmart.andreevmaster.com\/fi\/tuote\/feandrea-tavaratilan-valiseina-koirille\/","title":{"rendered":"Feandrea Tavaratilan v\u00e4lisein\u00e4 koirille"},"content":{"rendered":"<p>Onnellinen koira! Onko koirasi innoissaan, kun sanot: &#8221;Nyt l\u00e4hdet\u00e4\u00e4n&#8221;? Mutta jos se hyppii villisti ymp\u00e4ri autoa, se ei ole ihanteellista, varsinkin jos takapenkill\u00e4 istuu vieraita. Mit\u00e4 voi tehd\u00e4? Asenna t\u00e4m\u00e4 verkko autoon hetkess\u00e4 ja tee koirasi onnelliseksi viem\u00e4ll\u00e4 se mukaan yst\u00e4vien luo tai sen lempipaikkaan. Mukava matka! T\u00e4m\u00e4 verkko on suunniteltu niin, ett\u00e4 koirasi voi katsoa sen l\u00e4pi milloin tahansa. Lis\u00e4ksi voit my\u00f6s ajoittain vilkaista taakse verkon l\u00e4pi, onko koirasi ep\u00e4mukava autossa. Matka ei ole koskaan ollut n\u00e4in mukava! Tuotetiedot: V\u00e4ri: musta Materiaali: ter\u00e4s Koko: 156 x 40,5 x 0,5 cm (P x L x K) Paino: 2,1 kg Toimitus sis\u00e4lt\u00e4\u00e4: 1 x tavaratilan v\u00e4liverho koirille 1 x ohjeet (DE, EN, IT, ES, FR) FEANDREA Huomautukset:Mittaa autosi k\u00e4ytett\u00e4viss\u00e4 oleva tila ja s\u00e4\u00e4d\u00e4 sivupalat ennen kuin kiinnit\u00e4t tuotteen p\u00e4\u00e4ntukiin.<\/p>\n","protected":false},"excerpt":{"rendered":"<p>Feandrea tavaratilan v\u00e4lisein\u00e4 koirille, musta PDB001B01<\/p>\n","protected":false},"featured_media":45267,"comment_status":"open","ping_status":"closed","template":"","meta":[],"product_brand":[],"product_cat":[32],"product_tag":[],"class_list":{"0":"post-37383","1":"product","2":"type-product","3":"status-publish","4":"has-post-thumbnail","6":"product_cat-uncategorized-fi","8":"first","9":"instock","10":"shipping-taxable","11":"purchasable","12":"product-type-simple"},"_links":{"self":[{"href":"https:\/\/nordicmart.andreevmaster.com\/fi\/wp-json\/wp\/v2\/product\/37383","targetHints":{"allow":["GET"]}}],"collection":[{"href":"https:\/\/nordicmart.andreevmaster.com\/fi\/wp-json\/wp\/v2\/product"}],"about":[{"href":"https:\/\/nordicmart.andreevmaster.com\/fi\/wp-json\/wp\/v2\/types\/product"}],"replies":[{"embeddable":true,"href":"https:\/\/nordicmart.andreevmaster.com\/fi\/wp-json\/wp\/v2\/comments?post=37383"}],"wp:featuredmedia":[{"embeddable":true,"href":"https:\/\/nordicmart.andreevmaster.com\/fi\/wp-json\/wp\/v2\/media\/45267"}],"wp:attachment":[{"href":"https:\/\/nordicmart.andreevmaster.com\/fi\/wp-json\/wp\/v2\/media?parent=37383"}],"wp:term":[{"taxonomy":"product_brand","embeddable":true,"href":"https:\/\/nordicmart.andreevmaster.com\/fi\/wp-json\/wp\/v2\/product_brand?post=37383"},{"taxonomy":"product_cat","embeddable":true,"href":"https:\/\/nordicmart.andreevmaster.com\/fi\/wp-json\/wp\/v2\/product_cat?post=37383"},{"taxonomy":"product_tag","embeddable":true,"href":"https:\/\/nordicmart.andreevmaster.com\/fi\/wp-json\/wp\/v2\/product_tag?post=37383"}],"curies":[{"name":"wp","href":"https:\/\/api.w.org\/{rel}","templated":true}]}}