{"id":37357,"date":"2026-02-27T00:38:43","date_gmt":"2026-02-27T00:38:43","guid":{"rendered":"https:\/\/nordicmart.andreevmaster.com\/product\/feandrea-raapimispuu-155-cm-kissapuu-pehmolelu\/"},"modified":"2026-02-27T09:55:29","modified_gmt":"2026-02-27T09:55:29","slug":"feandrea-raapimispuu-155-cm-kissapuu-pehmolelu","status":"publish","type":"product","link":"https:\/\/nordicmart.andreevmaster.com\/fi\/tuote\/feandrea-raapimispuu-155-cm-kissapuu-pehmolelu\/","title":{"rendered":"Feandrea raapimispuu, 155 cm kissapuu, pehmolelu"},"content":{"rendered":"<p>Kissapuu, 155 cm kissapuu, pehmolelu, monitasoinen, kissanraapimispuu, beige<br \/>\nTuotetiedot:<br \/>\n&#8211; V\u00e4ri: beige<br \/>\n&#8211; Materiaali: lastulevy, pehmolelu, sisali<br \/>\n&#8211; Koko: 49 x 40 x 155 cm (P x L x K)<br \/>\n&#8211; Paino: 14,1 kg<br \/>\n&#8211; Maks. staattinen kokonaiskuormitus: 78 kg<\/p>\n<p>Toimitus sis\u00e4lt\u00e4\u00e4:<br \/>\n&#8211; 1 x raapimispuu<br \/>\n&#8211; 1 x kaatumissuoja<br \/>\n&#8211; 1 x lis\u00e4varustepaketti<br \/>\n&#8211; 1 x k\u00e4ytt\u00f6ohje <\/p>\n<p>Huomautukset:<br \/>\n&#8211; Jos kissasi alkaa pureskella tai sy\u00f6d\u00e4 pehmopalloa tai kuminauhaa, poista pehmopallo ja s\u00e4ilyt\u00e4 sit\u00e4 jonkin aikaa kissasi ulottumattomissa.<br \/>\n&#8211; Jos kissanpes\u00e4 naarmuuntuu tai vaurioituu, korjaa tai vaihda se ennen jatkok\u00e4ytt\u00f6\u00e4, jotta minimoit kissasi loukkaantumisriskin.<br \/>\n&#8211; Koska kissat tykk\u00e4\u00e4v\u00e4t hyp\u00e4t\u00e4 ja leikki\u00e4, kiinnit\u00e4 raapimispuu sein\u00e4\u00e4n mukana toimitetulla kaatumissuojalla turvallisen k\u00e4ytt\u00f6ymp\u00e4rist\u00f6n luomiseksi.<\/p>\n","protected":false},"excerpt":{"rendered":"<p>Kissapuu, 155 cm kissapuu, pehmolelu, monitasoinen, kissanraapimispuu, beige<\/p>\n","protected":false},"featured_media":45243,"comment_status":"open","ping_status":"closed","template":"","meta":[],"product_brand":[],"product_cat":[32],"product_tag":[],"class_list":{"0":"post-37357","1":"product","2":"type-product","3":"status-publish","4":"has-post-thumbnail","6":"product_cat-uncategorized-fi","8":"first","9":"instock","10":"shipping-taxable","11":"purchasable","12":"product-type-simple"},"_links":{"self":[{"href":"https:\/\/nordicmart.andreevmaster.com\/fi\/wp-json\/wp\/v2\/product\/37357","targetHints":{"allow":["GET"]}}],"collection":[{"href":"https:\/\/nordicmart.andreevmaster.com\/fi\/wp-json\/wp\/v2\/product"}],"about":[{"href":"https:\/\/nordicmart.andreevmaster.com\/fi\/wp-json\/wp\/v2\/types\/product"}],"replies":[{"embeddable":true,"href":"https:\/\/nordicmart.andreevmaster.com\/fi\/wp-json\/wp\/v2\/comments?post=37357"}],"wp:featuredmedia":[{"embeddable":true,"href":"https:\/\/nordicmart.andreevmaster.com\/fi\/wp-json\/wp\/v2\/media\/45243"}],"wp:attachment":[{"href":"https:\/\/nordicmart.andreevmaster.com\/fi\/wp-json\/wp\/v2\/media?parent=37357"}],"wp:term":[{"taxonomy":"product_brand","embeddable":true,"href":"https:\/\/nordicmart.andreevmaster.com\/fi\/wp-json\/wp\/v2\/product_brand?post=37357"},{"taxonomy":"product_cat","embeddable":true,"href":"https:\/\/nordicmart.andreevmaster.com\/fi\/wp-json\/wp\/v2\/product_cat?post=37357"},{"taxonomy":"product_tag","embeddable":true,"href":"https:\/\/nordicmart.andreevmaster.com\/fi\/wp-json\/wp\/v2\/product_tag?post=37357"}],"curies":[{"name":"wp","href":"https:\/\/api.w.org\/{rel}","templated":true}]}}