{"id":37349,"date":"2026-02-27T00:38:41","date_gmt":"2026-02-27T00:38:41","guid":{"rendered":"https:\/\/nordicmart.andreevmaster.com\/product\/feandrea-raapimispuu-206-cm-korkea-kissapuu-13-raapimispylvasta\/"},"modified":"2026-02-27T09:55:27","modified_gmt":"2026-02-27T09:55:27","slug":"feandrea-raapimispuu-206-cm-korkea-kissapuu-13-raapimispylvasta","status":"publish","type":"product","link":"https:\/\/nordicmart.andreevmaster.com\/fi\/tuote\/feandrea-raapimispuu-206-cm-korkea-kissapuu-13-raapimispylvasta\/","title":{"rendered":"Feandrea raapimispuu 206 cm korkea, kissapuu, 13 raapimispylv\u00e4st\u00e4"},"content":{"rendered":"<p>Kissapuu 206 cm korkea, kissapuu, 13 raapimispylv\u00e4st\u00e4, 2 tasoa, 2 koloa, kori, riippumatto, pehmopallot, savuharmaa<br \/>\nTuotetiedot:<br \/>\n&#8211; V\u00e4ri: musta<br \/>\n&#8211; Materiaali: lastulevy, pehmolelu, sisali<br \/>\n&#8211; Koko: 60 x 50 x 206 cm (P x L x K)<br \/>\n&#8211; Paino: 23,5 kg<br \/>\n&#8211; Maks. staattinen kokonaiskuormitus: 75 kg<\/p>\n<p>Toimitus sis\u00e4lt\u00e4\u00e4<br \/>\n&#8211; 1 x raapimispuu<br \/>\n&#8211; 1 x kaatumissuoja<br \/>\n&#8211; 1 x lis\u00e4varustepaketti<br \/>\n&#8211; 1 x ohjeet<\/p>\n<p>Huomautukset:<br \/>\n&#8211; Jos kissasi alkaa pureskella tai sy\u00f6d\u00e4 pehmopalloa tai kuminauhaa, poista ne ja s\u00e4ilyt\u00e4 niit\u00e4 jonkin aikaa kissasi ulottumattomissa.<br \/>\n&#8211; Jos kissanpes\u00e4 naarmuuntuu tai vaurioituu, korjaa tai vaihda se ennen jatkok\u00e4ytt\u00f6\u00e4, jotta minimoit kissasi loukkaantumisriskin.<br \/>\n&#8211; Koska kissat tykk\u00e4\u00e4v\u00e4t hyp\u00e4t\u00e4 ja leikki\u00e4, kiinnit\u00e4 raapimispuu sein\u00e4\u00e4n mukana toimitetulla kaatumissuojalla, jotta se pysyy vakaana.<\/p>\n","protected":false},"excerpt":{"rendered":"<p>Kissapuu 206 cm korkea, kissapuu, 13 raapimispylv\u00e4st\u00e4, 2 tasoa, 2 koloa, kori, riippumatto, pehmopallot, savuharmaa<\/p>\n","protected":false},"featured_media":45236,"comment_status":"open","ping_status":"closed","template":"","meta":[],"product_brand":[],"product_cat":[32],"product_tag":[],"class_list":{"0":"post-37349","1":"product","2":"type-product","3":"status-publish","4":"has-post-thumbnail","6":"product_cat-uncategorized-fi","8":"first","9":"instock","10":"shipping-taxable","11":"purchasable","12":"product-type-simple"},"_links":{"self":[{"href":"https:\/\/nordicmart.andreevmaster.com\/fi\/wp-json\/wp\/v2\/product\/37349","targetHints":{"allow":["GET"]}}],"collection":[{"href":"https:\/\/nordicmart.andreevmaster.com\/fi\/wp-json\/wp\/v2\/product"}],"about":[{"href":"https:\/\/nordicmart.andreevmaster.com\/fi\/wp-json\/wp\/v2\/types\/product"}],"replies":[{"embeddable":true,"href":"https:\/\/nordicmart.andreevmaster.com\/fi\/wp-json\/wp\/v2\/comments?post=37349"}],"wp:featuredmedia":[{"embeddable":true,"href":"https:\/\/nordicmart.andreevmaster.com\/fi\/wp-json\/wp\/v2\/media\/45236"}],"wp:attachment":[{"href":"https:\/\/nordicmart.andreevmaster.com\/fi\/wp-json\/wp\/v2\/media?parent=37349"}],"wp:term":[{"taxonomy":"product_brand","embeddable":true,"href":"https:\/\/nordicmart.andreevmaster.com\/fi\/wp-json\/wp\/v2\/product_brand?post=37349"},{"taxonomy":"product_cat","embeddable":true,"href":"https:\/\/nordicmart.andreevmaster.com\/fi\/wp-json\/wp\/v2\/product_cat?post=37349"},{"taxonomy":"product_tag","embeddable":true,"href":"https:\/\/nordicmart.andreevmaster.com\/fi\/wp-json\/wp\/v2\/product_tag?post=37349"}],"curies":[{"name":"wp","href":"https:\/\/api.w.org\/{rel}","templated":true}]}}