{"id":37341,"date":"2026-02-27T00:38:39","date_gmt":"2026-02-27T00:38:39","guid":{"rendered":"https:\/\/nordicmart.andreevmaster.com\/product\/feandrea-raapimispuu-168-cm-korkea-kissapuu-13-raapimispylvasta\/"},"modified":"2026-02-27T09:55:25","modified_gmt":"2026-02-27T09:55:25","slug":"feandrea-raapimispuu-168-cm-korkea-kissapuu-13-raapimispylvasta","status":"publish","type":"product","link":"https:\/\/nordicmart.andreevmaster.com\/fi\/tuote\/feandrea-raapimispuu-168-cm-korkea-kissapuu-13-raapimispylvasta\/","title":{"rendered":"Feandrea raapimispuu 168 cm korkea, kissapuu, 13 raapimispylv\u00e4st\u00e4"},"content":{"rendered":"<p>Feandrea Kissa-raapimispuu, suuri, 168 cm korkea, M Kissa-raapimispuu, 13 raapimispylv\u00e4st\u00e4, 2 tasoa, 2 koloa, kori, riippumatto, pehmopalloja, monikerroksinen kissa-raapimispuu, savuharmaa PCT165G01<br \/>\nTekniset tiedot:<br \/>\n&#8211; Mitat: 55 x 45 x 168 cm (P x L x K)<br \/>\n&#8211; Paino: 18,4 kg<br \/>\n&#8211; Maks. staattinen kokonaiskantavuus: 65 kg<br \/>\n&#8211; Materiaali: lastulevy, pehmolelu, sisali<br \/>\n&#8211; V\u00e4ri: beige<\/p>\n","protected":false},"excerpt":{"rendered":"<p>Feandrea Kissa-raapimispuu, suuri, 168 cm korkea, M Kissa-raapimispuu, 13 raapimispylv\u00e4st\u00e4, 2 tasoa, 2 koloa, kori, riippumatto, pehmopalloja, monikerroksinen kissa-raapimispuu, savuharmaa PCT165G01<\/p>\n","protected":false},"featured_media":45231,"comment_status":"open","ping_status":"closed","template":"","meta":[],"product_brand":[],"product_cat":[32],"product_tag":[],"class_list":{"0":"post-37341","1":"product","2":"type-product","3":"status-publish","4":"has-post-thumbnail","6":"product_cat-uncategorized-fi","8":"first","9":"instock","10":"shipping-taxable","11":"purchasable","12":"product-type-simple"},"_links":{"self":[{"href":"https:\/\/nordicmart.andreevmaster.com\/fi\/wp-json\/wp\/v2\/product\/37341","targetHints":{"allow":["GET"]}}],"collection":[{"href":"https:\/\/nordicmart.andreevmaster.com\/fi\/wp-json\/wp\/v2\/product"}],"about":[{"href":"https:\/\/nordicmart.andreevmaster.com\/fi\/wp-json\/wp\/v2\/types\/product"}],"replies":[{"embeddable":true,"href":"https:\/\/nordicmart.andreevmaster.com\/fi\/wp-json\/wp\/v2\/comments?post=37341"}],"wp:featuredmedia":[{"embeddable":true,"href":"https:\/\/nordicmart.andreevmaster.com\/fi\/wp-json\/wp\/v2\/media\/45231"}],"wp:attachment":[{"href":"https:\/\/nordicmart.andreevmaster.com\/fi\/wp-json\/wp\/v2\/media?parent=37341"}],"wp:term":[{"taxonomy":"product_brand","embeddable":true,"href":"https:\/\/nordicmart.andreevmaster.com\/fi\/wp-json\/wp\/v2\/product_brand?post=37341"},{"taxonomy":"product_cat","embeddable":true,"href":"https:\/\/nordicmart.andreevmaster.com\/fi\/wp-json\/wp\/v2\/product_cat?post=37341"},{"taxonomy":"product_tag","embeddable":true,"href":"https:\/\/nordicmart.andreevmaster.com\/fi\/wp-json\/wp\/v2\/product_tag?post=37341"}],"curies":[{"name":"wp","href":"https:\/\/api.w.org\/{rel}","templated":true}]}}