{"id":37328,"date":"2026-02-27T00:38:34","date_gmt":"2026-02-27T00:38:34","guid":{"rendered":"https:\/\/nordicmart.andreevmaster.com\/product\/feandrea-raapimispuu-kissapuu-115-cm\/"},"modified":"2026-02-27T09:55:21","modified_gmt":"2026-02-27T09:55:21","slug":"feandrea-raapimispuu-kissapuu-115-cm","status":"publish","type":"product","link":"https:\/\/nordicmart.andreevmaster.com\/fi\/tuote\/feandrea-raapimispuu-kissapuu-115-cm\/","title":{"rendered":"Feandrea raapimispuu, kissapuu, 115 cm"},"content":{"rendered":"<p>FEANDREA Tilaa s\u00e4\u00e4st\u00e4v\u00e4 raapimispuu T\u00e4m\u00e4 50 x 35 x 115 cm kokoinen raapimispuu sopii pieniin asuntoihin, joissa asuu yksi tai useampi energinen kissa. Hemmottele niit\u00e4 rajoitetusta tilasta huolimatta mukavalla luolalla ja 2 pehmustetulla alustalla.Kynsien teroittaminen, torkut, rentoutuminen, venyttely, leikkiminen&#8230;Jokaisella kissalla on oma suosikkipaikkansa raapimispuussamme. Ent\u00e4 sinun kissasi? FEANDREAn luovissa ty\u00f6pajoissa kaksi suloista kissanpentua hyppii ymp\u00e4riins\u00e4, tutkii kaikki raapimispuut henkil\u00f6kohtaisesti ja antaa el\u00e4imellisen palautteensa niist\u00e4. N\u00e4in FEANDREAn suunnittelijat saavat ensik\u00e4den, tai pikemminkin ensik\u00e4p\u00e4l\u00e4n, tietoa siit\u00e4, t\u00e4ytt\u00e4v\u00e4tk\u00f6 tuotteet hemmoteltujen viiksekk\u00e4iden vaatimukset.Suloinen kissasi voi nauttia seuraavista erityisominaisuuksista: 2 n\u00e4k\u00f6alatasannetta yl\u00e4osassa tarkkailuun 1 mukava k\u00e4tk\u00f6leikkipaikka piiloleikkej\u00e4 varten Sisalilla p\u00e4\u00e4llystetyt puut jokaisella tasolla kynsien teroittamiseen 1 iso raapimislauta, joka toimii samalla portaikkona Porrastettu rakenne helpottaa nousemista ja laskeutumista 2 turkispalloa lis\u00e4\u00e4v\u00e4t hauskuutta Tuotetiedot:V\u00e4ri: savuharmaa Materiaali: lastulevy, pehmolelu, sisali Koko: 50 x 35 x 115 cm (P x L x K) Paino: 10,3 kg Toimitus sis\u00e4lt\u00e4\u00e4: 1 x raapimispuu 1 x kaatumissuoja 1 x ohjeet (DE, EN, FR, ES, IT) FEANDREA Huomautukset:Jos kissanpes\u00e4 vaurioituu, korjaa tai vaihda se ajoissa, jotta v\u00e4lt\u00e4t loukkaantumiset vaurioituneiden osien vuoksi. Jos kissasi pureskelee turkispalloa tai kuminauhaa, poista lelu v\u00e4litt\u00f6m\u00e4sti ja s\u00e4ilyt\u00e4 sit\u00e4 kissasi ulottumattomissa.<\/p>\n","protected":false},"excerpt":{"rendered":"<p>Raapimispuu, kissapuu, 115 cm, raapimislauta, vaaleanharmaa PCT141W01<\/p>\n","protected":false},"featured_media":45219,"comment_status":"open","ping_status":"closed","template":"","meta":[],"product_brand":[],"product_cat":[32],"product_tag":[],"class_list":{"0":"post-37328","1":"product","2":"type-product","3":"status-publish","4":"has-post-thumbnail","6":"product_cat-uncategorized-fi","8":"first","9":"instock","10":"shipping-taxable","11":"purchasable","12":"product-type-simple"},"_links":{"self":[{"href":"https:\/\/nordicmart.andreevmaster.com\/fi\/wp-json\/wp\/v2\/product\/37328","targetHints":{"allow":["GET"]}}],"collection":[{"href":"https:\/\/nordicmart.andreevmaster.com\/fi\/wp-json\/wp\/v2\/product"}],"about":[{"href":"https:\/\/nordicmart.andreevmaster.com\/fi\/wp-json\/wp\/v2\/types\/product"}],"replies":[{"embeddable":true,"href":"https:\/\/nordicmart.andreevmaster.com\/fi\/wp-json\/wp\/v2\/comments?post=37328"}],"wp:featuredmedia":[{"embeddable":true,"href":"https:\/\/nordicmart.andreevmaster.com\/fi\/wp-json\/wp\/v2\/media\/45219"}],"wp:attachment":[{"href":"https:\/\/nordicmart.andreevmaster.com\/fi\/wp-json\/wp\/v2\/media?parent=37328"}],"wp:term":[{"taxonomy":"product_brand","embeddable":true,"href":"https:\/\/nordicmart.andreevmaster.com\/fi\/wp-json\/wp\/v2\/product_brand?post=37328"},{"taxonomy":"product_cat","embeddable":true,"href":"https:\/\/nordicmart.andreevmaster.com\/fi\/wp-json\/wp\/v2\/product_cat?post=37328"},{"taxonomy":"product_tag","embeddable":true,"href":"https:\/\/nordicmart.andreevmaster.com\/fi\/wp-json\/wp\/v2\/product_tag?post=37328"}],"curies":[{"name":"wp","href":"https:\/\/api.w.org\/{rel}","templated":true}]}}