{"id":37326,"date":"2026-02-27T00:38:34","date_gmt":"2026-02-27T00:38:34","guid":{"rendered":"https:\/\/nordicmart.andreevmaster.com\/product\/feandrea-raapimispuu-135-cm-kissapuu-jossa-on-pestava-irrotettava-istuinpuu\/"},"modified":"2026-02-27T09:55:21","modified_gmt":"2026-02-27T09:55:21","slug":"feandrea-raapimispuu-135-cm-kissapuu-jossa-on-pestava-irrotettava-istuinpuu","status":"publish","type":"product","link":"https:\/\/nordicmart.andreevmaster.com\/fi\/tuote\/feandrea-raapimispuu-135-cm-kissapuu-jossa-on-pestava-irrotettava-istuinpuu\/","title":{"rendered":"Feandrea raapimispuu, 135 cm kissapuu, jossa on pest\u00e4v\u00e4, irrotettava istuinpuu"},"content":{"rendered":"<p>FEANDREAn luovassa ty\u00f6pajassa kaksi pient\u00e4 kissanpentua hyppii ymp\u00e4riins\u00e4, tutkii henkil\u00f6kohtaisesti raapimispuujamme ja antaa el\u00e4imellist\u00e4 palautetta. N\u00e4in FEANDREAn suunnittelijat saavat ensik\u00e4den tietoa siit\u00e4, mitk\u00e4 tuotteet vastaavat arvokkaiden kissanpentujemme tarpeita. Miksi sinun pit\u00e4isi valita t\u00e4m\u00e4 monitasoinen raapimispuu? &#8211; Yst\u00e4v\u00e4llinen kissanpennuille ja vanhemmille kissoille: Sek\u00e4 monitasoinen rakenne ett\u00e4 ramppi helpottavat kiipe\u00e4mist\u00e4 ja laskeutumista. &#8211; Pehme\u00e4 ja mukava: pehme\u00e4 pehmustettu p\u00e4\u00e4llinen luo rentouttavan ilmapiirin. &#8211; Monipuolista leikkimist\u00e4: 1 istumapuu lintujen tarkkailuun, 1 luola piiloutumiseen, 1 kori lepoon ja 1 pylv\u00e4s ja lauta harjoitteluun. &#8211; Helppo puhdistaa: Yl\u00e4osassa on irrotettava peite, joka helpottaa puhdistusta. &#8211; Helppo koota: Merkityt osat, selke\u00e4t ohjeet ja asennusty\u00f6kalu helpottavat yhden henkil\u00f6n nopeaa ja helppoa kokoamista. Tuotetiedot: &#8211; V\u00e4ri: Tummanharmaa &#8211; Materiaali: Lastulevy, pehmustettu kangas, sisali &#8211; Koko: 46 x 41 x 135 cm (P x L x K) &#8211; Paino: 10,4 kg &#8211; Staattinen kokonaiskuormituskyky: 40 kg Toimitus sis\u00e4lt\u00e4\u00e4: &#8211; 1 x raapimispuu kissoille &#8211; 1 x kaatumissuoja &#8211; 1 x lis\u00e4varustepaketti &#8211; 1 x ohjeet FEANDREA Huomautukset:- Jos kissanpes\u00e4 on naarmuuntunut ja vaurioitunut huonokuntoisten tassujen vuoksi, korjaa tai vaihda se ennen kuin jatkat sen k\u00e4ytt\u00f6\u00e4, jotta v\u00e4lt\u00e4t loukkaantumisriskin lemmikillesi. &#8211; Koska kissat tykk\u00e4\u00e4v\u00e4t hyp\u00e4t\u00e4 ja leikki\u00e4, kiinnit\u00e4 tuote sein\u00e4\u00e4n mukana toimitetulla kaatumissuojalla, jotta se on turvallinen k\u00e4ytt\u00e4\u00e4.<\/p>\n","protected":false},"excerpt":{"rendered":"<p>Feandrea raapimispuu, 135 cm Pieni kissapuu, monikerroksinen pehmop\u00e4\u00e4llysteinen kissanraapimispuu, jossa on pest\u00e4v\u00e4, irrotettava istuinpuu, raapimispuu, kori, luola, tummanharmaa<\/p>\n","protected":false},"featured_media":45217,"comment_status":"open","ping_status":"closed","template":"","meta":[],"product_brand":[],"product_cat":[32],"product_tag":[],"class_list":{"0":"post-37326","1":"product","2":"type-product","3":"status-publish","4":"has-post-thumbnail","6":"product_cat-uncategorized-fi","8":"first","9":"instock","10":"shipping-taxable","11":"purchasable","12":"product-type-simple"},"_links":{"self":[{"href":"https:\/\/nordicmart.andreevmaster.com\/fi\/wp-json\/wp\/v2\/product\/37326","targetHints":{"allow":["GET"]}}],"collection":[{"href":"https:\/\/nordicmart.andreevmaster.com\/fi\/wp-json\/wp\/v2\/product"}],"about":[{"href":"https:\/\/nordicmart.andreevmaster.com\/fi\/wp-json\/wp\/v2\/types\/product"}],"replies":[{"embeddable":true,"href":"https:\/\/nordicmart.andreevmaster.com\/fi\/wp-json\/wp\/v2\/comments?post=37326"}],"wp:featuredmedia":[{"embeddable":true,"href":"https:\/\/nordicmart.andreevmaster.com\/fi\/wp-json\/wp\/v2\/media\/45217"}],"wp:attachment":[{"href":"https:\/\/nordicmart.andreevmaster.com\/fi\/wp-json\/wp\/v2\/media?parent=37326"}],"wp:term":[{"taxonomy":"product_brand","embeddable":true,"href":"https:\/\/nordicmart.andreevmaster.com\/fi\/wp-json\/wp\/v2\/product_brand?post=37326"},{"taxonomy":"product_cat","embeddable":true,"href":"https:\/\/nordicmart.andreevmaster.com\/fi\/wp-json\/wp\/v2\/product_cat?post=37326"},{"taxonomy":"product_tag","embeddable":true,"href":"https:\/\/nordicmart.andreevmaster.com\/fi\/wp-json\/wp\/v2\/product_tag?post=37326"}],"curies":[{"name":"wp","href":"https:\/\/api.w.org\/{rel}","templated":true}]}}