{"id":37322,"date":"2026-02-27T00:38:33","date_gmt":"2026-02-27T00:38:33","guid":{"rendered":"https:\/\/nordicmart.andreevmaster.com\/product\/feandrea-raapimispuu-kissanhiekkalaatikolla-korkeus-151-cm-2-in-1-kissapuu\/"},"modified":"2026-02-27T09:55:20","modified_gmt":"2026-02-27T09:55:20","slug":"feandrea-raapimispuu-kissanhiekkalaatikolla-korkeus-151-cm-2-in-1-kissapuu","status":"publish","type":"product","link":"https:\/\/nordicmart.andreevmaster.com\/fi\/tuote\/feandrea-raapimispuu-kissanhiekkalaatikolla-korkeus-151-cm-2-in-1-kissapuu\/","title":{"rendered":"Feandrea raapimispuu kissanhiekkalaatikolla, korkeus 151 cm, 2-in-1 kissapuu"},"content":{"rendered":"<p>Feandrea raapimispuu kissan k\u00e4ym\u00e4l\u00e4ll\u00e4, kissanpuu, vintage-ruskea PCT113X01<br \/>\nTekniset tiedot:<br \/>\n&#8211; Mitat: 57,5 x 50 x 151 cm (P x L x K)<br \/>\n&#8211; Paino: 18,4 kg<br \/>\n&#8211; Materiaali: lastulevy, 500 g\/m\u00b2 pehmustettu, sisali<br \/>\n&#8211; V\u00e4ri: pilvinen valkoinen<\/p>\n","protected":false},"excerpt":{"rendered":"<p>Feandrea raapimispuu kissan k\u00e4ym\u00e4l\u00e4ll\u00e4, kissanpuu, vintage-ruskea PCT113X01<\/p>\n","protected":false},"featured_media":45213,"comment_status":"open","ping_status":"closed","template":"","meta":[],"product_brand":[],"product_cat":[32],"product_tag":[],"class_list":{"0":"post-37322","1":"product","2":"type-product","3":"status-publish","4":"has-post-thumbnail","6":"product_cat-uncategorized-fi","8":"first","9":"instock","10":"shipping-taxable","11":"purchasable","12":"product-type-simple"},"_links":{"self":[{"href":"https:\/\/nordicmart.andreevmaster.com\/fi\/wp-json\/wp\/v2\/product\/37322","targetHints":{"allow":["GET"]}}],"collection":[{"href":"https:\/\/nordicmart.andreevmaster.com\/fi\/wp-json\/wp\/v2\/product"}],"about":[{"href":"https:\/\/nordicmart.andreevmaster.com\/fi\/wp-json\/wp\/v2\/types\/product"}],"replies":[{"embeddable":true,"href":"https:\/\/nordicmart.andreevmaster.com\/fi\/wp-json\/wp\/v2\/comments?post=37322"}],"wp:featuredmedia":[{"embeddable":true,"href":"https:\/\/nordicmart.andreevmaster.com\/fi\/wp-json\/wp\/v2\/media\/45213"}],"wp:attachment":[{"href":"https:\/\/nordicmart.andreevmaster.com\/fi\/wp-json\/wp\/v2\/media?parent=37322"}],"wp:term":[{"taxonomy":"product_brand","embeddable":true,"href":"https:\/\/nordicmart.andreevmaster.com\/fi\/wp-json\/wp\/v2\/product_brand?post=37322"},{"taxonomy":"product_cat","embeddable":true,"href":"https:\/\/nordicmart.andreevmaster.com\/fi\/wp-json\/wp\/v2\/product_cat?post=37322"},{"taxonomy":"product_tag","embeddable":true,"href":"https:\/\/nordicmart.andreevmaster.com\/fi\/wp-json\/wp\/v2\/product_tag?post=37322"}],"curies":[{"name":"wp","href":"https:\/\/api.w.org\/{rel}","templated":true}]}}