{"id":37318,"date":"2026-02-27T00:38:31","date_gmt":"2026-02-27T00:38:31","guid":{"rendered":"https:\/\/nordicmart.andreevmaster.com\/product\/feandrea-raapimispuu-xxl-kissapuu-kissan-raapimispuu-luolalla\/"},"modified":"2026-02-27T09:55:20","modified_gmt":"2026-02-27T09:55:20","slug":"feandrea-raapimispuu-xxl-kissapuu-kissan-raapimispuu-luolalla","status":"publish","type":"product","link":"https:\/\/nordicmart.andreevmaster.com\/fi\/tuote\/feandrea-raapimispuu-xxl-kissapuu-kissan-raapimispuu-luolalla\/","title":{"rendered":"Feandrea raapimispuu, XXL kissapuu, kissan raapimispuu luolalla"},"content":{"rendered":"<p>FEANDREAn luovissa ty\u00f6pajoissa kaksi suloista kissanpentua hyppii ymp\u00e4riins\u00e4, tutkii kaikki raapimispuut henkil\u00f6kohtaisesti ja antaa el\u00e4imellisen palautteensa niist\u00e4. N\u00e4in FEANDREAn suunnittelijat saavat ensik\u00e4den, tai pikemminkin ensik\u00e4p\u00e4l\u00e4n, tietoa siit\u00e4, t\u00e4ytt\u00e4v\u00e4tk\u00f6 tuotteet hemmoteltujen viiksekk\u00e4iden vaatimukset. T\u00e4m\u00e4n raapimispuun kohokohdat yhdell\u00e4 silm\u00e4yksell\u00e4: &#8211; Mukavan suuri; tilaa kahdelle kissalle, joiden paino ei saisi ylitt\u00e4\u00e4 7 kg &#8211; 2 hyvin pehmustettua n\u00e4k\u00f6alatasannetta, joissa on korotetut reunat rentoutumiseen &#8211; Mukava k\u00e4tk\u00f6paikka piiloleikkej\u00e4 ja rentoutumista varten &#8211; Vakaa makuualusta ja riippumatto p\u00e4iv\u00e4unille &#8211; Puulla vahvistettu pohja ja kaatumissuoja lis\u00e4\u00e4v\u00e4t vakautta ja turvallisuutta &#8211; 3 irrotettavaa sauvaa, joissa on turkispallot, sek\u00e4 leikkik\u00f6ysi lis\u00e4\u00e4v\u00e4t hauskuutta &#8211; Kest\u00e4v\u00e4, pehme\u00e4 pehmoleluverhoilu  Tuotetiedot: &#8211; V\u00e4ri: savuharmaa &#8211; Materiaali: lastulevy, pehmolelu, sisali &#8211; Koko: 50 x 50 x 164 cm (P x L x K) &#8211; Paino: 18 kgToimitus sis\u00e4lt\u00e4\u00e4:- 1 x raapimispuu- 1 x kaatumissuoja- 1 x asennustarvikkeet- 1 x ohjeet (DE, EN, FR, ES, IT)FEANDREA Huomautukset:- Jos pehmopussi tai p\u00e4\u00e4llinen on vaurioitunut, ota v\u00e4litt\u00f6m\u00e4sti yhteytt\u00e4 asiakaspalveluumme, jotta saat korvaavan tuotteen tai muun ratkaisun, jolla v\u00e4ltet\u00e4\u00e4n vaurioituneiden osien aiheuttamat loukkaantumiset. &#8211; Poista karvapallot v\u00e4litt\u00f6m\u00e4sti, jos kissasi pureskelee niit\u00e4.<\/p>\n","protected":false},"excerpt":{"rendered":"<p>Feandrea Kratzbaum PCT087G01<\/p>\n","protected":false},"featured_media":45210,"comment_status":"open","ping_status":"closed","template":"","meta":[],"product_brand":[],"product_cat":[32],"product_tag":[],"class_list":{"0":"post-37318","1":"product","2":"type-product","3":"status-publish","4":"has-post-thumbnail","6":"product_cat-uncategorized-fi","8":"first","9":"instock","10":"shipping-taxable","11":"purchasable","12":"product-type-simple"},"_links":{"self":[{"href":"https:\/\/nordicmart.andreevmaster.com\/fi\/wp-json\/wp\/v2\/product\/37318","targetHints":{"allow":["GET"]}}],"collection":[{"href":"https:\/\/nordicmart.andreevmaster.com\/fi\/wp-json\/wp\/v2\/product"}],"about":[{"href":"https:\/\/nordicmart.andreevmaster.com\/fi\/wp-json\/wp\/v2\/types\/product"}],"replies":[{"embeddable":true,"href":"https:\/\/nordicmart.andreevmaster.com\/fi\/wp-json\/wp\/v2\/comments?post=37318"}],"wp:featuredmedia":[{"embeddable":true,"href":"https:\/\/nordicmart.andreevmaster.com\/fi\/wp-json\/wp\/v2\/media\/45210"}],"wp:attachment":[{"href":"https:\/\/nordicmart.andreevmaster.com\/fi\/wp-json\/wp\/v2\/media?parent=37318"}],"wp:term":[{"taxonomy":"product_brand","embeddable":true,"href":"https:\/\/nordicmart.andreevmaster.com\/fi\/wp-json\/wp\/v2\/product_brand?post=37318"},{"taxonomy":"product_cat","embeddable":true,"href":"https:\/\/nordicmart.andreevmaster.com\/fi\/wp-json\/wp\/v2\/product_cat?post=37318"},{"taxonomy":"product_tag","embeddable":true,"href":"https:\/\/nordicmart.andreevmaster.com\/fi\/wp-json\/wp\/v2\/product_tag?post=37318"}],"curies":[{"name":"wp","href":"https:\/\/api.w.org\/{rel}","templated":true}]}}