{"id":37313,"date":"2026-02-27T00:38:30","date_gmt":"2026-02-27T00:38:30","guid":{"rendered":"https:\/\/nordicmart.andreevmaster.com\/product\/feandrea-suuri-raapimispuu-kissapuu-luolalla\/"},"modified":"2026-02-27T09:55:19","modified_gmt":"2026-02-27T09:55:19","slug":"feandrea-suuri-raapimispuu-kissapuu-luolalla","status":"publish","type":"product","link":"https:\/\/nordicmart.andreevmaster.com\/fi\/tuote\/feandrea-suuri-raapimispuu-kissapuu-luolalla\/","title":{"rendered":"Feandrea Suuri raapimispuu, kissapuu, luolalla"},"content":{"rendered":"<p>FEANDREAn luovissa ty\u00f6pajoissa kaksi suloista kissanpentua hyppii ymp\u00e4riins\u00e4, tutkii kaikki raapimispuut henkil\u00f6kohtaisesti ja antaa niist\u00e4 el\u00e4imellisen palautteen. N\u00e4in FEANDREAn suunnittelijat saavat ensik\u00e4den, tai pikemminkin ensik\u00e4p\u00e4l\u00e4n, tietoa siit\u00e4, t\u00e4ytt\u00e4v\u00e4tk\u00f6 tuotteet hemmoteltujen viiksekk\u00e4iden vaatimukset. Raapimispuu, jolla on monia etuja Yll\u00e4 oleva kiipeilytorni on l\u00e4p\u00e4issyt kissatestin. Erityisesti kissat pitiv\u00e4t suuresta pehme\u00e4st\u00e4 luolasta ja p\u00f6rr\u00f6isest\u00e4 n\u00e4k\u00f6alatasanteesta, jotka on varustettu pehme\u00e4ll\u00e4 matolla. My\u00f6s tunneli ja raapimislauta kissan lelun alaosassa olivat eritt\u00e4in suosittuja. Lis\u00e4ksi molemmat testaajat tunsivat olonsa turvalliseksi ja hyppiv\u00e4t pelotta tasanteelta toiselle. Raapimispuun korkean vakauden takaavat erityisesti erityisen paksut sisalpuut ja kaksikerroksinen pohjalevy. Mukana toimitetaan my\u00f6s kaatumissuoja. Kokeile, mist\u00e4 osasta raapimispuuta kissasi pit\u00e4\u00e4 eniten, ja jaa testitulokset muiden lemmikkiel\u00e4inten yst\u00e4vien kanssa kommenteissa. Tuotetiedot: V\u00e4ri: vaaleanharmaa, musta sisali Materiaali: CARB-sertifioitu puulastulevy, pahvirullat, pehmolelu, sisali Koko: 50 x 50 x 141 cm (P x L x K) Paino: 23,2 kg Toimitus sis\u00e4lt\u00e4\u00e4: 1 x raapimispuu 1 x ohjeet (DE, EN, FR, ES, IT) FEANDREA Huomautukset: 1. Aseta raapimispuu tasaiselle alustalle asuntosi nurkkaan. 2. \u00c4l\u00e4 sijoita tuotetta kosteaan ymp\u00e4rist\u00f6\u00f6n. 3. Pid\u00e4 lapset poissa t\u00e4m\u00e4n tuotteen l\u00e4helt\u00e4. He eiv\u00e4t saa kiivet\u00e4 raapimispuuhun tai leikki\u00e4 sen kanssa. 4. Kiinnit\u00e4 tuote sein\u00e4\u00e4n kaatumissuojan avulla.<\/p>\n","protected":false},"excerpt":{"rendered":"<p>Iso raapimispuu, kissapuu, luolalla, riippumatolla, pehmustetulla alustalla, tunnelilla, sisalpuilla, raapimislavalla, vaaleanharmaa-musta<\/p>\n","protected":false},"featured_media":45205,"comment_status":"open","ping_status":"closed","template":"","meta":[],"product_brand":[],"product_cat":[32],"product_tag":[],"class_list":{"0":"post-37313","1":"product","2":"type-product","3":"status-publish","4":"has-post-thumbnail","6":"product_cat-uncategorized-fi","8":"first","9":"instock","10":"shipping-taxable","11":"purchasable","12":"product-type-simple"},"_links":{"self":[{"href":"https:\/\/nordicmart.andreevmaster.com\/fi\/wp-json\/wp\/v2\/product\/37313","targetHints":{"allow":["GET"]}}],"collection":[{"href":"https:\/\/nordicmart.andreevmaster.com\/fi\/wp-json\/wp\/v2\/product"}],"about":[{"href":"https:\/\/nordicmart.andreevmaster.com\/fi\/wp-json\/wp\/v2\/types\/product"}],"replies":[{"embeddable":true,"href":"https:\/\/nordicmart.andreevmaster.com\/fi\/wp-json\/wp\/v2\/comments?post=37313"}],"wp:featuredmedia":[{"embeddable":true,"href":"https:\/\/nordicmart.andreevmaster.com\/fi\/wp-json\/wp\/v2\/media\/45205"}],"wp:attachment":[{"href":"https:\/\/nordicmart.andreevmaster.com\/fi\/wp-json\/wp\/v2\/media?parent=37313"}],"wp:term":[{"taxonomy":"product_brand","embeddable":true,"href":"https:\/\/nordicmart.andreevmaster.com\/fi\/wp-json\/wp\/v2\/product_brand?post=37313"},{"taxonomy":"product_cat","embeddable":true,"href":"https:\/\/nordicmart.andreevmaster.com\/fi\/wp-json\/wp\/v2\/product_cat?post=37313"},{"taxonomy":"product_tag","embeddable":true,"href":"https:\/\/nordicmart.andreevmaster.com\/fi\/wp-json\/wp\/v2\/product_tag?post=37313"}],"curies":[{"name":"wp","href":"https:\/\/api.w.org\/{rel}","templated":true}]}}