{"id":37311,"date":"2026-02-27T00:38:29","date_gmt":"2026-02-27T00:38:29","guid":{"rendered":"https:\/\/nordicmart.andreevmaster.com\/product\/feandrea-raapimispuu-itsestaan-lampenevilla-peitteilla-kissapuu\/"},"modified":"2026-02-27T09:55:18","modified_gmt":"2026-02-27T09:55:18","slug":"feandrea-raapimispuu-itsestaan-lampenevilla-peitteilla-kissapuu","status":"publish","type":"product","link":"https:\/\/nordicmart.andreevmaster.com\/fi\/tuote\/feandrea-raapimispuu-itsestaan-lampenevilla-peitteilla-kissapuu\/","title":{"rendered":"Feandrea raapimispuu, itsest\u00e4\u00e4n l\u00e4mpenevill\u00e4 peitteill\u00e4, kissapuu"},"content":{"rendered":"<p>Kissapuu, itsel\u00e4mmitt\u00e4vill\u00e4 peitteill\u00e4, kissapuu, 2 kissanharjaa, suuret tasot, 50 x 50 x 160 cm, harmaansininen-musta<br \/>\nTuotetiedot:<br \/>\n&#8211; V\u00e4ri: kyyhkynharmaa-kermanvalkoinen<br \/>\n&#8211; Materiaali: lastulevy, pehmolelu, sisali<br \/>\n&#8211; Koko: 50 x 50 x 160 cm (P x L x K)<br \/>\n&#8211; Paino: 22,6 kg<br \/>\n&#8211; Maks. staattinen kokonaiskuormitus: 105 kg<br \/>\n&#8211; Ihanteellinen kissam\u00e4\u00e4r\u00e4: enint\u00e4\u00e4n 5 (kukin \u2264 20 kg)<\/p>\n<p>Toimitus sis\u00e4lt\u00e4\u00e4:<br \/>\n&#8211; 1 x raapimispuu<br \/>\n&#8211; 1 x kaatumissuoja<br \/>\n&#8211; 1 x pehmopallo kellolla<\/p>\n<p>Huomautukset:<br \/>\n&#8211; Jos kissasi alkaa pureskella tai sy\u00f6d\u00e4 pehmopalloa tai kuminauhaa, poista lelu ja s\u00e4ilyt\u00e4 sit\u00e4 jonkin aikaa kissasi ulottumattomissa.<br \/>\n&#8211; Jos kissanpes\u00e4 naarmuuntuu tai vaurioituu, korjaa tai vaihda se ennen jatkok\u00e4ytt\u00f6\u00e4, jotta minimoit kissasi loukkaantumisriskin.<br \/>\n&#8211; Koska kissat tykk\u00e4\u00e4v\u00e4t hyp\u00e4t\u00e4 ja leikki\u00e4, kiinnit\u00e4 raapimispuu sein\u00e4\u00e4n mukana toimitetulla kaatumissuojalla, jotta se pysyy turvallisesti ja vakaasti paikallaan.<\/p>\n","protected":false},"excerpt":{"rendered":"<p>Kissapuu, itsel\u00e4mmitt\u00e4vill\u00e4 peitteill\u00e4, kissapuu, 2 kissanharjaa, suuret tasot, 50 x 50 x 160 cm, harmaansininen-musta<\/p>\n","protected":false},"featured_media":45203,"comment_status":"open","ping_status":"closed","template":"","meta":[],"product_brand":[],"product_cat":[32],"product_tag":[],"class_list":{"0":"post-37311","1":"product","2":"type-product","3":"status-publish","4":"has-post-thumbnail","6":"product_cat-uncategorized-fi","8":"first","9":"instock","10":"shipping-taxable","11":"purchasable","12":"product-type-simple"},"_links":{"self":[{"href":"https:\/\/nordicmart.andreevmaster.com\/fi\/wp-json\/wp\/v2\/product\/37311","targetHints":{"allow":["GET"]}}],"collection":[{"href":"https:\/\/nordicmart.andreevmaster.com\/fi\/wp-json\/wp\/v2\/product"}],"about":[{"href":"https:\/\/nordicmart.andreevmaster.com\/fi\/wp-json\/wp\/v2\/types\/product"}],"replies":[{"embeddable":true,"href":"https:\/\/nordicmart.andreevmaster.com\/fi\/wp-json\/wp\/v2\/comments?post=37311"}],"wp:featuredmedia":[{"embeddable":true,"href":"https:\/\/nordicmart.andreevmaster.com\/fi\/wp-json\/wp\/v2\/media\/45203"}],"wp:attachment":[{"href":"https:\/\/nordicmart.andreevmaster.com\/fi\/wp-json\/wp\/v2\/media?parent=37311"}],"wp:term":[{"taxonomy":"product_brand","embeddable":true,"href":"https:\/\/nordicmart.andreevmaster.com\/fi\/wp-json\/wp\/v2\/product_brand?post=37311"},{"taxonomy":"product_cat","embeddable":true,"href":"https:\/\/nordicmart.andreevmaster.com\/fi\/wp-json\/wp\/v2\/product_cat?post=37311"},{"taxonomy":"product_tag","embeddable":true,"href":"https:\/\/nordicmart.andreevmaster.com\/fi\/wp-json\/wp\/v2\/product_tag?post=37311"}],"curies":[{"name":"wp","href":"https:\/\/api.w.org\/{rel}","templated":true}]}}