{"id":37308,"date":"2026-02-27T00:38:28","date_gmt":"2026-02-27T00:38:28","guid":{"rendered":"https:\/\/nordicmart.andreevmaster.com\/product\/feandrea-raapimispuu-ruokakuppineen-174-cm-harmaa\/"},"modified":"2026-02-27T09:55:17","modified_gmt":"2026-02-27T09:55:17","slug":"feandrea-raapimispuu-ruokakuppineen-174-cm-harmaa","status":"publish","type":"product","link":"https:\/\/nordicmart.andreevmaster.com\/fi\/tuote\/feandrea-raapimispuu-ruokakuppineen-174-cm-harmaa\/","title":{"rendered":"Feandrea raapimispuu ruokakuppineen 174 cm harmaa"},"content":{"rendered":"<p>FEANDREA-kissapuun ominaisuudet ovat kaikki mit\u00e4 tarvitset kissasi hyvinvointiin. RUOKINTA \u2013 Ruokakuppi ylimm\u00e4ll\u00e4 tasolla takaa, ett\u00e4 kissasi eiv\u00e4t kyll\u00e4sty t\u00e4h\u00e4n kissapuun. LEPO \u2013 Ylellinen yl\u00e4osa, jossa on korotettu reuna, tarjoaa ensiluokkaisen lepopaikan.RAAPIMINEN \u2013 Vahvat tangot, jotka on k\u00e4\u00e4ritty luonnollisella sisalk\u00f6ydell\u00e4, antavat kissoille mahdollisuuden raapia kynsi\u00e4\u00e4n ja venytt\u00e4\u00e4 lihaksiaan. NUKKUMINEN \u2013 Luolan ja korin ansiosta kissasi voivat vihdoin saada omat s\u00e4ngyt ja tehd\u00e4 rauhan kesken\u00e4\u00e4n. Kaiken t\u00e4m\u00e4n hauskanpidon lis\u00e4ksi my\u00f6s lemmikkiesi turvallisuus on taattu. Pohja on vahvistettu listoilla vakauden lis\u00e4\u00e4miseksi; mukana toimitetaan my\u00f6s kaatumisenestokinnikkeet, joiden avulla voit kiinnitt\u00e4\u00e4 kissanpuun sein\u00e4\u00e4n. Olipa sinulla sitten nuoria kissanpentuja, isoja kissoja tai vanhoja kissoja, t\u00e4m\u00e4 raapimispuu on ihana koti karvaisille yst\u00e4villesi. Tuotetiedot:- V\u00e4ri: savuharmaa &#8211; Materiaali: CARB-sertifioitu lastulevy, pehmolelu, sisali &#8211; Tuotteen mitat: 90 x 50 x 164 cm (L x S x K) &#8211; Paino: 20,2 kg Toimitus sis\u00e4lt\u00e4\u00e4: &#8211; 1 x raapimispuu &#8211; 1 x ohjeet (DE, EN, FR, ES, IT) FEANDREA Huomautukset:- Aseta raapimispuu tasaiselle alustalle huoneen nurkkaan. &#8211; V\u00e4lt\u00e4 kosteaa ymp\u00e4rist\u00f6\u00e4. &#8211; Lapset eiv\u00e4t saa kiivet\u00e4 raapimispuuhun tai leikki\u00e4 sill\u00e4. &#8211; Suosittelemme kiinnitt\u00e4m\u00e4\u00e4n t\u00e4m\u00e4n tornin sein\u00e4\u00e4n mukana toimitetuilla kaatumisenestolaitteilla.<\/p>\n","protected":false},"excerpt":{"rendered":"<p>Feandrea Vakaa raapimispuu kissanruokakuppineen, sisalilla p\u00e4\u00e4llystetyill\u00e4 raapimispinnoilla, korilla ja luolalla, kiipeilypuu kissoille 164 cm, vaaleanharmaa PCT99W<\/p>\n","protected":false},"featured_media":45201,"comment_status":"open","ping_status":"closed","template":"","meta":[],"product_brand":[],"product_cat":[32],"product_tag":[],"class_list":{"0":"post-37308","1":"product","2":"type-product","3":"status-publish","4":"has-post-thumbnail","6":"product_cat-uncategorized-fi","8":"first","9":"instock","10":"shipping-taxable","11":"purchasable","12":"product-type-simple"},"_links":{"self":[{"href":"https:\/\/nordicmart.andreevmaster.com\/fi\/wp-json\/wp\/v2\/product\/37308","targetHints":{"allow":["GET"]}}],"collection":[{"href":"https:\/\/nordicmart.andreevmaster.com\/fi\/wp-json\/wp\/v2\/product"}],"about":[{"href":"https:\/\/nordicmart.andreevmaster.com\/fi\/wp-json\/wp\/v2\/types\/product"}],"replies":[{"embeddable":true,"href":"https:\/\/nordicmart.andreevmaster.com\/fi\/wp-json\/wp\/v2\/comments?post=37308"}],"wp:featuredmedia":[{"embeddable":true,"href":"https:\/\/nordicmart.andreevmaster.com\/fi\/wp-json\/wp\/v2\/media\/45201"}],"wp:attachment":[{"href":"https:\/\/nordicmart.andreevmaster.com\/fi\/wp-json\/wp\/v2\/media?parent=37308"}],"wp:term":[{"taxonomy":"product_brand","embeddable":true,"href":"https:\/\/nordicmart.andreevmaster.com\/fi\/wp-json\/wp\/v2\/product_brand?post=37308"},{"taxonomy":"product_cat","embeddable":true,"href":"https:\/\/nordicmart.andreevmaster.com\/fi\/wp-json\/wp\/v2\/product_cat?post=37308"},{"taxonomy":"product_tag","embeddable":true,"href":"https:\/\/nordicmart.andreevmaster.com\/fi\/wp-json\/wp\/v2\/product_tag?post=37308"}],"curies":[{"name":"wp","href":"https:\/\/api.w.org\/{rel}","templated":true}]}}