{"id":37307,"date":"2026-02-27T00:38:28","date_gmt":"2026-02-27T00:38:28","guid":{"rendered":"https:\/\/nordicmart.andreevmaster.com\/product\/feandrea-kissapuu-jossa-on-useita-tasoja\/"},"modified":"2026-02-27T09:55:17","modified_gmt":"2026-02-27T09:55:17","slug":"feandrea-kissapuu-jossa-on-useita-tasoja","status":"publish","type":"product","link":"https:\/\/nordicmart.andreevmaster.com\/fi\/tuote\/feandrea-kissapuu-jossa-on-useita-tasoja\/","title":{"rendered":"Feandrea-kissapuu, jossa on useita tasoja"},"content":{"rendered":"<p>FEANDREAn luovissa ty\u00f6pajoissa hyppii kaksi suloista kissanpentua, jotka tutkivat kaikki raapimispuut henkil\u00f6kohtaisesti ja antavat niist\u00e4 el\u00e4imellisen palautteen. N\u00e4in FEANDREAn suunnittelijat saavat ensik\u00e4den eli ensik\u00e4p\u00e4l\u00e4n tietoa siit\u00e4, t\u00e4ytt\u00e4v\u00e4tk\u00f6 tuotteet hemmoteltujen viiksekk\u00e4iden vaatimukset.Kraapimispuun kohokohdat yhdell\u00e4 silm\u00e4yksell\u00e4: &#8211; Eritt\u00e4in vakaa; puulla vahvistettu pohjalevy ja kaatumissuoja &#8211; Kest\u00e4v\u00e4t sisalpuut &#8211; Pehme\u00e4, eritt\u00e4in kest\u00e4v\u00e4 pehmustettu pinta &#8211; 3 kissataloa, 2 makuualustaa, 2 n\u00e4k\u00f6alatasannetta &#8211; Eritt\u00e4in suuri; sopii useammalle kissalle &#8211; Portaaton rakenne; helpottaa kiipe\u00e4mist\u00e4 &#8211; Hauskat turkispallot, joissa on kellot Tuotetiedot: &#8211; V\u00e4ri: vaaleanharmaa &#8211; Materiaali: MDF (keskitihe\u00e4 kuitulevy), pehmolelu, sisali &#8211; Koko: 55 x 40 x 164 cm (P x L x K) &#8211; Paino: 21 kg Toimitus sis\u00e4lt\u00e4\u00e4:- 1 x raapimispuu &#8211; 1 x ohjeet (DE, EN, FR, ES, IT) FEANDREA HUOMAUTUKSET: &#8211; Jos raapimispuu on vaurioitunut, ota v\u00e4litt\u00f6m\u00e4sti yhteytt\u00e4 asiakaspalveluumme, jotta saat varaosat tai l\u00f6yd\u00e4t muun tyydytt\u00e4v\u00e4n ratkaisun. Huomaa, ett\u00e4 vaurioitunut tuote voi aiheuttaa kissallesi vammoja. &#8211; Jos kissasi pureskelee turkispalloa tai kuminauhaa, poista lelu v\u00e4litt\u00f6m\u00e4sti ja s\u00e4ilyt\u00e4 sit\u00e4 kissasi ulottumattomissa.<\/p>\n","protected":false},"excerpt":{"rendered":"<p>Feandrea suuri raapimispuu, 3 kissanpes\u00e4\u00e4, 164 cm kissapuu, savuharmaa PCT98G<\/p>\n","protected":false},"featured_media":45200,"comment_status":"open","ping_status":"closed","template":"","meta":[],"product_brand":[],"product_cat":[32],"product_tag":[],"class_list":{"0":"post-37307","1":"product","2":"type-product","3":"status-publish","4":"has-post-thumbnail","6":"product_cat-uncategorized-fi","8":"first","9":"instock","10":"shipping-taxable","11":"purchasable","12":"product-type-simple"},"_links":{"self":[{"href":"https:\/\/nordicmart.andreevmaster.com\/fi\/wp-json\/wp\/v2\/product\/37307","targetHints":{"allow":["GET"]}}],"collection":[{"href":"https:\/\/nordicmart.andreevmaster.com\/fi\/wp-json\/wp\/v2\/product"}],"about":[{"href":"https:\/\/nordicmart.andreevmaster.com\/fi\/wp-json\/wp\/v2\/types\/product"}],"replies":[{"embeddable":true,"href":"https:\/\/nordicmart.andreevmaster.com\/fi\/wp-json\/wp\/v2\/comments?post=37307"}],"wp:featuredmedia":[{"embeddable":true,"href":"https:\/\/nordicmart.andreevmaster.com\/fi\/wp-json\/wp\/v2\/media\/45200"}],"wp:attachment":[{"href":"https:\/\/nordicmart.andreevmaster.com\/fi\/wp-json\/wp\/v2\/media?parent=37307"}],"wp:term":[{"taxonomy":"product_brand","embeddable":true,"href":"https:\/\/nordicmart.andreevmaster.com\/fi\/wp-json\/wp\/v2\/product_brand?post=37307"},{"taxonomy":"product_cat","embeddable":true,"href":"https:\/\/nordicmart.andreevmaster.com\/fi\/wp-json\/wp\/v2\/product_cat?post=37307"},{"taxonomy":"product_tag","embeddable":true,"href":"https:\/\/nordicmart.andreevmaster.com\/fi\/wp-json\/wp\/v2\/product_tag?post=37307"}],"curies":[{"name":"wp","href":"https:\/\/api.w.org\/{rel}","templated":true}]}}