{"id":37303,"date":"2026-02-27T00:38:26","date_gmt":"2026-02-27T00:38:26","guid":{"rendered":"https:\/\/nordicmart.andreevmaster.com\/product\/feandrea-raapimispuu-2-koloa-152-cm-savuharmaa\/"},"modified":"2026-02-27T09:55:16","modified_gmt":"2026-02-27T09:55:16","slug":"feandrea-raapimispuu-2-koloa-152-cm-savuharmaa","status":"publish","type":"product","link":"https:\/\/nordicmart.andreevmaster.com\/fi\/tuote\/feandrea-raapimispuu-2-koloa-152-cm-savuharmaa\/","title":{"rendered":"Feandrea raapimispuu 2 koloa 152 cm savuharmaa"},"content":{"rendered":"<p>T\u00e4m\u00e4 FEANDREA-raapimispuu on valmistettu korkealaatuisesta puristettuun puuhun ja varustettu erilaisilla hauskoilla lis\u00e4varusteilla. Se on t\u00e4ydellinen yhdistelm\u00e4 erinomaista laatua ja monipuolisuutta. Raapimispuun luonnollisilla sisalnaruilla kiedotut tangot est\u00e4v\u00e4t levottomia kissanpentuja raapimasta huonekaluja teroittaakseen kynsi\u00e4\u00e4n. Lis\u00e4ksi roikkuvat lelut tarjoavat ylim\u00e4\u00e4r\u00e4isen annoksen hauskuutta. Tuotetiedot: &#8211; V\u00e4ri: savuharmaa &#8211; Materiaali: puristettu puu, pehmolelu, sisalnarut, tukeva pahviputki &#8211; Koko: 55 x 45 x 152 cm (L x S x K) &#8211; Paino: 21,3 kg Toimitus sis\u00e4lt\u00e4\u00e4:- 1 x raapimispuu &#8211; 1 x asennusohjeet (DE, EN, FR, ES, IT) FEANDREA Huomautukset: &#8211; Aseta raapimispuu tasaiselle alustalle huoneesi nurkkaan. &#8211; Tarkista s\u00e4\u00e4nn\u00f6llisesti, ett\u00e4 kaikki ruuvit ovat kiristettyin\u00e4, ja kirist\u00e4 niit\u00e4 tarvittaessa.- Maksimikantavuus: 3 kissaa (kukin kissa saa painaa enint\u00e4\u00e4n 7 kg) &#8211; Jos kissasi pureskelee turkispalloja tai niihin kiinnitetty\u00e4 joustavaa nauhaa tai haluaa sy\u00f6d\u00e4 t\u00e4m\u00e4n lelun, poista se v\u00e4litt\u00f6m\u00e4sti ja s\u00e4ilyt\u00e4 se kissasi ulottumattomissa.<\/p>\n","protected":false},"excerpt":{"rendered":"<p>Feandrea raapimispuu, vakaa kissapuu, sisalilla p\u00e4\u00e4llystetyill\u00e4 raapimispuilla, pehmustetuilla istuinalustoilla, korilla ja 2 pes\u00e4ll\u00e4, kiipeilypuu kissoille, PCT90G<\/p>\n","protected":false},"featured_media":45196,"comment_status":"open","ping_status":"closed","template":"","meta":[],"product_brand":[],"product_cat":[32],"product_tag":[],"class_list":{"0":"post-37303","1":"product","2":"type-product","3":"status-publish","4":"has-post-thumbnail","6":"product_cat-uncategorized-fi","8":"first","9":"instock","10":"shipping-taxable","11":"purchasable","12":"product-type-simple"},"_links":{"self":[{"href":"https:\/\/nordicmart.andreevmaster.com\/fi\/wp-json\/wp\/v2\/product\/37303","targetHints":{"allow":["GET"]}}],"collection":[{"href":"https:\/\/nordicmart.andreevmaster.com\/fi\/wp-json\/wp\/v2\/product"}],"about":[{"href":"https:\/\/nordicmart.andreevmaster.com\/fi\/wp-json\/wp\/v2\/types\/product"}],"replies":[{"embeddable":true,"href":"https:\/\/nordicmart.andreevmaster.com\/fi\/wp-json\/wp\/v2\/comments?post=37303"}],"wp:featuredmedia":[{"embeddable":true,"href":"https:\/\/nordicmart.andreevmaster.com\/fi\/wp-json\/wp\/v2\/media\/45196"}],"wp:attachment":[{"href":"https:\/\/nordicmart.andreevmaster.com\/fi\/wp-json\/wp\/v2\/media?parent=37303"}],"wp:term":[{"taxonomy":"product_brand","embeddable":true,"href":"https:\/\/nordicmart.andreevmaster.com\/fi\/wp-json\/wp\/v2\/product_brand?post=37303"},{"taxonomy":"product_cat","embeddable":true,"href":"https:\/\/nordicmart.andreevmaster.com\/fi\/wp-json\/wp\/v2\/product_cat?post=37303"},{"taxonomy":"product_tag","embeddable":true,"href":"https:\/\/nordicmart.andreevmaster.com\/fi\/wp-json\/wp\/v2\/product_tag?post=37303"}],"curies":[{"name":"wp","href":"https:\/\/api.w.org\/{rel}","templated":true}]}}