{"id":37301,"date":"2026-02-27T00:38:26","date_gmt":"2026-02-27T00:38:26","guid":{"rendered":"https:\/\/nordicmart.andreevmaster.com\/product\/feandrea-raapimispuu-riippumatolla-154-cm-kerma\/"},"modified":"2026-02-27T09:55:15","modified_gmt":"2026-02-27T09:55:15","slug":"feandrea-raapimispuu-riippumatolla-154-cm-kerma","status":"publish","type":"product","link":"https:\/\/nordicmart.andreevmaster.com\/fi\/tuote\/feandrea-raapimispuu-riippumatolla-154-cm-kerma\/","title":{"rendered":"Feandrea raapimispuu riippumatolla 154 cm kerma"},"content":{"rendered":"<p>T\u00e4m\u00e4 Songmicsin kissanraapimispuu on tyylik\u00e4s ja makoisa, ja se on rekister\u00f6ity ja suojattu yhteis\u00f6n mallisuojana (RCD nro 003429703). Huomautukset: Tuote saattaa tuoksua &#8221;uudelta&#8221; avattaessa pakkausta. T\u00e4m\u00e4 haju h\u00e4vi\u00e4\u00e4 kuitenkin muutaman p\u00e4iv\u00e4n kuluttua, kun koottu raapimispuu asetetaan tuuletettuun tilaan.  On suositeltavaa asettaa raapimispuu sein\u00e4\u00e4 vasten tai nurkkaan, jotta v\u00e4ltet\u00e4\u00e4n raapimispuun ep\u00e4vakaus ja heiluminen, kun painavat kissat kiipe\u00e4v\u00e4t siin\u00e4.  Kest\u00e4vyys: 3\u20134 kissaa (kukin kissa \u2264 7 kg) Jos kissasi alkaa pureskella pehmopalloa tai haluaa sy\u00f6d\u00e4 sen ja kuminauhan, poista lelu ja s\u00e4ilyt\u00e4 se kissasi ulottumattomissa. Br\u00e4ndimme optimoinnin yhteydess\u00e4 olemme korvanneet vanhat pakkaukset uusilla. Ne valitaan satunnaisesti kunkin tuotteen l\u00e4hett\u00e4mist\u00e4 varten, joten on mahdollista, ett\u00e4 saat vanhentuneen pakkausversion. Tuote itsess\u00e4\u00e4n on tietysti uusin versio. Br\u00e4ndimme jatkuvan kehitt\u00e4misen avulla haluamme parantaa ostokokemustasi jatkuvasti. Tuotetiedot: V\u00e4ri: Beige Materiaali: Puulastulevy + pehmuste + sisali Kokonaiskorkeus: noin 154 cm Pohjalevyn mitat: noin 50 x 50 cm Luolan mitat: noin 35 x 25 x 30 cm (L x K x S) Neli\u00f6n muotoisen alustan mitat: noin 36 x 36 cm Soikean alustan mitat (2 kpl): kumpikin noin 50 x 30 cm Paino: noin 16,9 kg Toimitus sis\u00e4lt\u00e4\u00e4: 1 x raapimispuu 1 x ohjeet (DE, EN, FR, IT, ES)<\/p>\n","protected":false},"excerpt":{"rendered":"<p>Feandrea XXL kiipeilypuu, vakaa raapimispuu riippumatolla, luolalla, leikkisisalilla, 154 cm, savuharmaa beige vaaleanharmaa PCT86W<\/p>\n","protected":false},"featured_media":45194,"comment_status":"open","ping_status":"closed","template":"","meta":[],"product_brand":[],"product_cat":[32],"product_tag":[],"class_list":{"0":"post-37301","1":"product","2":"type-product","3":"status-publish","4":"has-post-thumbnail","6":"product_cat-uncategorized-fi","8":"first","9":"instock","10":"shipping-taxable","11":"purchasable","12":"product-type-simple"},"_links":{"self":[{"href":"https:\/\/nordicmart.andreevmaster.com\/fi\/wp-json\/wp\/v2\/product\/37301","targetHints":{"allow":["GET"]}}],"collection":[{"href":"https:\/\/nordicmart.andreevmaster.com\/fi\/wp-json\/wp\/v2\/product"}],"about":[{"href":"https:\/\/nordicmart.andreevmaster.com\/fi\/wp-json\/wp\/v2\/types\/product"}],"replies":[{"embeddable":true,"href":"https:\/\/nordicmart.andreevmaster.com\/fi\/wp-json\/wp\/v2\/comments?post=37301"}],"wp:featuredmedia":[{"embeddable":true,"href":"https:\/\/nordicmart.andreevmaster.com\/fi\/wp-json\/wp\/v2\/media\/45194"}],"wp:attachment":[{"href":"https:\/\/nordicmart.andreevmaster.com\/fi\/wp-json\/wp\/v2\/media?parent=37301"}],"wp:term":[{"taxonomy":"product_brand","embeddable":true,"href":"https:\/\/nordicmart.andreevmaster.com\/fi\/wp-json\/wp\/v2\/product_brand?post=37301"},{"taxonomy":"product_cat","embeddable":true,"href":"https:\/\/nordicmart.andreevmaster.com\/fi\/wp-json\/wp\/v2\/product_cat?post=37301"},{"taxonomy":"product_tag","embeddable":true,"href":"https:\/\/nordicmart.andreevmaster.com\/fi\/wp-json\/wp\/v2\/product_tag?post=37301"}],"curies":[{"name":"wp","href":"https:\/\/api.w.org\/{rel}","templated":true}]}}