{"id":37300,"date":"2026-02-27T00:38:26","date_gmt":"2026-02-27T00:38:26","guid":{"rendered":"https:\/\/nordicmart.andreevmaster.com\/product\/feandrea-raapimispuu-riippumatolla-154-cm-harmaa\/"},"modified":"2026-02-27T09:55:15","modified_gmt":"2026-02-27T09:55:15","slug":"feandrea-raapimispuu-riippumatolla-154-cm-harmaa","status":"publish","type":"product","link":"https:\/\/nordicmart.andreevmaster.com\/fi\/tuote\/feandrea-raapimispuu-riippumatolla-154-cm-harmaa\/","title":{"rendered":"Feandrea raapimispuu riippumatolla 154 cm harmaa"},"content":{"rendered":"<p>Tuotetiedot: V\u00e4ri: savuharmaa Materiaali: lastulevy + pehmolelu + sisali Kokonaiskorkeus: noin 154 cm Pohjalevyn mitat: noin 50 x 50 cm Luolan mitat: noin 35 x 25 x 30 cm (L x K x S)Neli\u00f6n muotoisen alustan mitat: noin 36 x 36 cmSoikean alustan mitat (2 kpl): kumpikin noin 50 x 30 cmPaino: noin 16,9 kg Pakkaus sis\u00e4lt\u00e4\u00e4:1 x raapimispuu1 x ohjeet (DE, EN, FR, IT, ES)FEANDREA Huomautukset:- Tuote saattaa tuoksua uudelta avattaessa<br \/>\n&#8221;uuden&#8221; tuoksun. Tuoksu h\u00e4vi\u00e4\u00e4 muutaman p\u00e4iv\u00e4n kuluttua,<br \/>\njos asetat kootun raapimispuun hyvin ilmastoituun tilaan<br \/>\n. &#8211; On suositeltavaa sijoittaa raapimispuu sein\u00e4n viereen tai<br \/>\n , jotta se pysyy vakaana. (Kantavuus: 3\u20134<br \/>\nkissaa (kukin \u2264 7 kg))- Jos<br \/>\n kissasi alkaa pureskella pehmopalloa tai<br \/>\nsy\u00f6m\u00e4\u00e4n sit\u00e4 ja kuminauhaa, poista lelu<br \/>\n ja s\u00e4ilyt\u00e4 sit\u00e4 kissasi ulottumattomissa.<\/p>\n","protected":false},"excerpt":{"rendered":"<p>Feandrea XXL kiipeilypuu, vakaa raapimispuu riippumatolla, luolalla, leikkisisalilla, 154 cm, savuharmaa beige vaaleanharmaa PCT86W<\/p>\n","protected":false},"featured_media":45193,"comment_status":"open","ping_status":"closed","template":"","meta":[],"product_brand":[],"product_cat":[32],"product_tag":[],"class_list":{"0":"post-37300","1":"product","2":"type-product","3":"status-publish","4":"has-post-thumbnail","6":"product_cat-uncategorized-fi","8":"first","9":"instock","10":"shipping-taxable","11":"purchasable","12":"product-type-simple"},"_links":{"self":[{"href":"https:\/\/nordicmart.andreevmaster.com\/fi\/wp-json\/wp\/v2\/product\/37300","targetHints":{"allow":["GET"]}}],"collection":[{"href":"https:\/\/nordicmart.andreevmaster.com\/fi\/wp-json\/wp\/v2\/product"}],"about":[{"href":"https:\/\/nordicmart.andreevmaster.com\/fi\/wp-json\/wp\/v2\/types\/product"}],"replies":[{"embeddable":true,"href":"https:\/\/nordicmart.andreevmaster.com\/fi\/wp-json\/wp\/v2\/comments?post=37300"}],"wp:featuredmedia":[{"embeddable":true,"href":"https:\/\/nordicmart.andreevmaster.com\/fi\/wp-json\/wp\/v2\/media\/45193"}],"wp:attachment":[{"href":"https:\/\/nordicmart.andreevmaster.com\/fi\/wp-json\/wp\/v2\/media?parent=37300"}],"wp:term":[{"taxonomy":"product_brand","embeddable":true,"href":"https:\/\/nordicmart.andreevmaster.com\/fi\/wp-json\/wp\/v2\/product_brand?post=37300"},{"taxonomy":"product_cat","embeddable":true,"href":"https:\/\/nordicmart.andreevmaster.com\/fi\/wp-json\/wp\/v2\/product_cat?post=37300"},{"taxonomy":"product_tag","embeddable":true,"href":"https:\/\/nordicmart.andreevmaster.com\/fi\/wp-json\/wp\/v2\/product_tag?post=37300"}],"curies":[{"name":"wp","href":"https:\/\/api.w.org\/{rel}","templated":true}]}}