{"id":37297,"date":"2026-02-27T00:38:25","date_gmt":"2026-02-27T00:38:25","guid":{"rendered":"https:\/\/nordicmart.andreevmaster.com\/product\/feandrea-raapimispuu-makuualustalla-70-cm-beige\/"},"modified":"2026-02-27T09:55:14","modified_gmt":"2026-02-27T09:55:14","slug":"feandrea-raapimispuu-makuualustalla-70-cm-beige","status":"publish","type":"product","link":"https:\/\/nordicmart.andreevmaster.com\/fi\/tuote\/feandrea-raapimispuu-makuualustalla-70-cm-beige\/","title":{"rendered":"Feandrea raapimispuu makuualustalla 70 cm beige"},"content":{"rendered":"<p>zoomundo kissanraapimispuu \/ raapimispuu 120 cm harmaa Raapimispuu on ihanteellinen leikki- ja nukkumapaikka kissoille. Se suojaa huonekaluja ja sisustustavaroita ja tarjoaa kissallesi kaiken, mit\u00e4 se tarvitsee onnelliseen el\u00e4m\u00e4\u00e4n asunnossa, oman pienen maailman. Anna kissallesi tarpeeksi mahdollisuuksia viett\u00e4\u00e4 aikaa leikkim\u00e4ll\u00e4. Kissapuu on v\u00e4ltt\u00e4m\u00e4t\u00f6n p\u00e4ivitt\u00e4iseen kynsien teroittamiseen. Suuret tasot maksimoivat tilan villille jahdille ja mukaville halailuhetkille. Erilaiset makuualustat kutsuvat nukkumaan ja torkkumaan, etenkin ylin taso, jossa on pehme\u00e4 reuna, tulee olemaan kissasi suosikki nukkumapaikka. Se sopii t\u00e4ydellisesti lepopaikaksi ja n\u00e4k\u00f6alapaikaksi. Monipuolisten ja vaihtelevien nukkumis- ja raapimismahdollisuuksien ansiosta raapimispuumme sopii erinomaisesti my\u00f6s useamman kissan talouksiin. Tiedot: Materiaali: puristettu puu, pahvi, sisali, pehmolelu Mitat koottuna: noin 49 x 44 x 120 cm (PxLxK) Pehme\u00e4 talo Tikkaat ja kaksi makuualustaa 5 tasoa, ihanteellinen makuupaikka pienille yst\u00e4villesi 10 sisal-pylv\u00e4st\u00e4 T\u00e4m\u00e4 raapimispuu sopii paremmin pienille kissoille. Lis\u00e4ksi suosittelemme kiinnitt\u00e4m\u00e4\u00e4n raapimispuun sein\u00e4\u00e4n sen vakauden vuoksi.<\/p>\n","protected":false},"excerpt":{"rendered":"<p>Feandrea kiipeilypuu raapimispuu makuualustalla 70 cm PCT82M<\/p>\n","protected":false},"featured_media":45190,"comment_status":"open","ping_status":"closed","template":"","meta":[],"product_brand":[],"product_cat":[32],"product_tag":[],"class_list":{"0":"post-37297","1":"product","2":"type-product","3":"status-publish","4":"has-post-thumbnail","6":"product_cat-uncategorized-fi","8":"first","9":"instock","10":"shipping-taxable","11":"purchasable","12":"product-type-simple"},"_links":{"self":[{"href":"https:\/\/nordicmart.andreevmaster.com\/fi\/wp-json\/wp\/v2\/product\/37297","targetHints":{"allow":["GET"]}}],"collection":[{"href":"https:\/\/nordicmart.andreevmaster.com\/fi\/wp-json\/wp\/v2\/product"}],"about":[{"href":"https:\/\/nordicmart.andreevmaster.com\/fi\/wp-json\/wp\/v2\/types\/product"}],"replies":[{"embeddable":true,"href":"https:\/\/nordicmart.andreevmaster.com\/fi\/wp-json\/wp\/v2\/comments?post=37297"}],"wp:featuredmedia":[{"embeddable":true,"href":"https:\/\/nordicmart.andreevmaster.com\/fi\/wp-json\/wp\/v2\/media\/45190"}],"wp:attachment":[{"href":"https:\/\/nordicmart.andreevmaster.com\/fi\/wp-json\/wp\/v2\/media?parent=37297"}],"wp:term":[{"taxonomy":"product_brand","embeddable":true,"href":"https:\/\/nordicmart.andreevmaster.com\/fi\/wp-json\/wp\/v2\/product_brand?post=37297"},{"taxonomy":"product_cat","embeddable":true,"href":"https:\/\/nordicmart.andreevmaster.com\/fi\/wp-json\/wp\/v2\/product_cat?post=37297"},{"taxonomy":"product_tag","embeddable":true,"href":"https:\/\/nordicmart.andreevmaster.com\/fi\/wp-json\/wp\/v2\/product_tag?post=37297"}],"curies":[{"name":"wp","href":"https:\/\/api.w.org\/{rel}","templated":true}]}}