{"id":37296,"date":"2026-02-27T00:38:25","date_gmt":"2026-02-27T00:38:25","guid":{"rendered":"https:\/\/nordicmart.andreevmaster.com\/product\/feandrea-kissapuu-1199-cm\/"},"modified":"2026-02-27T09:55:14","modified_gmt":"2026-02-27T09:55:14","slug":"feandrea-kissapuu-1199-cm","status":"publish","type":"product","link":"https:\/\/nordicmart.andreevmaster.com\/fi\/tuote\/feandrea-kissapuu-1199-cm\/","title":{"rendered":"Feandrea kissapuu 119,9 cm"},"content":{"rendered":"<p>FEANDREAn luovissa ty\u00f6pajoissa kaksi suloista kissanpentua hyppii ymp\u00e4riins\u00e4, tutkii kaikki raapimispuut henkil\u00f6kohtaisesti ja antaa el\u00e4imellisen palautteensa niist\u00e4. N\u00e4in FEANDREAn suunnittelijat saavat ensik\u00e4den, tai pikemminkin ensik\u00e4p\u00e4l\u00e4n, tietoa siit\u00e4, t\u00e4ytt\u00e4v\u00e4tk\u00f6 tuotteet hemmoteltujen viiksekk\u00e4iden vaatimukset. T\u00e4m\u00e4n raapimispuun kohokohdat yhdell\u00e4 silm\u00e4yksell\u00e4: &#8211; Mukavan suuri; sopii jopa kahdelle kissalle, joiden paino on enint\u00e4\u00e4n 7 kg &#8211; Korkea vakaus vahvistetun jalustan ja kaatumissuojan ansiosta &#8211; 2 mukavaa k\u00e4tk\u00f6paikkaa piiloutumiseen- Hyvin pehmustettu n\u00e4k\u00f6alatasanne, jossa on korotetut reunat rentoutumiseen &#8211; Vakaa, 2 runkoon kiinnitetty makuualusta turvalliseen torkutukseen &#8211; Kest\u00e4v\u00e4, pehme\u00e4 pehmustettu p\u00e4\u00e4llinen &#8211; Kest\u00e4v\u00e4t sisalrungot kynsien teroittamiseen &#8211; 1 turkispallo lis\u00e4\u00e4 hauskuutta Tuotetiedot: &#8211; V\u00e4ri: Vaaleanharmaa &#8211; Materiaali: lastulevy, pehmolelu, sisali &#8211; Koko: 49 x 45 x 120 cm (P x L x K) &#8211; Paino: 14,4 kg Toimitus sis\u00e4lt\u00e4\u00e4: &#8211; 1 x raapimispuu &#8211; 1 x kaatumissuoja &#8211; 1 x lis\u00e4varustesarja &#8211; 1 x ohjeet (DE, EN, FR, ES, IT) FEANDREA Huomautukset:- Jos kissasi pureskelee turkispalloa tai kuminauhaa, poista lis\u00e4varusteet v\u00e4litt\u00f6m\u00e4sti ja s\u00e4ilyt\u00e4 ne lemmikkisi ulottumattomissa. &#8211; Jos pehmustettu pes\u00e4 on vaurioitunut, ota v\u00e4litt\u00f6m\u00e4sti yhteytt\u00e4 meihin, jotta t\u00e4m\u00e4 raapimispuun osa voidaan korvata tai l\u00f6yt\u00e4\u00e4 toinen ratkaisu. Vaurioituneet osat voivat aiheuttaa loukkaantumisia, joten vaihda ne v\u00e4litt\u00f6m\u00e4sti. Tuotekuvaus<\/p>\n","protected":false},"excerpt":{"rendered":"<p>Feandrea raapimispuu, vakaa kissapuu, 120 cm, savuharmaa PCT80G<\/p>\n","protected":false},"featured_media":45189,"comment_status":"open","ping_status":"closed","template":"","meta":[],"product_brand":[],"product_cat":[32],"product_tag":[],"class_list":{"0":"post-37296","1":"product","2":"type-product","3":"status-publish","4":"has-post-thumbnail","6":"product_cat-uncategorized-fi","8":"first","9":"instock","10":"shipping-taxable","11":"purchasable","12":"product-type-simple"},"_links":{"self":[{"href":"https:\/\/nordicmart.andreevmaster.com\/fi\/wp-json\/wp\/v2\/product\/37296","targetHints":{"allow":["GET"]}}],"collection":[{"href":"https:\/\/nordicmart.andreevmaster.com\/fi\/wp-json\/wp\/v2\/product"}],"about":[{"href":"https:\/\/nordicmart.andreevmaster.com\/fi\/wp-json\/wp\/v2\/types\/product"}],"replies":[{"embeddable":true,"href":"https:\/\/nordicmart.andreevmaster.com\/fi\/wp-json\/wp\/v2\/comments?post=37296"}],"wp:featuredmedia":[{"embeddable":true,"href":"https:\/\/nordicmart.andreevmaster.com\/fi\/wp-json\/wp\/v2\/media\/45189"}],"wp:attachment":[{"href":"https:\/\/nordicmart.andreevmaster.com\/fi\/wp-json\/wp\/v2\/media?parent=37296"}],"wp:term":[{"taxonomy":"product_brand","embeddable":true,"href":"https:\/\/nordicmart.andreevmaster.com\/fi\/wp-json\/wp\/v2\/product_brand?post=37296"},{"taxonomy":"product_cat","embeddable":true,"href":"https:\/\/nordicmart.andreevmaster.com\/fi\/wp-json\/wp\/v2\/product_cat?post=37296"},{"taxonomy":"product_tag","embeddable":true,"href":"https:\/\/nordicmart.andreevmaster.com\/fi\/wp-json\/wp\/v2\/product_tag?post=37296"}],"curies":[{"name":"wp","href":"https:\/\/api.w.org\/{rel}","templated":true}]}}