{"id":37294,"date":"2026-02-27T00:38:24","date_gmt":"2026-02-27T00:38:24","guid":{"rendered":"https:\/\/nordicmart.andreevmaster.com\/product\/feandrea-raapimispuu-88-cm-irrotettavilla-tyynyilla\/"},"modified":"2026-02-27T09:55:14","modified_gmt":"2026-02-27T09:55:14","slug":"feandrea-raapimispuu-88-cm-irrotettavilla-tyynyilla","status":"publish","type":"product","link":"https:\/\/nordicmart.andreevmaster.com\/fi\/tuote\/feandrea-raapimispuu-88-cm-irrotettavilla-tyynyilla\/","title":{"rendered":"Feandrea raapimispuu 88 cm irrotettavilla tyynyill\u00e4"},"content":{"rendered":"<p>FEANDREAn luovissa ty\u00f6pajoissa kaksi suloista kissanpentua hyppii ymp\u00e4riins\u00e4, tutkii kaikki raapimispuut henkil\u00f6kohtaisesti ja antaa niist\u00e4 el\u00e4imellisen palautteen. N\u00e4in FEANDREAn suunnittelijat saavat ensik\u00e4den, tai pikemminkin ensik\u00e4p\u00e4l\u00e4n, tietoa siit\u00e4, t\u00e4ytt\u00e4v\u00e4tk\u00f6 tuotteet hemmoteltujen viiksekk\u00e4iden vaatimukset. T\u00e4m\u00e4n raapimispuun kohokohdat yhdell\u00e4 silm\u00e4yksell\u00e4: &#8211; Ainutlaatuinen tyyli off-white-v\u00e4risill\u00e4 vanerilevyill\u00e4; sopii erityisen hyvin moderneihin skandinaavistyylisiin asuntoihin &#8211; Tilaa s\u00e4\u00e4st\u00e4v\u00e4; sopii erityisesti pieniin asuntoihin &#8211; Porrasmaisesti j\u00e4rjestetyt kiipeilyelementit; sopii kaiken ik\u00e4isille kissoille &#8211; Valmistettu kest\u00e4v\u00e4st\u00e4, naarmuuntumattomasta vanerista &#8211; Varustettu irrotettavilla, pehmeill\u00e4 tyynyill\u00e4; helppo puhdistaa Tuotetiedot: &#8211; V\u00e4ri: luonnonvalkoinen &#8211; Materiaali: vaneri, sisali &#8211; Koko: 66 x 42 x 88 cm (P x L x K) &#8211; Paino: 11 kg Toimitus sis\u00e4lt\u00e4\u00e4: &#8211; 1 x raapimispuu &#8211; 1 x ohjeet (DE, EN, FR, ES, IT)<\/p>\n","protected":false},"excerpt":{"rendered":"<p>Feandrea Kratzbaum 88 cm, keskikokoinen kissanraapimispuu, jossa 3 makuualustaa ja kolo, kissanhuonekalut MDF:st\u00e4 ja puuviilusta, sisalrunko, pest\u00e4v\u00e4t tekoturkisp\u00e4\u00e4lliset, vintage-ruskea, valkoinen PCT70HW<\/p>\n","protected":false},"featured_media":45187,"comment_status":"open","ping_status":"closed","template":"","meta":[],"product_brand":[],"product_cat":[32],"product_tag":[],"class_list":{"0":"post-37294","1":"product","2":"type-product","3":"status-publish","4":"has-post-thumbnail","6":"product_cat-uncategorized-fi","8":"first","9":"instock","10":"shipping-taxable","11":"purchasable","12":"product-type-simple"},"_links":{"self":[{"href":"https:\/\/nordicmart.andreevmaster.com\/fi\/wp-json\/wp\/v2\/product\/37294","targetHints":{"allow":["GET"]}}],"collection":[{"href":"https:\/\/nordicmart.andreevmaster.com\/fi\/wp-json\/wp\/v2\/product"}],"about":[{"href":"https:\/\/nordicmart.andreevmaster.com\/fi\/wp-json\/wp\/v2\/types\/product"}],"replies":[{"embeddable":true,"href":"https:\/\/nordicmart.andreevmaster.com\/fi\/wp-json\/wp\/v2\/comments?post=37294"}],"wp:featuredmedia":[{"embeddable":true,"href":"https:\/\/nordicmart.andreevmaster.com\/fi\/wp-json\/wp\/v2\/media\/45187"}],"wp:attachment":[{"href":"https:\/\/nordicmart.andreevmaster.com\/fi\/wp-json\/wp\/v2\/media?parent=37294"}],"wp:term":[{"taxonomy":"product_brand","embeddable":true,"href":"https:\/\/nordicmart.andreevmaster.com\/fi\/wp-json\/wp\/v2\/product_brand?post=37294"},{"taxonomy":"product_cat","embeddable":true,"href":"https:\/\/nordicmart.andreevmaster.com\/fi\/wp-json\/wp\/v2\/product_cat?post=37294"},{"taxonomy":"product_tag","embeddable":true,"href":"https:\/\/nordicmart.andreevmaster.com\/fi\/wp-json\/wp\/v2\/product_tag?post=37294"}],"curies":[{"name":"wp","href":"https:\/\/api.w.org\/{rel}","templated":true}]}}