{"id":37293,"date":"2026-02-27T00:38:23","date_gmt":"2026-02-27T00:38:23","guid":{"rendered":"https:\/\/nordicmart.andreevmaster.com\/product\/feandrea-raapimispuu-88-cm-vintage-ruskea\/"},"modified":"2026-02-27T09:55:13","modified_gmt":"2026-02-27T09:55:13","slug":"feandrea-raapimispuu-88-cm-vintage-ruskea","status":"publish","type":"product","link":"https:\/\/nordicmart.andreevmaster.com\/fi\/tuote\/feandrea-raapimispuu-88-cm-vintage-ruskea\/","title":{"rendered":"Feandrea raapimispuu 88 cm vintage-ruskea"},"content":{"rendered":"<p>FEANDREAn luovissa ty\u00f6pajoissa kaksi suloista kissanpentua hyppii ymp\u00e4riins\u00e4, tutkii kaikki raapimispuut henkil\u00f6kohtaisesti ja antaa niist\u00e4 el\u00e4imellisen palautteen. N\u00e4in FEANDREAn suunnittelijat saavat ensik\u00e4den, tai pikemminkin ensik\u00e4p\u00e4l\u00e4n, tietoa siit\u00e4, t\u00e4ytt\u00e4v\u00e4tk\u00f6 tuotteet hemmoteltujen viiksekk\u00e4iden vaatimukset. Kissapuu, jolla on monia etuja Yll\u00e4 oleva kissatorni on l\u00e4p\u00e4issyt kissatestin. Erityisesti miellytt\u00e4v\u00e4 k\u00e4tk\u00f6 ja porrastetut tasot saivat kiitosta. My\u00f6s kokonaan sisalilla p\u00e4\u00e4llystetty runko ja raapimismatto olivat eritt\u00e4in suosittuja. My\u00f6s valkoisesta tekoturkiksesta valmistetut pehmusteet saivat el\u00e4imilt\u00e4 raikuvat suosionosoitukset. Molemmat testaajat pystyiv\u00e4t k\u00e4pertym\u00e4\u00e4n niihin mukavasti ja tunsivat olonsa kuin hieronnassa. Kokeile, mik\u00e4 osa raapimispuustamme on kissasi suosikki, ja jaa lemmikkisi testitulokset muiden el\u00e4inyst\u00e4vien kanssa kommenteissa. Tuotetiedot:- V\u00e4ri: vintage-ruskea-valkoinen &#8211; Materiaali: tekoturkis, sisali, MDF &#8211; Koko: 66 x 42 x 88 cm (P x L x K) &#8211; Paino: 14,9 kg Toimitus sis\u00e4lt\u00e4\u00e4: &#8211; 1 x raapimispuu &#8211; 1 x ohjeet (DE, EN, ES, FR, IT)<\/p>\n","protected":false},"excerpt":{"rendered":"<p>Feandrea Kratzbaum 88 cm, keskikokoinen kissanraapimispuu, jossa 3 makuualustaa ja kolo, kissanhuonekalut MDF:st\u00e4 ja puuviilusta, sisalrunko, pest\u00e4v\u00e4t tekoturkisp\u00e4\u00e4lliset, vintage-ruskea, valkoinen PCT70HW<\/p>\n","protected":false},"featured_media":0,"comment_status":"open","ping_status":"closed","template":"","meta":[],"product_brand":[],"product_cat":[32],"product_tag":[],"class_list":{"0":"post-37293","1":"product","2":"type-product","3":"status-publish","5":"product_cat-uncategorized-fi","7":"first","8":"instock","9":"shipping-taxable","10":"purchasable","11":"product-type-simple"},"_links":{"self":[{"href":"https:\/\/nordicmart.andreevmaster.com\/fi\/wp-json\/wp\/v2\/product\/37293","targetHints":{"allow":["GET"]}}],"collection":[{"href":"https:\/\/nordicmart.andreevmaster.com\/fi\/wp-json\/wp\/v2\/product"}],"about":[{"href":"https:\/\/nordicmart.andreevmaster.com\/fi\/wp-json\/wp\/v2\/types\/product"}],"replies":[{"embeddable":true,"href":"https:\/\/nordicmart.andreevmaster.com\/fi\/wp-json\/wp\/v2\/comments?post=37293"}],"wp:attachment":[{"href":"https:\/\/nordicmart.andreevmaster.com\/fi\/wp-json\/wp\/v2\/media?parent=37293"}],"wp:term":[{"taxonomy":"product_brand","embeddable":true,"href":"https:\/\/nordicmart.andreevmaster.com\/fi\/wp-json\/wp\/v2\/product_brand?post=37293"},{"taxonomy":"product_cat","embeddable":true,"href":"https:\/\/nordicmart.andreevmaster.com\/fi\/wp-json\/wp\/v2\/product_cat?post=37293"},{"taxonomy":"product_tag","embeddable":true,"href":"https:\/\/nordicmart.andreevmaster.com\/fi\/wp-json\/wp\/v2\/product_tag?post=37293"}],"curies":[{"name":"wp","href":"https:\/\/api.w.org\/{rel}","templated":true}]}}