{"id":37292,"date":"2026-02-27T00:38:23","date_gmt":"2026-02-27T00:38:23","guid":{"rendered":"https:\/\/nordicmart.andreevmaster.com\/product\/feandrea-raapimispuu-fleece-85-cm-vaaleanharmaa\/"},"modified":"2026-02-27T09:55:13","modified_gmt":"2026-02-27T09:55:13","slug":"feandrea-raapimispuu-fleece-85-cm-vaaleanharmaa","status":"publish","type":"product","link":"https:\/\/nordicmart.andreevmaster.com\/fi\/tuote\/feandrea-raapimispuu-fleece-85-cm-vaaleanharmaa\/","title":{"rendered":"Feandrea raapimispuu fleece 85 cm vaaleanharmaa"},"content":{"rendered":"<p>FEANDREAn luovissa ty\u00f6pajoissa hyppii kaksi suloista kissanpentua, jotka tutkivat kaikki raapimispuut henkil\u00f6kohtaisesti ja antavat niist\u00e4 el\u00e4imellisen palautteen. N\u00e4in FEANDREAn suunnittelijat saavat ensik\u00e4den eli ensik\u00e4p\u00e4l\u00e4n tietoa siit\u00e4, t\u00e4ytt\u00e4v\u00e4tk\u00f6 tuotteet hemmoteltujen viiksekk\u00e4iden vaatimukset. Kissapuu, jolla on monia etuja Yll\u00e4 oleva kissatorni on l\u00e4p\u00e4issyt kissatestin. Erityisesti kissat pitiv\u00e4t pehme\u00e4st\u00e4 n\u00e4k\u00f6alatasanteesta ja kahdesta mukavasta pes\u00e4st\u00e4. My\u00f6s kokonaan sisalilla p\u00e4\u00e4llystetyt puunrungot olivat eritt\u00e4in suosittuja. Nuoret kissat pitiv\u00e4t my\u00f6s siit\u00e4, ett\u00e4 raapimispuu on melkein yht\u00e4 korkea kuin ikkunalaudalla. N\u00e4in ne pystyiv\u00e4t katsomaan ikkunasta ulos ongelmitta. Kahden apuportaan muotoilu sopii my\u00f6s t\u00e4ydellisesti vanhemmille kissoille. El\u00e4inten suosion osui my\u00f6s raapimispuun fleece-p\u00e4\u00e4llinen. Molemmat testaajat pystyiv\u00e4t k\u00e4pertym\u00e4\u00e4n siihen mukavasti ja tunsivat olonsa kuin hieronnassa. Kokeile, mik\u00e4 osa raapimispuustamme on kissasi suosikki, ja jaa testitulokset muiden el\u00e4inyst\u00e4vien kanssa kommenteissa. Tuotetiedot:- V\u00e4ri: vaaleanharmaa, valkoinen &#8211; Materiaali: fleece, sisali, pahvi, CARB-sertifioitu puulastulevy &#8211; Koko: 50 x 50 x 90 cm (P x L x K) &#8211; Paino: 11,7 kg Toimitus sis\u00e4lt\u00e4\u00e4: &#8211; 1 x raapimispuu &#8211; 1 x ohjeet (DE, EN, ES, FR, IT)<\/p>\n","protected":false},"excerpt":{"rendered":"<p>Feandrea raapimispuu 85 cm, keskikokoinen kissan raapimispuu pehmustetulla makuualustalla ja 2 k\u00e4tk\u00f6paikalla, fleece-kissanpuu, sisal-rungot, nuorille ja vanhemmille kissoille, vakaa, vaaleanharmaa PCT69W<\/p>\n","protected":false},"featured_media":45186,"comment_status":"open","ping_status":"closed","template":"","meta":[],"product_brand":[],"product_cat":[32],"product_tag":[],"class_list":{"0":"post-37292","1":"product","2":"type-product","3":"status-publish","4":"has-post-thumbnail","6":"product_cat-uncategorized-fi","8":"first","9":"instock","10":"shipping-taxable","11":"purchasable","12":"product-type-simple"},"_links":{"self":[{"href":"https:\/\/nordicmart.andreevmaster.com\/fi\/wp-json\/wp\/v2\/product\/37292","targetHints":{"allow":["GET"]}}],"collection":[{"href":"https:\/\/nordicmart.andreevmaster.com\/fi\/wp-json\/wp\/v2\/product"}],"about":[{"href":"https:\/\/nordicmart.andreevmaster.com\/fi\/wp-json\/wp\/v2\/types\/product"}],"replies":[{"embeddable":true,"href":"https:\/\/nordicmart.andreevmaster.com\/fi\/wp-json\/wp\/v2\/comments?post=37292"}],"wp:featuredmedia":[{"embeddable":true,"href":"https:\/\/nordicmart.andreevmaster.com\/fi\/wp-json\/wp\/v2\/media\/45186"}],"wp:attachment":[{"href":"https:\/\/nordicmart.andreevmaster.com\/fi\/wp-json\/wp\/v2\/media?parent=37292"}],"wp:term":[{"taxonomy":"product_brand","embeddable":true,"href":"https:\/\/nordicmart.andreevmaster.com\/fi\/wp-json\/wp\/v2\/product_brand?post=37292"},{"taxonomy":"product_cat","embeddable":true,"href":"https:\/\/nordicmart.andreevmaster.com\/fi\/wp-json\/wp\/v2\/product_cat?post=37292"},{"taxonomy":"product_tag","embeddable":true,"href":"https:\/\/nordicmart.andreevmaster.com\/fi\/wp-json\/wp\/v2\/product_tag?post=37292"}],"curies":[{"name":"wp","href":"https:\/\/api.w.org\/{rel}","templated":true}]}}