{"id":37291,"date":"2026-02-27T00:38:23","date_gmt":"2026-02-27T00:38:23","guid":{"rendered":"https:\/\/nordicmart.andreevmaster.com\/product\/feandrea-raapimispuu-keinotekoinen-pellava-136-cm-vaaleanharmaa\/"},"modified":"2026-02-27T09:55:13","modified_gmt":"2026-02-27T09:55:13","slug":"feandrea-raapimispuu-keinotekoinen-pellava-136-cm-vaaleanharmaa","status":"publish","type":"product","link":"https:\/\/nordicmart.andreevmaster.com\/fi\/tuote\/feandrea-raapimispuu-keinotekoinen-pellava-136-cm-vaaleanharmaa\/","title":{"rendered":"Feandrea raapimispuu, keinotekoinen pellava, 136 cm, vaaleanharmaa"},"content":{"rendered":"<p>FEANDREA-kissapuut tarjoavat kaikki ominaisuudet, joita tarvitset kissasi hyvinvointiin. RELAKSOINTI \u2013 Ylellinen makuualusta pehmustetulla reunalla tarjoaa ensiluokkaisen lepotilan. RAAPIMINEN \u2013 Paksut pylv\u00e4\u00e4t, jotka on k\u00e4\u00e4ritty luonnollisella sisalnarulla, auttavat kissojasi venytt\u00e4m\u00e4\u00e4n lihaksiaan ja teroittamaan kynsi\u00e4\u00e4n.NUKKUMINEN \u2013 Mukavan luolan ansiosta kissasi saavat vihdoin oman s\u00e4ngyn, jossa voivat nukkua pitki\u00e4 p\u00e4iv\u00e4unia. Olipa sinulla sitten kissanpentuja, isoja kissoja tai vanhoja kissoja, t\u00e4m\u00e4 raapimispuu on upea koti karvaisille yst\u00e4villesi. Tuotetiedot: V\u00e4ri: vaaleanharmaa Materiaalit: lastulevy, keinokangas, sisalnarut Tuotteen koko: 54 x 44 x 136 cm (L x S x K) Paino: 12,9 kg Sopii 2 kissalle, joiden paino on \u2264 7 kg Pakkauksen sis\u00e4lt\u00f6: 1 x raapimispuu 1 x ohjeet (DE, EN, FR, ES, IT) FEANDREA Huomautukset: Jos kissasi alkaa sy\u00f6d\u00e4 tai pureskella turkispalloja tai kuminauhaa, poista lelut ja s\u00e4ilyt\u00e4 ne kissasi ulottumattomissa. Aseta raapimispuu pakkauksesta purkamisen j\u00e4lkeen hyvin ilmastoituun paikkaan, jotta mahdolliset hajut poistuvat ja se p\u00e4\u00e4see tuulettumaan. Tarkista s\u00e4\u00e4nn\u00f6llisesti ruuvien kireys turvallisen k\u00e4yt\u00f6n varmistamiseksi. Aseta raapimispuu tasaiselle alustalle sein\u00e4\u00e4 vasten.  <\/p>\n","protected":false},"excerpt":{"rendered":"<p>Feandrea monikerroksinen raapimispuu sisalilla p\u00e4\u00e4llystetyill\u00e4 rungoilla, kissapuu pehmustetulla leikkim\u00f6kill\u00e4 ja yl\u00e4osassa makuualustalla, kissakalusteet, keinotekoinen pellavapinta, vaaleanharmaa PCT64W<\/p>\n","protected":false},"featured_media":45185,"comment_status":"open","ping_status":"closed","template":"","meta":[],"product_brand":[],"product_cat":[32],"product_tag":[],"class_list":{"0":"post-37291","1":"product","2":"type-product","3":"status-publish","4":"has-post-thumbnail","6":"product_cat-uncategorized-fi","8":"first","9":"instock","10":"shipping-taxable","11":"purchasable","12":"product-type-simple"},"_links":{"self":[{"href":"https:\/\/nordicmart.andreevmaster.com\/fi\/wp-json\/wp\/v2\/product\/37291","targetHints":{"allow":["GET"]}}],"collection":[{"href":"https:\/\/nordicmart.andreevmaster.com\/fi\/wp-json\/wp\/v2\/product"}],"about":[{"href":"https:\/\/nordicmart.andreevmaster.com\/fi\/wp-json\/wp\/v2\/types\/product"}],"replies":[{"embeddable":true,"href":"https:\/\/nordicmart.andreevmaster.com\/fi\/wp-json\/wp\/v2\/comments?post=37291"}],"wp:featuredmedia":[{"embeddable":true,"href":"https:\/\/nordicmart.andreevmaster.com\/fi\/wp-json\/wp\/v2\/media\/45185"}],"wp:attachment":[{"href":"https:\/\/nordicmart.andreevmaster.com\/fi\/wp-json\/wp\/v2\/media?parent=37291"}],"wp:term":[{"taxonomy":"product_brand","embeddable":true,"href":"https:\/\/nordicmart.andreevmaster.com\/fi\/wp-json\/wp\/v2\/product_brand?post=37291"},{"taxonomy":"product_cat","embeddable":true,"href":"https:\/\/nordicmart.andreevmaster.com\/fi\/wp-json\/wp\/v2\/product_cat?post=37291"},{"taxonomy":"product_tag","embeddable":true,"href":"https:\/\/nordicmart.andreevmaster.com\/fi\/wp-json\/wp\/v2\/product_tag?post=37291"}],"curies":[{"name":"wp","href":"https:\/\/api.w.org\/{rel}","templated":true}]}}