{"id":37290,"date":"2026-02-27T00:38:23","date_gmt":"2026-02-27T00:38:23","guid":{"rendered":"https:\/\/nordicmart.andreevmaster.com\/product\/feandrea-vakaa-raapimispuu-riippumatolla-ja-portailla\/"},"modified":"2026-02-27T09:55:13","modified_gmt":"2026-02-27T09:55:13","slug":"feandrea-vakaa-raapimispuu-riippumatolla-ja-portailla","status":"publish","type":"product","link":"https:\/\/nordicmart.andreevmaster.com\/fi\/tuote\/feandrea-vakaa-raapimispuu-riippumatolla-ja-portailla\/","title":{"rendered":"Feandrea Vakaa raapimispuu riippumatolla ja portailla"},"content":{"rendered":"<p>Se on trendikk\u00e4\u00e4n muotoinen raapimispuukombinaatio. Suuren pohjalevyn ja paksujen pylv\u00e4iden ansiosta se on tukeva ja vakaa rakenne. Puu sopii erinomaisesti my\u00f6s useammalle kissalle. Se tarjoaa runsaasti tilaa piiloutumiseen, nukkumiseen tai leikkimiseen. Luola, n\u00e4k\u00f6alatasanteet ja tikkaat kutsuvat leikkim\u00e4\u00e4n ja tarkkailemaan. Kissat teroittavat kynsi\u00e4\u00e4n sisalk\u00f6ydell\u00e4 p\u00e4\u00e4llystettyihin puihin ja tikkaisiin.  Erityisen vankka rakenne takaa, ett\u00e4 t\u00e4m\u00e4 yhdistelm\u00e4 ilahduttaa sinua ja kissaasi pitk\u00e4\u00e4n. Huomautus: &#8211; Tuote saattaa tuoksua &#8221;uudelta&#8221; avattaessa. Tuoksu h\u00e4vi\u00e4\u00e4 kuitenkin viikon kuluessa, kun koottu raapimispuu asetetaan tuuletettuun tilaan. &#8211; Poistaaksesi kiinni j\u00e4\u00e4neet hajut, tuuleta koottua raapimispuuta muutaman p\u00e4iv\u00e4n ajan. &#8211; On suositeltavaa, ett\u00e4 raapimispuu asetetaan sein\u00e4\u00e4 vasten tai nurkkaan, jotta v\u00e4ltet\u00e4\u00e4n raapimispuun ep\u00e4vakaus ja heiluminen, kun painavat kissat kiipe\u00e4v\u00e4t siin\u00e4. &#8211; Kirist\u00e4 kaikkien osien ruuvit uudelleen 2\u20133 p\u00e4iv\u00e4n kuluttua kokoonpanosta. Tarkista ruuvien kiinnityksen kunto v\u00e4hint\u00e4\u00e4n kerran kuukaudessa k\u00e4yt\u00f6n aikana. &#8211; Kantavuus: 3\u20134 kissaa (kukin kissa: 7 kg) Tuotetiedot:- Kokonaiskorkeus: noin 140 cm &#8211; Pohjalevy: noin 75 x 40 cm &#8211; Mitat: noin 75 x 140 x 70 cm &#8211; Luola: \u00d8 noin 19; korkeus 25 cm &#8211; raapimispylv\u00e4s: \u00d8 noin 16; korkeus 25 cm &#8211; pylv\u00e4iden \u00d8: noin 8,6 cm &#8211; materiaali: lastulevy + pehmuste (polyesteri) + sisali &#8211; paino: 16 kg Toimitus sis\u00e4lt\u00e4\u00e4: &#8211; 1 x kissapuu &#8211; 1 x ty\u00f6kalu &#8211; 1 x ohjeet (De, EN, FR, IT, ES)<\/p>\n","protected":false},"excerpt":{"rendered":"<p>Feandrea Vakaa raapimispuu riippumatolla ja portailla, korkeus 140 cm, paksut sisalpuut, halkaisija \u00d8 8,6 cm PCT63G<\/p>\n","protected":false},"featured_media":45184,"comment_status":"open","ping_status":"closed","template":"","meta":[],"product_brand":[],"product_cat":[32],"product_tag":[],"class_list":{"0":"post-37290","1":"product","2":"type-product","3":"status-publish","4":"has-post-thumbnail","6":"product_cat-uncategorized-fi","8":"first","9":"instock","10":"shipping-taxable","11":"purchasable","12":"product-type-simple"},"_links":{"self":[{"href":"https:\/\/nordicmart.andreevmaster.com\/fi\/wp-json\/wp\/v2\/product\/37290","targetHints":{"allow":["GET"]}}],"collection":[{"href":"https:\/\/nordicmart.andreevmaster.com\/fi\/wp-json\/wp\/v2\/product"}],"about":[{"href":"https:\/\/nordicmart.andreevmaster.com\/fi\/wp-json\/wp\/v2\/types\/product"}],"replies":[{"embeddable":true,"href":"https:\/\/nordicmart.andreevmaster.com\/fi\/wp-json\/wp\/v2\/comments?post=37290"}],"wp:featuredmedia":[{"embeddable":true,"href":"https:\/\/nordicmart.andreevmaster.com\/fi\/wp-json\/wp\/v2\/media\/45184"}],"wp:attachment":[{"href":"https:\/\/nordicmart.andreevmaster.com\/fi\/wp-json\/wp\/v2\/media?parent=37290"}],"wp:term":[{"taxonomy":"product_brand","embeddable":true,"href":"https:\/\/nordicmart.andreevmaster.com\/fi\/wp-json\/wp\/v2\/product_brand?post=37290"},{"taxonomy":"product_cat","embeddable":true,"href":"https:\/\/nordicmart.andreevmaster.com\/fi\/wp-json\/wp\/v2\/product_cat?post=37290"},{"taxonomy":"product_tag","embeddable":true,"href":"https:\/\/nordicmart.andreevmaster.com\/fi\/wp-json\/wp\/v2\/product_tag?post=37290"}],"curies":[{"name":"wp","href":"https:\/\/api.w.org\/{rel}","templated":true}]}}