{"id":37289,"date":"2026-02-27T00:38:22","date_gmt":"2026-02-27T00:38:22","guid":{"rendered":"https:\/\/nordicmart.andreevmaster.com\/product\/feandrea-raapimispuu-2-kolossa-84-cm-vaaleanharmaa\/"},"modified":"2026-02-27T09:55:12","modified_gmt":"2026-02-27T09:55:12","slug":"feandrea-raapimispuu-2-kolossa-84-cm-vaaleanharmaa","status":"publish","type":"product","link":"https:\/\/nordicmart.andreevmaster.com\/fi\/tuote\/feandrea-raapimispuu-2-kolossa-84-cm-vaaleanharmaa\/","title":{"rendered":"Feandrea raapimispuu 2 kolossa 84 cm vaaleanharmaa"},"content":{"rendered":"<p>Tuotetiedot: &#8211; V\u00e4ri: vaaleanharmaa &#8211; Materiaali: CARB-sertifioitu lastulevy, pehmolelu, sisali &#8211; Tuotteen mitat: 60 x 40 x 84 cm (L x S x K) &#8211; Paino: 10,9 kg Toimitus sis\u00e4lt\u00e4\u00e4: &#8211; 1 x raapimispuu &#8211; 1 x ohjeet (DE, EN, FR, ES, IT) FEANDREA Huomautukset:- Aseta raapimispuu tasaiselle alustalle huoneen nurkkaan. &#8211; \u00c4l\u00e4 aseta t\u00e4t\u00e4 tuotetta kosteaan ymp\u00e4rist\u00f6\u00f6n. &#8211; Lapset eiv\u00e4t saa kiivet\u00e4 raapimispuuhun tai leikki\u00e4 sill\u00e4. &#8211; Suosittelemme kiinnitt\u00e4m\u00e4\u00e4n t\u00e4m\u00e4n tornin sein\u00e4\u00e4n mukana toimitetuilla kaatumissuojilla.<\/p>\n","protected":false},"excerpt":{"rendered":"<p>Feandrea raapimispuu, kissapuu, jossa on suuri taso ja 2 pehmustettua koloa, leikkim\u00f6kki, kiipeilymets\u00e4 kissoille, vaaleanharmaa PCT61W<\/p>\n","protected":false},"featured_media":45183,"comment_status":"open","ping_status":"closed","template":"","meta":[],"product_brand":[],"product_cat":[32],"product_tag":[],"class_list":{"0":"post-37289","1":"product","2":"type-product","3":"status-publish","4":"has-post-thumbnail","6":"product_cat-uncategorized-fi","8":"first","9":"instock","10":"shipping-taxable","11":"purchasable","12":"product-type-simple"},"_links":{"self":[{"href":"https:\/\/nordicmart.andreevmaster.com\/fi\/wp-json\/wp\/v2\/product\/37289","targetHints":{"allow":["GET"]}}],"collection":[{"href":"https:\/\/nordicmart.andreevmaster.com\/fi\/wp-json\/wp\/v2\/product"}],"about":[{"href":"https:\/\/nordicmart.andreevmaster.com\/fi\/wp-json\/wp\/v2\/types\/product"}],"replies":[{"embeddable":true,"href":"https:\/\/nordicmart.andreevmaster.com\/fi\/wp-json\/wp\/v2\/comments?post=37289"}],"wp:featuredmedia":[{"embeddable":true,"href":"https:\/\/nordicmart.andreevmaster.com\/fi\/wp-json\/wp\/v2\/media\/45183"}],"wp:attachment":[{"href":"https:\/\/nordicmart.andreevmaster.com\/fi\/wp-json\/wp\/v2\/media?parent=37289"}],"wp:term":[{"taxonomy":"product_brand","embeddable":true,"href":"https:\/\/nordicmart.andreevmaster.com\/fi\/wp-json\/wp\/v2\/product_brand?post=37289"},{"taxonomy":"product_cat","embeddable":true,"href":"https:\/\/nordicmart.andreevmaster.com\/fi\/wp-json\/wp\/v2\/product_cat?post=37289"},{"taxonomy":"product_tag","embeddable":true,"href":"https:\/\/nordicmart.andreevmaster.com\/fi\/wp-json\/wp\/v2\/product_tag?post=37289"}],"curies":[{"name":"wp","href":"https:\/\/api.w.org\/{rel}","templated":true}]}}