{"id":37288,"date":"2026-02-27T00:38:22","date_gmt":"2026-02-27T00:38:22","guid":{"rendered":"https:\/\/nordicmart.andreevmaster.com\/product\/feandrea-raapimispuu-2-kololla-84-cm-beige\/"},"modified":"2026-02-27T09:55:12","modified_gmt":"2026-02-27T09:55:12","slug":"feandrea-raapimispuu-2-kololla-84-cm-beige","status":"publish","type":"product","link":"https:\/\/nordicmart.andreevmaster.com\/fi\/tuote\/feandrea-raapimispuu-2-kololla-84-cm-beige\/","title":{"rendered":"Feandrea raapimispuu 2 kololla 84 cm beige"},"content":{"rendered":"<p>FEANDREA-kissapuun ominaisuudet auttavat kissaasi kukoistamaan. RELAKSOI \u2013 Suurennettu yl\u00e4osa ja korotettu reuna tarjoavat ylellisen lepotilan.RAAPIMINEN \u2013 Vahvat tangot, jotka on p\u00e4\u00e4llystetty luonnollisella sisalk\u00f6ydell\u00e4, antavat kissoille mahdollisuuden raapia kynsi\u00e4\u00e4n ja venytt\u00e4\u00e4 lihaksiaan. NUKKUMINEN \u2013 Kahden luolan ansiosta kissasi voivat vihdoin nukkua omassa s\u00e4ngyss\u00e4 ja k\u00e4ytt\u00e4yty\u00e4 rauhallisesti. Kaiken t\u00e4m\u00e4n hauskanpidon lis\u00e4ksi my\u00f6s lemmikkiesi turvallisuus on taattu. Pohja on vahvistettu listoilla vakauden takaamiseksi; mukana toimitetaan my\u00f6s kaatumisenestokinnikkeet, joiden avulla voit kiinnitt\u00e4\u00e4 raapimispuun sein\u00e4\u00e4n. Olipa sinulla kissanpentuja, isoja kissoja tai vanhempia kissoja, t\u00e4m\u00e4 kissapuu on ihana koti karvaisille yst\u00e4villesi. Tuotetiedot:- V\u00e4ri: beige &#8211; Materiaali: CARB-sertifioitu lastulevy, pehmolelu, sisali &#8211; Tuotteen mitat: 60 x 40 x 84 cm (L x S x K) &#8211; Paino: 10,9 kg Toimitus sis\u00e4lt\u00e4\u00e4: &#8211; 1 x raapimispuu &#8211; 1 x ohjeet (DE, EN, FR, ES, IT) FEANDREA Huomautukset:- Aseta raapimispuu tasaiselle alustalle huoneen nurkkaan. &#8211; V\u00e4lt\u00e4 kosteaa ymp\u00e4rist\u00f6\u00e4. &#8211; Lapset eiv\u00e4t saa kiivet\u00e4 raapimispuuhun tai leikki\u00e4 sen kanssa. &#8211; Suosittelemme kiinnitt\u00e4m\u00e4\u00e4n t\u00e4m\u00e4n tornin sein\u00e4\u00e4n mukana toimitetuilla kaatumisenestolaitteilla.<\/p>\n","protected":false},"excerpt":{"rendered":"<p>Feandrea raapimispuu, kissapuu, jossa on suuri taso ja 2 pehmustettua koloa, leikkim\u00f6kki, kiipeilymets\u00e4 kissoille, vaaleanharmaa PCT61W<\/p>\n","protected":false},"featured_media":0,"comment_status":"open","ping_status":"closed","template":"","meta":[],"product_brand":[],"product_cat":[32],"product_tag":[],"class_list":{"0":"post-37288","1":"product","2":"type-product","3":"status-publish","5":"product_cat-uncategorized-fi","7":"first","8":"instock","9":"shipping-taxable","10":"purchasable","11":"product-type-simple"},"_links":{"self":[{"href":"https:\/\/nordicmart.andreevmaster.com\/fi\/wp-json\/wp\/v2\/product\/37288","targetHints":{"allow":["GET"]}}],"collection":[{"href":"https:\/\/nordicmart.andreevmaster.com\/fi\/wp-json\/wp\/v2\/product"}],"about":[{"href":"https:\/\/nordicmart.andreevmaster.com\/fi\/wp-json\/wp\/v2\/types\/product"}],"replies":[{"embeddable":true,"href":"https:\/\/nordicmart.andreevmaster.com\/fi\/wp-json\/wp\/v2\/comments?post=37288"}],"wp:attachment":[{"href":"https:\/\/nordicmart.andreevmaster.com\/fi\/wp-json\/wp\/v2\/media?parent=37288"}],"wp:term":[{"taxonomy":"product_brand","embeddable":true,"href":"https:\/\/nordicmart.andreevmaster.com\/fi\/wp-json\/wp\/v2\/product_brand?post=37288"},{"taxonomy":"product_cat","embeddable":true,"href":"https:\/\/nordicmart.andreevmaster.com\/fi\/wp-json\/wp\/v2\/product_cat?post=37288"},{"taxonomy":"product_tag","embeddable":true,"href":"https:\/\/nordicmart.andreevmaster.com\/fi\/wp-json\/wp\/v2\/product_tag?post=37288"}],"curies":[{"name":"wp","href":"https:\/\/api.w.org\/{rel}","templated":true}]}}