{"id":37277,"date":"2026-02-27T00:38:18","date_gmt":"2026-02-27T00:38:18","guid":{"rendered":"https:\/\/nordicmart.andreevmaster.com\/product\/feandrea-raapimispuu-korkealla-tornilla-138-cm-harmaa\/"},"modified":"2026-02-27T09:55:10","modified_gmt":"2026-02-27T09:55:10","slug":"feandrea-raapimispuu-korkealla-tornilla-138-cm-harmaa","status":"publish","type":"product","link":"https:\/\/nordicmart.andreevmaster.com\/fi\/tuote\/feandrea-raapimispuu-korkealla-tornilla-138-cm-harmaa\/","title":{"rendered":"Feandrea raapimispuu korkealla tornilla 138 cm harmaa"},"content":{"rendered":"<p>Keskikokoinen raapimispuu leikkimiseen ja laiskotteluunIhanteellinen raapimispuu kissoille, jotka tykk\u00e4\u00e4v\u00e4t riehua ja laiskotella mukavassa s\u00e4ngyss\u00e4. Pehme\u00e4ll\u00e4 kankaalla p\u00e4\u00e4llystetyt makuualustat tarjoavat miellytt\u00e4v\u00e4n makuualustan, joka on suunniteltu my\u00f6s riehumiseen. Monitoiminen raapimispuu: jokaisessa tangossa ja pohjalevyss\u00e4 on useita raapimismahdollisuuksia, ja kissa voi nauttia raapimispuusta monin tavoin, sill\u00e4 siin\u00e4 on luola, riippumatto ja makuualustat. Lis\u00e4ksi mukana on klassinen kalastuspeli, joka on kiinnitetty tukevasti, jotta kissasi voi el\u00e4\u00e4 leikkimielens\u00e4. Mukana tulevien asennusohjeiden avulla voit koota kissanpuun nopeasti ja turvallisesti. Tuotetiedot: V\u00e4ri: vaaleanharmaa Materiaali: lastulevy, pehmustettu kangas, sisali, vahvistetusta pahvista valmistetut pylv\u00e4\u00e4t Koko: 55 x 40 x 138 cm (P x L x K) Paino: 13,5 kg Toimitus sis\u00e4lt\u00e4\u00e4: 1 x kissapuu 1 x ohjeet (DE, EN, FR, IT, ES) SONGMICS Huomautukset: Aseta kissapuu tasaiselle alustalle sein\u00e4\u00e4 vasten. V\u00e4lt\u00e4 kosteutta kissapuussa. Pid\u00e4 lapset poissa kissapuusta.Br\u00e4ndimme optimoinnin yhteydess\u00e4 olemme korvanneet vanhat pakkaukset uusilla. Ne valitaan satunnaisesti kunkin tuotteen l\u00e4hett\u00e4mist\u00e4 varten, joten on mahdollista, ett\u00e4 saat vanhentuneen pakkausversion. Tuote itsess\u00e4\u00e4n on tietysti uusin versio. Br\u00e4ndimme jatkuvan kehitt\u00e4misen avulla haluamme parantaa ostokokemustasi jatkuvasti.<\/p>\n","protected":false},"excerpt":{"rendered":"<p>Feandrea kissapuu raapimispuulla, kiipeilypuu kissoille, korkeus 138 cm, luolalla ja makuualustoilla, vaaleanharmaa PCT60W<\/p>\n","protected":false},"featured_media":45176,"comment_status":"open","ping_status":"closed","template":"","meta":[],"product_brand":[],"product_cat":[32],"product_tag":[],"class_list":{"0":"post-37277","1":"product","2":"type-product","3":"status-publish","4":"has-post-thumbnail","6":"product_cat-uncategorized-fi","8":"first","9":"instock","10":"shipping-taxable","11":"purchasable","12":"product-type-simple"},"_links":{"self":[{"href":"https:\/\/nordicmart.andreevmaster.com\/fi\/wp-json\/wp\/v2\/product\/37277","targetHints":{"allow":["GET"]}}],"collection":[{"href":"https:\/\/nordicmart.andreevmaster.com\/fi\/wp-json\/wp\/v2\/product"}],"about":[{"href":"https:\/\/nordicmart.andreevmaster.com\/fi\/wp-json\/wp\/v2\/types\/product"}],"replies":[{"embeddable":true,"href":"https:\/\/nordicmart.andreevmaster.com\/fi\/wp-json\/wp\/v2\/comments?post=37277"}],"wp:featuredmedia":[{"embeddable":true,"href":"https:\/\/nordicmart.andreevmaster.com\/fi\/wp-json\/wp\/v2\/media\/45176"}],"wp:attachment":[{"href":"https:\/\/nordicmart.andreevmaster.com\/fi\/wp-json\/wp\/v2\/media?parent=37277"}],"wp:term":[{"taxonomy":"product_brand","embeddable":true,"href":"https:\/\/nordicmart.andreevmaster.com\/fi\/wp-json\/wp\/v2\/product_brand?post=37277"},{"taxonomy":"product_cat","embeddable":true,"href":"https:\/\/nordicmart.andreevmaster.com\/fi\/wp-json\/wp\/v2\/product_cat?post=37277"},{"taxonomy":"product_tag","embeddable":true,"href":"https:\/\/nordicmart.andreevmaster.com\/fi\/wp-json\/wp\/v2\/product_tag?post=37277"}],"curies":[{"name":"wp","href":"https:\/\/api.w.org\/{rel}","templated":true}]}}