{"id":37274,"date":"2026-02-27T00:38:17","date_gmt":"2026-02-27T00:38:17","guid":{"rendered":"https:\/\/nordicmart.andreevmaster.com\/product\/feandrea-raapimispuu-2-luolalla-85-cm-antrasiitti\/"},"modified":"2026-02-27T09:55:09","modified_gmt":"2026-02-27T09:55:09","slug":"feandrea-raapimispuu-2-luolalla-85-cm-antrasiitti","status":"publish","type":"product","link":"https:\/\/nordicmart.andreevmaster.com\/fi\/tuote\/feandrea-raapimispuu-2-luolalla-85-cm-antrasiitti\/","title":{"rendered":"Feandrea raapimispuu 2 luolalla 85 cm antrasiitti"},"content":{"rendered":"<p>FEANDREA-kissapuun ominaisuudet ovat kaikki mit\u00e4 tarvitset, jotta kissasi voi kukoistaa. RUOKINTA \u2013 Alimmalla hyllyll\u00e4 oleva ruokakuppi takaa, ett\u00e4 kissasi ei kyll\u00e4sty t\u00e4h\u00e4n kissapuun. RELAKSOINTI \u2013 Ylellinen makuutila pehmustetulla reunalla tarjoaa ensiluokkaisen rentoutumiskokemuksen.RAAPIMINEN \u2013 Paksut, luonnollisella sisalk\u00f6ydell\u00e4 kiedotut puunrungot auttavat kissojasi venyttelem\u00e4\u00e4n ja teroittamaan kynsi\u00e4\u00e4n. NUKKUMINEN \u2013 Mukavien luolien ansiosta kissasi saavat vihdoin omat s\u00e4ngyt ja voivat tehd\u00e4 rauhan kesken\u00e4\u00e4n.  Tuotetiedot: &#8211; V\u00e4ri: antrasiitti &#8211; Materiaali: lastulevy, pehmolelu, sisalnaru &#8211; Mitat: 50 x 40 x 85 cm (L x S x K) &#8211; Paino: 13,4 kg Toimitus sis\u00e4lt\u00e4\u00e4: &#8211; 1 x raapimispuu &#8211; 1 x ohjeet (DE, EN, FR, IT, ES) FEANDREA Huomautukset:- Jos kissasi alkaa sy\u00f6d\u00e4 tai pureskella turkispalloja tai kuminauhaa, poista lelut ja s\u00e4ilyt\u00e4 ne kissasi ulottumattomissa. &#8211; Aseta raapimispuu pakkauksesta purkamisen j\u00e4lkeen hyvin ilmastoituun paikkaan, jotta mahdolliset hajut poistuvat ja se p\u00e4\u00e4see tuulettumaan.- Tarkista s\u00e4\u00e4nn\u00f6llisesti ruuvien kireys turvallisen k\u00e4yt\u00f6n varmistamiseksi. &#8211; Aseta raapimispuu tasaiselle alustalle sein\u00e4\u00e4 vasten.<\/p>\n","protected":false},"excerpt":{"rendered":"<p>Feandrea Vakaa raapimispuu ruokakuppineen, kissapuu 2 pes\u00e4ll\u00e4 2 kissalle, kissanraapimispuu sisalpuilla, antrasiitti PCT57G<\/p>\n","protected":false},"featured_media":45173,"comment_status":"open","ping_status":"closed","template":"","meta":[],"product_brand":[],"product_cat":[32],"product_tag":[],"class_list":{"0":"post-37274","1":"product","2":"type-product","3":"status-publish","4":"has-post-thumbnail","6":"product_cat-uncategorized-fi","8":"first","9":"instock","10":"shipping-taxable","11":"purchasable","12":"product-type-simple"},"_links":{"self":[{"href":"https:\/\/nordicmart.andreevmaster.com\/fi\/wp-json\/wp\/v2\/product\/37274","targetHints":{"allow":["GET"]}}],"collection":[{"href":"https:\/\/nordicmart.andreevmaster.com\/fi\/wp-json\/wp\/v2\/product"}],"about":[{"href":"https:\/\/nordicmart.andreevmaster.com\/fi\/wp-json\/wp\/v2\/types\/product"}],"replies":[{"embeddable":true,"href":"https:\/\/nordicmart.andreevmaster.com\/fi\/wp-json\/wp\/v2\/comments?post=37274"}],"wp:featuredmedia":[{"embeddable":true,"href":"https:\/\/nordicmart.andreevmaster.com\/fi\/wp-json\/wp\/v2\/media\/45173"}],"wp:attachment":[{"href":"https:\/\/nordicmart.andreevmaster.com\/fi\/wp-json\/wp\/v2\/media?parent=37274"}],"wp:term":[{"taxonomy":"product_brand","embeddable":true,"href":"https:\/\/nordicmart.andreevmaster.com\/fi\/wp-json\/wp\/v2\/product_brand?post=37274"},{"taxonomy":"product_cat","embeddable":true,"href":"https:\/\/nordicmart.andreevmaster.com\/fi\/wp-json\/wp\/v2\/product_cat?post=37274"},{"taxonomy":"product_tag","embeddable":true,"href":"https:\/\/nordicmart.andreevmaster.com\/fi\/wp-json\/wp\/v2\/product_tag?post=37274"}],"curies":[{"name":"wp","href":"https:\/\/api.w.org\/{rel}","templated":true}]}}