{"id":37270,"date":"2026-02-27T00:38:16","date_gmt":"2026-02-27T00:38:16","guid":{"rendered":"https:\/\/nordicmart.andreevmaster.com\/product\/feandrea-kissanpuumalli-raapimislavalla\/"},"modified":"2026-02-27T09:55:08","modified_gmt":"2026-02-27T09:55:08","slug":"feandrea-kissanpuumalli-raapimislavalla","status":"publish","type":"product","link":"https:\/\/nordicmart.andreevmaster.com\/fi\/tuote\/feandrea-kissanpuumalli-raapimislavalla\/","title":{"rendered":"Feandrea kissanpuumalli raapimislavalla"},"content":{"rendered":"<p>FEANDREAn luovissa ty\u00f6pajoissa kaksi suloista kissanpentua hyppii ymp\u00e4riins\u00e4, tutkii kaikki raapimispuut henkil\u00f6kohtaisesti ja antaa niist\u00e4 el\u00e4imellisen palautteen. N\u00e4in FEANDREAn suunnittelijat saavat ensik\u00e4den, tai pikemminkin ensik\u00e4p\u00e4l\u00e4n, tietoa siit\u00e4, t\u00e4ytt\u00e4v\u00e4tk\u00f6 tuotteet hemmoteltujen viiksekk\u00e4iden vaatimukset. Kissapuu, jolla on lukuisia etuja Yll\u00e4 oleva kissatorni on l\u00e4p\u00e4issyt kissatestin. Erityisesti kissat pitiv\u00e4t mukavasta ja kauniista k\u00e4tk\u00f6paikasta sek\u00e4 rampista ja raapimalaudasta. Mutta my\u00f6s sisalilla ja pehmolelulla p\u00e4\u00e4llystetyt puunrungot, porrastetut, mukavat tasanteet ja makuualusta olivat eritt\u00e4in suosittuja.Olipa sinulla nuori kissanpentu tai vanha kissa, t\u00e4m\u00e4 48 x 48 x 96 cm (P x L x K) kokoinen kissatorni tarjoaa kodin jokaiselle kotikissalle. Mik\u00e4 osa raapimispuustamme on kissasi suosikki? Luuletko, ett\u00e4 se ei voi lopettaa kynsien teroittamista raapimispuuhun? Tuotetiedot: &#8211; V\u00e4ri: beige &#8211; Materiaali: lastulevy, pahvi, pehmolelu, sisali &#8211; Koko: 48 x 48 x 96 cm (P x L x K) &#8211; Paino: 11,6 kg Toimitus sis\u00e4lt\u00e4\u00e4: &#8211; 1 x raapimispuu &#8211; 1 x ohjeet (DE, EN, FR, ES, IT)<\/p>\n","protected":false},"excerpt":{"rendered":"<p>Feandrea raapimispuu, kissapuu, kiipeilytorni kissoille, pehmopes\u00e4, raapimislauta, vaaleanharmaa PCT51W<\/p>\n","protected":false},"featured_media":0,"comment_status":"open","ping_status":"closed","template":"","meta":[],"product_brand":[],"product_cat":[32],"product_tag":[],"class_list":{"0":"post-37270","1":"product","2":"type-product","3":"status-publish","5":"product_cat-uncategorized-fi","7":"first","8":"instock","9":"shipping-taxable","10":"purchasable","11":"product-type-simple"},"_links":{"self":[{"href":"https:\/\/nordicmart.andreevmaster.com\/fi\/wp-json\/wp\/v2\/product\/37270","targetHints":{"allow":["GET"]}}],"collection":[{"href":"https:\/\/nordicmart.andreevmaster.com\/fi\/wp-json\/wp\/v2\/product"}],"about":[{"href":"https:\/\/nordicmart.andreevmaster.com\/fi\/wp-json\/wp\/v2\/types\/product"}],"replies":[{"embeddable":true,"href":"https:\/\/nordicmart.andreevmaster.com\/fi\/wp-json\/wp\/v2\/comments?post=37270"}],"wp:attachment":[{"href":"https:\/\/nordicmart.andreevmaster.com\/fi\/wp-json\/wp\/v2\/media?parent=37270"}],"wp:term":[{"taxonomy":"product_brand","embeddable":true,"href":"https:\/\/nordicmart.andreevmaster.com\/fi\/wp-json\/wp\/v2\/product_brand?post=37270"},{"taxonomy":"product_cat","embeddable":true,"href":"https:\/\/nordicmart.andreevmaster.com\/fi\/wp-json\/wp\/v2\/product_cat?post=37270"},{"taxonomy":"product_tag","embeddable":true,"href":"https:\/\/nordicmart.andreevmaster.com\/fi\/wp-json\/wp\/v2\/product_tag?post=37270"}],"curies":[{"name":"wp","href":"https:\/\/api.w.org\/{rel}","templated":true}]}}