{"id":37268,"date":"2026-02-27T00:38:15","date_gmt":"2026-02-27T00:38:15","guid":{"rendered":"https:\/\/nordicmart.andreevmaster.com\/product\/feandrea-raapimispuu-luolalla-134-cm-savuharmaa\/"},"modified":"2026-02-27T09:55:07","modified_gmt":"2026-02-27T09:55:07","slug":"feandrea-raapimispuu-luolalla-134-cm-savuharmaa","status":"publish","type":"product","link":"https:\/\/nordicmart.andreevmaster.com\/fi\/tuote\/feandrea-raapimispuu-luolalla-134-cm-savuharmaa\/","title":{"rendered":"Feandrea raapimispuu luolalla 134 cm savuharmaa"},"content":{"rendered":"<p>Huomautukset: &#8211; Hiiret ja pallot ovat vain koriste-osia, joten on normaalia, ett\u00e4 kissat repiv\u00e4t ne irti. &#8211; Tuote saattaa tuoksua &#8221;uudelta&#8221; avattaessa. Tuoksu h\u00e4vi\u00e4\u00e4 kuitenkin muutaman p\u00e4iv\u00e4n kuluttua, kun koottu raapimispuu asetetaan tuuletettuun tilaan. &#8211; Kirist\u00e4 kaikkien osien ruuvit uudelleen 2\u20133 p\u00e4iv\u00e4\u00e4 kokoonpanon j\u00e4lkeen. &#8211; On suositeltavaa asettaa raapimispuu sein\u00e4\u00e4 vasten tai nurkkaan, jotta se ei ole ep\u00e4vakaa ja heilua, kun painavat kissat kiipe\u00e4v\u00e4t siin\u00e4. &#8211; Kantavuus: 2 kissaa (kukin kissa \u2264 7 kg) &#8211; Jos kissasi alkaa pureskella pehmopalloa tai haluaa sy\u00f6d\u00e4 sen ja kuminauhan, poista lelu ja s\u00e4ilyt\u00e4 se kissasi ulottumattomissa. Tuotetiedot:- V\u00e4ri: savuharmaa &#8211; Kokonaiskorkeus: noin 134 cm &#8211; Pohjalevyn mitat: noin 60 x 36 cm &#8211; Luolan mitat: noin 30 x 28 x 30 cm (L x K x S) &#8211; Laakson halkaisija: noin 30 cm &#8211; Sisalpuun halkaisija: noin 7,1 cm &#8211; Materiaali: lastulevy + pehmuste + sisali + metallirunko &#8211; Paino: noin 10,8 kg Toimitus sis\u00e4lt\u00e4\u00e4: &#8211; 1 x raapimispuu &#8211; 1 x ohjeet<\/p>\n","protected":false},"excerpt":{"rendered":"<p>Feandrea kiipeilypuu raapimispuu makuualustalla luola leikkisisal 134 cm PCT35G<\/p>\n","protected":false},"featured_media":45170,"comment_status":"open","ping_status":"closed","template":"","meta":[],"product_brand":[],"product_cat":[32],"product_tag":[],"class_list":{"0":"post-37268","1":"product","2":"type-product","3":"status-publish","4":"has-post-thumbnail","6":"product_cat-uncategorized-fi","8":"first","9":"instock","10":"shipping-taxable","11":"purchasable","12":"product-type-simple"},"_links":{"self":[{"href":"https:\/\/nordicmart.andreevmaster.com\/fi\/wp-json\/wp\/v2\/product\/37268","targetHints":{"allow":["GET"]}}],"collection":[{"href":"https:\/\/nordicmart.andreevmaster.com\/fi\/wp-json\/wp\/v2\/product"}],"about":[{"href":"https:\/\/nordicmart.andreevmaster.com\/fi\/wp-json\/wp\/v2\/types\/product"}],"replies":[{"embeddable":true,"href":"https:\/\/nordicmart.andreevmaster.com\/fi\/wp-json\/wp\/v2\/comments?post=37268"}],"wp:featuredmedia":[{"embeddable":true,"href":"https:\/\/nordicmart.andreevmaster.com\/fi\/wp-json\/wp\/v2\/media\/45170"}],"wp:attachment":[{"href":"https:\/\/nordicmart.andreevmaster.com\/fi\/wp-json\/wp\/v2\/media?parent=37268"}],"wp:term":[{"taxonomy":"product_brand","embeddable":true,"href":"https:\/\/nordicmart.andreevmaster.com\/fi\/wp-json\/wp\/v2\/product_brand?post=37268"},{"taxonomy":"product_cat","embeddable":true,"href":"https:\/\/nordicmart.andreevmaster.com\/fi\/wp-json\/wp\/v2\/product_cat?post=37268"},{"taxonomy":"product_tag","embeddable":true,"href":"https:\/\/nordicmart.andreevmaster.com\/fi\/wp-json\/wp\/v2\/product_tag?post=37268"}],"curies":[{"name":"wp","href":"https:\/\/api.w.org\/{rel}","templated":true}]}}